{"id":24887,"date":"2024-03-25T19:11:21","date_gmt":"2024-03-25T18:11:21","guid":{"rendered":"https:\/\/swisssoftware24.ch\/?post_type=product&#038;p=24887"},"modified":"2025-11-30T00:17:25","modified_gmt":"2025-11-29T23:17:25","slug":"ashampoo-photo-optimizer-10","status":"publish","type":"product","link":"https:\/\/swisssoftware24.ch\/fr\/products\/ashampoo-photo-optimizer-10\/","title":{"rendered":"Ashampoo Photo Optimizer 10"},"content":{"rendered":"<p data-start=\"0\" data-end=\"236\">Ashampoo Photo Optimizer 10 apporte ordre et \u00e9clat \u00e0 toute phototh\u00e8que: l\u2019optimisation en un clic am\u00e9liore automatiquement couleur, contraste et balance des blancs\u2014parfaite quand il faut aller vite.<\/p>\n<p data-start=\"238\" data-end=\"440\">Pour les prises de vue exigeantes, des outils comme supprimer le bruit d\u2019image, correction de perspective et prise en charge des LUT sont \u00e0 disposition. Vous fa\u00e7onnez ainsi le rendu sans longue courbe d\u2019apprentissage.<\/p>\n<p data-start=\"442\" data-end=\"627\">Gr\u00e2ce au traitement par lots, vous optimisez des s\u00e9ries enti\u00e8res d\u2019un seul geste. L\u2019interface intuitive vous guide jusqu\u2019au r\u00e9sultat\u2014de l\u2019album de vacances aux photos produit pour le web et les r\u00e9seaux.<\/p>\n<p data-start=\"442\" data-end=\"627\"><strong>Vous trouverez plus d'informations sur ce produit\u00a0<a href=\"https:\/\/swisssoftware24.ch\/fr\/ashampoo-photo-optimizer-10-schnell-zu-starken-fotos\/\">ici<\/a>.<\/strong><\/p>\n<h3>Ashampoo Photo Optimizer 10 \u2013 configuration syst\u00e8me requise<\/h3>\n<ul>\n<li><strong class=\"font-semibold tracking-tight\">Syst\u00e8me d'exploitation: <\/strong>Windows 10, 11 (x64)<\/li>\n<li><strong class=\"font-semibold tracking-tight\">Configuration requise: <\/strong>Tout appareil prenant en charge les syst\u00e8mes d'exploitation mentionn\u00e9s ci-dessus<\/li>\n<li><strong class=\"font-semibold tracking-tight\">Autres: <\/strong>Microsoft Visual C++ 2015 x64 Redistributable. Une connexion Internet est requise pour activer le programme. La licence du programme est v\u00e9rifi\u00e9e r\u00e9guli\u00e8rement.<\/li>\n<\/ul>","protected":false},"excerpt":{"rendered":"<p class=\"translation-block\">Ashampoo Photo Optimizer 10 est un logiciel avanc\u00e9 de retouche photo qui permet une am\u00e9lioration simple et efficace des images. Gr\u00e2ce \u00e0 cet outil, les utilisateurs peuvent am\u00e9liorer consid\u00e9rablement la qualit\u00e9 de leurs photos gr\u00e2ce \u00e0 la fonction d'optimisation en un clic, qui ajuste automatiquement divers aspects des images pour obtenir les meilleurs r\u00e9sultats.<\/p>\n<p class=\"translation-block\">En achetant ce produit, vous obtenez une licence \u00e0 vie sous forme de cl\u00e9 \u00e9lectronique, vous permettant d'utiliser ce programme de retouche photo sur un appareil. Cette version est sp\u00e9cialement con\u00e7ue pour les ordinateurs fonctionnant sous Windows. Le logiciel est disponible en plusieurs langues.<\/p>","protected":false},"featured_media":25460,"template":"","meta":{"_seopress_robots_primary_cat":"none","_seopress_titles_title":"Ashampoo Photo Optimizer 10 | SwissSoftware24","_seopress_titles_desc":"Ashampoo Photo Optimizer 10: Optimieren Sie Ihre Fotos mit einem Klick. Verbessern Sie Farben, Kontrast und Helligkeit. Jetzt bei SwissSoftware24 erh\u00e4ltlich.","_seopress_robots_index":""},"product_brand":[],"product_cat":[65,97,82,83],"product_tag":[],"class_list":{"0":"post-24887","1":"product","2":"type-product","3":"status-publish","4":"has-post-thumbnail","6":"product_cat-fur-unternehmen","7":"product_cat-grafik-design","8":"product_cat-video-grafik","9":"product_cat-video-grafik-andere","11":"first","12":"onbackorder","13":"virtual","14":"taxable","15":"purchasable","16":"product-type-simple"},"_links":{"self":[{"href":"https:\/\/swisssoftware24.ch\/fr\/wp-json\/wp\/v2\/product\/24887","targetHints":{"allow":["GET"]}}],"collection":[{"href":"https:\/\/swisssoftware24.ch\/fr\/wp-json\/wp\/v2\/product"}],"about":[{"href":"https:\/\/swisssoftware24.ch\/fr\/wp-json\/wp\/v2\/types\/product"}],"wp:featuredmedia":[{"embeddable":true,"href":"https:\/\/swisssoftware24.ch\/fr\/wp-json\/wp\/v2\/media\/25460"}],"wp:attachment":[{"href":"https:\/\/swisssoftware24.ch\/fr\/wp-json\/wp\/v2\/media?parent=24887"}],"wp:term":[{"taxonomy":"product_brand","embeddable":true,"href":"https:\/\/swisssoftware24.ch\/fr\/wp-json\/wp\/v2\/product_brand?post=24887"},{"taxonomy":"product_cat","embeddable":true,"href":"https:\/\/swisssoftware24.ch\/fr\/wp-json\/wp\/v2\/product_cat?post=24887"},{"taxonomy":"product_tag","embeddable":true,"href":"https:\/\/swisssoftware24.ch\/fr\/wp-json\/wp\/v2\/product_tag?post=24887"}],"curies":[{"name":"wp","href":"https:\/\/api.w.org\/{rel}","templated":true}]}}