{"id":24891,"date":"2024-03-25T19:17:07","date_gmt":"2024-03-25T18:17:07","guid":{"rendered":"https:\/\/swisssoftware24.ch\/?post_type=product&#038;p=24891"},"modified":"2025-11-30T00:17:25","modified_gmt":"2025-11-29T23:17:25","slug":"ashampoo-privacy-inspector","status":"publish","type":"product","link":"https:\/\/swisssoftware24.ch\/fr\/products\/ashampoo-privacy-inspector\/","title":{"rendered":"Ashampoo Privacy Inspector"},"content":{"rendered":"<p data-start=\"0\" data-end=\"295\">Ashampoo Privacy Inspector affiche une frise chronologique indiquant chaque fichier ouvert, site visit\u00e9 et terme recherch\u00e9, collect\u00e9s sur Chrome, Edge, Firefox et l\u2019ensemble des comptes Windows.<\/p>\n<p data-start=\"297\" data-end=\"492\">En quelques clics, vous d\u00e9sactivez la t\u00e9l\u00e9m\u00e9trie, les services de localisation et de diagnostic de Windows, tout en contr\u00f4lant quelles applications peuvent acc\u00e9der \u00e0 la cam\u00e9ra, au micro ou au Bluetooth.<\/p>\n<p data-start=\"494\" data-end=\"730\">Un outil de r\u00e9cup\u00e9ration int\u00e9gr\u00e9 restaure les documents supprim\u00e9s par erreur, tandis qu\u2019un module d\u2019effacement s\u00e9curis\u00e9 supprime d\u00e9finitivement les traces s\u00e9lectionn\u00e9es.<\/p>\n<p data-start=\"494\" data-end=\"730\"><strong>Vous trouverez plus d'informations sur ce produit\u00a0<a href=\"https:\/\/swisssoftware24.ch\/fr\/ashampoo-privacy-inspector-kontrolle-ueber-alles-was-windows-ueber-sie-weiss\/\">ici<\/a>.<\/strong><\/p>\n<h3>Ashampoo Privacy Inspector \u2013 configuration syst\u00e8me requise<\/h3>\n<ul>\n<li><strong class=\"font-semibold tracking-tight\">Syst\u00e8me d'exploitation <\/strong>Windows 7, 10, 11 (x64)<\/li>\n<li><strong class=\"font-semibold tracking-tight\">Unterst\u00fctzte Browser: <\/strong>Mozilla Firefox, Google Chrome, Microsoft Edge Chromium<\/li>\n<li><strong class=\"font-semibold tracking-tight\">Configuration requise: <\/strong>Tout appareil prenant en charge les syst\u00e8mes d'exploitation mentionn\u00e9s ci-dessus<\/li>\n<li><strong class=\"font-semibold tracking-tight\">Autres: <\/strong>R\u00e9solution d'\u00e9cran 1280\u00d7768 (recommand\u00e9 : 1920\u00d71080)\nDes droits d'administration sont n\u00e9cessaires pour installer et utiliser le programme\nUne connexion Internet est requise pour activer le programme\nLa licence du programme est v\u00e9rifi\u00e9e r\u00e9guli\u00e8rement<\/li>\n<\/ul>","protected":false},"excerpt":{"rendered":"<p class=\"translation-block\">Ashampoo Privacy Inspector est un outil avanc\u00e9 de protection de la vie priv\u00e9e con\u00e7u pour les ordinateurs sous Windows. Ce programme permet d\u2019avoir un aper\u00e7u d\u00e9taill\u00e9 des activit\u00e9s des utilisateurs et de g\u00e9rer les donn\u00e9es enregistr\u00e9es par le syst\u00e8me, essentiel pour la gestion de la confidentialit\u00e9 sous Windows.<\/p>\n<p class=\"translation-block\">En achetant ce produit, vous obtenez une licence \u00e0 vie sous forme de cl\u00e9 \u00e9lectronique, vous permettant d\u2019utiliser cet outil de contr\u00f4le de la confidentialit\u00e9 sur un appareil. Cette version est sp\u00e9cialement con\u00e7ue pour les ordinateurs fonctionnant sous Windows. Le logiciel est disponible en plusieurs langues.<\/p>","protected":false},"featured_media":25461,"template":"","meta":{"_seopress_robots_primary_cat":"none","_seopress_titles_title":"Ashampoo Privacy Inspector | Datensicherheit | SwissSoftware24","_seopress_titles_desc":"Ashampoo Privacy Inspector: \u00dcberwachen Sie Ihre digitalen Spuren, sch\u00fctzen Ihre Privatsph\u00e4re. Erkennen und entfernen Sie Datenlecks. Jetzt bei SwissSoftware24.","_seopress_robots_index":""},"product_brand":[],"product_cat":[63,93,79,65,94],"product_tag":[],"class_list":{"0":"post-24891","1":"product","2":"type-product","3":"status-publish","4":"has-post-thumbnail","6":"product_cat-antivirus-security","7":"product_cat-antivirus","8":"product_cat-sicherheit-fur-firmen","9":"product_cat-fur-unternehmen","10":"product_cat-antivirus-security-fur-unternehmen","12":"first","13":"onbackorder","14":"virtual","15":"taxable","16":"purchasable","17":"product-type-simple"},"_links":{"self":[{"href":"https:\/\/swisssoftware24.ch\/fr\/wp-json\/wp\/v2\/product\/24891","targetHints":{"allow":["GET"]}}],"collection":[{"href":"https:\/\/swisssoftware24.ch\/fr\/wp-json\/wp\/v2\/product"}],"about":[{"href":"https:\/\/swisssoftware24.ch\/fr\/wp-json\/wp\/v2\/types\/product"}],"wp:featuredmedia":[{"embeddable":true,"href":"https:\/\/swisssoftware24.ch\/fr\/wp-json\/wp\/v2\/media\/25461"}],"wp:attachment":[{"href":"https:\/\/swisssoftware24.ch\/fr\/wp-json\/wp\/v2\/media?parent=24891"}],"wp:term":[{"taxonomy":"product_brand","embeddable":true,"href":"https:\/\/swisssoftware24.ch\/fr\/wp-json\/wp\/v2\/product_brand?post=24891"},{"taxonomy":"product_cat","embeddable":true,"href":"https:\/\/swisssoftware24.ch\/fr\/wp-json\/wp\/v2\/product_cat?post=24891"},{"taxonomy":"product_tag","embeddable":true,"href":"https:\/\/swisssoftware24.ch\/fr\/wp-json\/wp\/v2\/product_tag?post=24891"}],"curies":[{"name":"wp","href":"https:\/\/api.w.org\/{rel}","templated":true}]}}