{"id":24895,"date":"2024-03-25T19:26:11","date_gmt":"2024-03-25T18:26:11","guid":{"rendered":"https:\/\/swisssoftware24.ch\/?post_type=product&#038;p=24895"},"modified":"2025-11-30T00:17:25","modified_gmt":"2025-11-29T23:17:25","slug":"ashampoo-soundstage-pro","status":"publish","type":"product","link":"https:\/\/swisssoftware24.ch\/fr\/products\/ashampoo-soundstage-pro\/","title":{"rendered":"Ashampoo Soundstage Pro"},"content":{"rendered":"<p class=\"\" data-start=\"165\" data-end=\"578\">Ashampoo Soundstage Pro transforme vos \u00e9couteurs ordinaires en une exp\u00e9rience sonore surround impressionnante. En utilisant la technologie HRTF avanc\u00e9e, le logiciel simule la fa\u00e7on dont le son provenant de diff\u00e9rentes directions atteint l'oreille humaine, cr\u00e9ant ainsi une sc\u00e8ne sonore r\u00e9aliste. L'utilisateur se sent immerg\u00e9 dans l'exp\u00e9rience audio \u2013 qu'il \u00e9coute de la musique, regarde des films ou joue \u00e0 des jeux.<\/p>\n<p class=\"\" data-start=\"580\" data-end=\"964\">La prise en charge des formats audio tels que 5.1, 6.1 et 7.1, ainsi que dix emplacements sonores virtuels s\u00e9lectionnables, offre une flexibilit\u00e9 maximale. Que ce soit de la musique classique ou des jeux d'action, Ashampoo Soundstage Pro s'adapte \u00e0 toutes les applications gr\u00e2ce \u00e0 divers pr\u00e9r\u00e9glages. Le mode \u00e0 faible latence est sp\u00e9cialement con\u00e7u pour les joueurs afin de r\u00e9agir sans d\u00e9lai m\u00eame dans les sc\u00e8nes rapides.<\/p>\n<p class=\"\" data-start=\"966\" data-end=\"1350\">Le logiciel est compatible avec tous les \u00e9couteurs courants et am\u00e9liore \u00e9galement la lecture st\u00e9r\u00e9o classique. Ainsi, m\u00eame les mod\u00e8les simples b\u00e9n\u00e9ficient d'une qualit\u00e9 sonore qui n'est autrement offerte que par des syst\u00e8mes hi-fi co\u00fbteux. Ashampoo Soundstage Pro est donc une solution rentable pour tous ceux qui cherchent \u00e0 porter leur exp\u00e9rience audio \u00e0 un nouveau niveau \u2013 sans mat\u00e9riel suppl\u00e9mentaire.<\/p>\n<p data-start=\"966\" data-end=\"1350\"><strong>Vous trouverez plus d'informations sur ce produit\u00a0<a href=\"https:\/\/swisssoftware24.ch\/fr\/ashampoo-soundstage-pro-virtueller-raumklang-fuer-alle-kopfhoerer\/\">ici<\/a>.<\/strong><\/p>\n<h3>Ashampoo Soundstage Pro \u2013 configuration syst\u00e8me requise<\/h3>\n<p><strong class=\"font-semibold tracking-tight\">Syst\u00e8me d'exploitation <\/strong>Windows 7, 8, 10, 11<\/p>\n<p><strong class=\"font-semibold tracking-tight\">Configuration requise: <\/strong>Tout appareil prenant en charge les syst\u00e8mes d'exploitation mentionn\u00e9s ci-dessus<\/p>\n<p><strong class=\"font-semibold tracking-tight\">Autres: <\/strong>Des droits d'administration sont n\u00e9cessaires pour installer et utiliser le programme.\nUne connexion Internet est requise pour activer le programme.\nLa licence du programme est v\u00e9rifi\u00e9e r\u00e9guli\u00e8rement.<\/p>","protected":false},"excerpt":{"rendered":"<div class=\"flex-shrink-0 flex flex-col relative items-end\">\n<div>\n<div class=\"pt-0.5\">\n<div class=\"gizmo-shadow-stroke flex h-6 w-6 items-center justify-center overflow-hidden rounded-full\">\n<div class=\"h-6 w-6\"><\/div>\n<\/div>\n<\/div>\n<\/div>\n<\/div>\n<div class=\"relative flex w-full flex-col agent-turn\">\n<div class=\"flex-col gap-1 md:gap-3\">\n<div class=\"flex flex-grow flex-col max-w-full\">\n<div class=\"min-h-[20px] text-message flex flex-col items-start gap-3 whitespace-pre-wrap break-words [.text-message+&amp;]:mt-5 overflow-x-auto\" data-message-author-role=\"assistant\" data-message-id=\"0ff03c18-876c-4b79-b30f-c9809e26eff9\">\n<div class=\"markdown prose w-full break-words dark:prose-invert dark\">\n<p class=\"translation-block\">Ashampoo Soundstage Pro est un logiciel r\u00e9volutionnaire qui transforme des \u00e9couteurs ordinaires en un syst\u00e8me audio spatial avanc\u00e9 gr\u00e2ce au son Surround virtuel, offrant ainsi aux utilisateurs de PC une qualit\u00e9 sonore exceptionnelle sans avoir \u00e0 investir dans des syst\u00e8mes audio co\u00fbteux.<\/p>\n<p class=\"translation-block\">En achetant ce produit, vous obtenez une licence \u00e0 vie sous forme de cl\u00e9 \u00e9lectronique, vous donnant le droit d'utiliser cet amplificateur audio pour PC sur un appareil. Il s'agit d'une version con\u00e7ue pour les ordinateurs Windows. Le logiciel est disponible en plusieurs langues.<\/p>\n<\/div>\n<\/div>\n<\/div>\n<\/div>\n<\/div>","protected":false},"featured_media":25462,"template":"","meta":{"_seopress_robots_primary_cat":"none","_seopress_titles_title":"Ashampoo Soundstage Pro | SwissSoftware24","_seopress_titles_desc":"Ashampoo Soundstage Pro: Erleben Sie virtuellen Surround-Sound auf Ihrem PC. Optimieren Sie Ihr Audioerlebnis f\u00fcr Spiele und Filme. Jetzt bei SwissSoftware24.","_seopress_robots_index":""},"product_brand":[],"product_cat":[131,83],"product_tag":[],"class_list":{"0":"post-24895","1":"product","2":"type-product","3":"status-publish","4":"has-post-thumbnail","6":"product_cat-andere","7":"product_cat-video-grafik-andere","9":"first","10":"onbackorder","11":"virtual","12":"taxable","13":"purchasable","14":"product-type-simple"},"_links":{"self":[{"href":"https:\/\/swisssoftware24.ch\/fr\/wp-json\/wp\/v2\/product\/24895","targetHints":{"allow":["GET"]}}],"collection":[{"href":"https:\/\/swisssoftware24.ch\/fr\/wp-json\/wp\/v2\/product"}],"about":[{"href":"https:\/\/swisssoftware24.ch\/fr\/wp-json\/wp\/v2\/types\/product"}],"wp:featuredmedia":[{"embeddable":true,"href":"https:\/\/swisssoftware24.ch\/fr\/wp-json\/wp\/v2\/media\/25462"}],"wp:attachment":[{"href":"https:\/\/swisssoftware24.ch\/fr\/wp-json\/wp\/v2\/media?parent=24895"}],"wp:term":[{"taxonomy":"product_brand","embeddable":true,"href":"https:\/\/swisssoftware24.ch\/fr\/wp-json\/wp\/v2\/product_brand?post=24895"},{"taxonomy":"product_cat","embeddable":true,"href":"https:\/\/swisssoftware24.ch\/fr\/wp-json\/wp\/v2\/product_cat?post=24895"},{"taxonomy":"product_tag","embeddable":true,"href":"https:\/\/swisssoftware24.ch\/fr\/wp-json\/wp\/v2\/product_tag?post=24895"}],"curies":[{"name":"wp","href":"https:\/\/api.w.org\/{rel}","templated":true}]}}