{"id":24900,"date":"2024-03-25T19:32:51","date_gmt":"2024-03-25T18:32:51","guid":{"rendered":"https:\/\/swisssoftware24.ch\/?post_type=product&#038;p=24900"},"modified":"2025-11-30T00:17:25","modified_gmt":"2025-11-29T23:17:25","slug":"ashampoo-uninstaller-14","status":"publish","type":"product","link":"https:\/\/swisssoftware24.ch\/fr\/products\/ashampoo-uninstaller-14\/","title":{"rendered":"Ashampoo UnInstaller 14"},"content":{"rendered":"<div class=\"flex-1 overflow-hidden\">\n<div class=\"react-scroll-to-bottom--css-qpwgn-79elbk h-full\">\n<div class=\"react-scroll-to-bottom--css-qpwgn-1n7m0yu\">\n<div class=\"flex flex-col text-sm pb-9\">\n<div class=\"w-full text-token-text-primary\" data-testid=\"conversation-turn-21\">\n<div class=\"px-4 py-2 justify-center text-base md:gap-6 m-auto\">\n<div class=\"flex flex-1 text-base mx-auto gap-3 md:px-5 lg:px-1 xl:px-5 md:max-w-3xl lg:max-w-[40rem] xl:max-w-[48rem] group final-completion\">\n<div class=\"relative flex w-full flex-col agent-turn\">\n<div class=\"flex-col gap-1 md:gap-3\">\n<div class=\"flex flex-grow flex-col max-w-full\">\n<div class=\"min-h-[20px] text-message flex flex-col items-start gap-3 whitespace-pre-wrap break-words [.text-message+&amp;]:mt-5 overflow-x-auto\" data-message-author-role=\"assistant\" data-message-id=\"9a9900da-ac5c-4a34-bc93-53dca276d6a4\">\n<div class=\"markdown prose w-full break-words dark:prose-invert dark\">\n<p class=\"\" data-start=\"333\" data-end=\"696\">Ashampoo UnInstaller 14 offre une solution compl\u00e8te pour la suppression s\u00fbre et compl\u00e8te des programmes ind\u00e9sirables. La technologie de capture instantan\u00e9e avanc\u00e9e enregistre chaque modification pendant une installation, garantissant qu'aucun r\u00e9sidu ne subsiste ult\u00e9rieurement. Gr\u00e2ce \u00e0 la d\u00e9sinstallation en cinq \u00e9tapes, m\u00eame les traces profond\u00e9ment cach\u00e9es dans le syst\u00e8me sont supprim\u00e9es.<\/p>\n<p class=\"\" data-start=\"698\" data-end=\"1039\">Particuli\u00e8rement pratique est la possibilit\u00e9 de d\u00e9placer les programmes install\u00e9s vers d'autres lecteurs \u2013 id\u00e9al en cas d'espace de stockage limit\u00e9. Le logiciel d\u00e9tecte automatiquement les installations et offre des fonctions de nettoyage intelligentes, y compris un nettoyage approfondi du registre Windows. Cela permet de gagner du temps et d'\u00e9viter les interventions manuelles.<\/p>\n<p class=\"\" data-start=\"1041\" data-end=\"1357\">En plus d'une interface utilisateur consid\u00e9rablement am\u00e9lior\u00e9e, Ashampoo UnInstaller 14 offre des fonctions de maintenance syst\u00e8me suppl\u00e9mentaires. Celles-ci incluent des nettoyeurs d'Internet et de disque dur avec des listes blanches, des filtres de fichiers et d'autres optimisations. Le programme prend en charge toutes les versions modernes de Windows et est disponible dans de nombreuses langues.<\/p>\n<p data-start=\"1041\" data-end=\"1357\"><strong>Vous trouverez plus d'informations sur ce produit\u00a0<a href=\"https:\/\/swisssoftware24.ch\/fr\/ashampoo-uninstaller-14-saubere-deinstallation-auf-einem-neuen-level\/\">ici<\/a>.<\/strong><\/p>\n<\/div>\n<\/div>\n<\/div>\n<\/div>\n<\/div>\n<\/div>\n<\/div>\n<\/div>\n<\/div>\n<\/div>\n<\/div>\n<\/div>\n<div class=\"w-full pt-2 md:pt-0 dark:border-white\/20 md:border-transparent md:dark:border-transparent md:w-[calc(100%-.5rem)]\">\n<h3 class=\"flex w-full items-center\">Ashampoo UnInstaller 14 \u2013 configuration syst\u00e8me requise<\/h3>\n<ul>\n<li><strong class=\"font-semibold tracking-tight\">Syst\u00e8me d'exploitation <\/strong>Windows 7, 8, 10, 11<\/li>\n<li><strong class=\"font-semibold tracking-tight\">Configuration requise: <\/strong>Tout appareil prenant en charge les syst\u00e8mes d'exploitation mentionn\u00e9s ci-dessus<\/li>\n<li><strong class=\"font-semibold tracking-tight\">Autres:<\/strong>Une connexion Internet est requise pour activer le programme. La licence du programme est r\u00e9guli\u00e8rement v\u00e9rifi\u00e9e. Des droits d'administration sont n\u00e9cessaires pour installer et utiliser le programme.<\/li>\n<\/ul>\n<\/div>","protected":false},"excerpt":{"rendered":"<p class=\"translation-block\">Ashampoo UnInstaller 14 est un outil avanc\u00e9 de d\u00e9sinstallation de logiciels, con\u00e7u pour supprimer sans effort les logiciels, barres d'outils et plugins du syst\u00e8me Microsoft Windows. Il vous permet d'installer, tester et d\u00e9sinstaller des applications sans laisser de traces, garantissant ainsi la propret\u00e9 et les performances optimales du syst\u00e8me.<\/p>\n<p class=\"translation-block\">En achetant ce produit, vous obtenez une licence \u00e0 vie sous forme de cl\u00e9 \u00e9lectronique, vous permettant d'utiliser cet outil de d\u00e9sinstallation sur un appareil. Il s'agit d'une version con\u00e7ue pour les ordinateurs Windows. Le logiciel est disponible en plusieurs langues.<\/p>","protected":false},"featured_media":25463,"template":"","meta":{"_seopress_robots_primary_cat":"none","_seopress_titles_title":"Ashampoo UnInstaller 14 | SwissSoftware24","_seopress_titles_desc":"Ashampoo UnInstaller 14 entfernt Programme und ihre R\u00fcckst\u00e4nde vollst\u00e4ndig. Sch\u00fctzen Sie Ihr System und optimieren Sie die Leistung. Jetzt bei SwissSoftware24.","_seopress_robots_index":""},"product_brand":[],"product_cat":[131,65,83],"product_tag":[],"class_list":{"0":"post-24900","1":"product","2":"type-product","3":"status-publish","4":"has-post-thumbnail","6":"product_cat-andere","7":"product_cat-fur-unternehmen","8":"product_cat-video-grafik-andere","10":"first","11":"onbackorder","12":"virtual","13":"taxable","14":"purchasable","15":"product-type-simple"},"_links":{"self":[{"href":"https:\/\/swisssoftware24.ch\/fr\/wp-json\/wp\/v2\/product\/24900","targetHints":{"allow":["GET"]}}],"collection":[{"href":"https:\/\/swisssoftware24.ch\/fr\/wp-json\/wp\/v2\/product"}],"about":[{"href":"https:\/\/swisssoftware24.ch\/fr\/wp-json\/wp\/v2\/types\/product"}],"wp:featuredmedia":[{"embeddable":true,"href":"https:\/\/swisssoftware24.ch\/fr\/wp-json\/wp\/v2\/media\/25463"}],"wp:attachment":[{"href":"https:\/\/swisssoftware24.ch\/fr\/wp-json\/wp\/v2\/media?parent=24900"}],"wp:term":[{"taxonomy":"product_brand","embeddable":true,"href":"https:\/\/swisssoftware24.ch\/fr\/wp-json\/wp\/v2\/product_brand?post=24900"},{"taxonomy":"product_cat","embeddable":true,"href":"https:\/\/swisssoftware24.ch\/fr\/wp-json\/wp\/v2\/product_cat?post=24900"},{"taxonomy":"product_tag","embeddable":true,"href":"https:\/\/swisssoftware24.ch\/fr\/wp-json\/wp\/v2\/product_tag?post=24900"}],"curies":[{"name":"wp","href":"https:\/\/api.w.org\/{rel}","templated":true}]}}