{"id":24904,"date":"2024-03-25T19:45:07","date_gmt":"2024-03-25T18:45:07","guid":{"rendered":"https:\/\/swisssoftware24.ch\/?post_type=product&#038;p=24904"},"modified":"2025-11-30T00:17:25","modified_gmt":"2025-11-29T23:17:25","slug":"ashampoo-video-optimizer-pro-2","status":"publish","type":"product","link":"https:\/\/swisssoftware24.ch\/fr\/products\/ashampoo-video-optimizer-pro-2\/","title":{"rendered":"Ashampoo Video Optimizer Pro 2"},"content":{"rendered":"<p data-start=\"0\" data-end=\"272\">Ashampoo Video Optimizer Pro 2 am\u00e9liore visiblement la qualit\u00e9 vid\u00e9o : couleurs et contrastes optimis\u00e9s, r\u00e9duction du bruit et du scintillement, stabilisation des plans\u2014rapidement et sans workflows compliqu\u00e9s.<\/p>\n<p data-start=\"274\" data-end=\"492\">Avec 20 pr\u00e9r\u00e9glages couleur, slow motion et time-lapse, les looks cr\u00e9atifs se r\u00e9alisent en quelques clics. Des outils complets et la correction de distorsion d\u2019objectif (ex. fish-eye) garantissent des r\u00e9sultats naturels et propres.<\/p>\n<p data-start=\"494\" data-end=\"721\">Large prise en charge des formats jusqu\u2019en 4K, y compris H.265\/HEVC, et acc\u00e9l\u00e9ration mat\u00e9rielle sur cartes NVIDIA pour des exports et conversions rapides. Id\u00e9al pour am\u00e9liorer, couper et partager vos vid\u00e9os.<\/p>\n<p data-start=\"494\" data-end=\"721\"><strong>Vous trouverez plus d'informations sur ce produit\u00a0<a href=\"https:\/\/swisssoftware24.ch\/fr\/ashampoo-video-optimizer-pro-2-qualitaet-die-man-sofort-sieht\/\">ici<\/a>.<\/strong><\/p>\n<h3>Ashampoo Video Optimizer Pro 2 \u2013 configuration syst\u00e8me requise<\/h3>\n<ul>\n<li><strong class=\"font-semibold tracking-tight\">Syst\u00e8me d'exploitation <\/strong>Windows 8, 10, 11 (64-Bit)<\/li>\n<li><strong class=\"font-semibold tracking-tight\">Logiciels:<\/strong>Windows Media Player 10, .NET Framework 4.0<\/li>\n<li><strong class=\"font-semibold tracking-tight\">Processeur: <\/strong>Qualit\u00e9 DVD : Processeur double c\u0153ur d'au moins 2,4 GHz\nQualit\u00e9 HD : Intel Core i5 \/ i7 ou processeur quadric\u0153ur \u00e9quivalent<\/li>\n<li><strong class=\"font-semibold tracking-tight\">M\u00e9moire (RAM): <\/strong>Qualit\u00e9 DVD : minimum 2 Go de RAM libre\nQualit\u00e9 HD : minimum 4 Go de RAM libre\nId\u00e9al : 8 Go de RAM ou plus<\/li>\n<li><strong class=\"font-semibold tracking-tight\">Carte graphique: <\/strong>DirectX 9, Pixelshader v2.0, minimum 128 Mo de RAM, r\u00e9solution minimum de 1280\u00d71024<\/li>\n<li><strong class=\"font-semibold tracking-tight\">Autres: <\/strong>Une connexion Internet est n\u00e9cessaire pour activer le programme. La licence du programme est v\u00e9rifi\u00e9e r\u00e9guli\u00e8rement. Une connexion Internet est requise pour certains services.<\/li>\n<\/ul>","protected":false},"excerpt":{"rendered":"<p class=\"translation-block\">Ashampoo Video Optimizer Pro 2 est un outil avanc\u00e9 d'am\u00e9lioration de la qualit\u00e9 vid\u00e9o, con\u00e7u pour faciliter l'am\u00e9lioration, le recadrage et la stabilisation des enregistrements. Il automatise de nombreuses t\u00e2ches et prend en charge le traitement par lot, permettant aux utilisateurs de stabiliser des vid\u00e9os tremblantes, d'optimiser les couleurs et les contrastes, de rendre les vid\u00e9os plus nettes en un clic, tout en g\u00e9rant des probl\u00e8mes fr\u00e9quents tels que le bruit num\u00e9rique et le scintillement.<\/p>\n<p class=\"translation-block\">En achetant ce produit, vous obtenez une licence \u00e0 vie sous forme de cl\u00e9 \u00e9lectronique, vous permettant d'utiliser cet outil d'am\u00e9lioration de la qualit\u00e9 vid\u00e9o sur un appareil. Cette version est con\u00e7ue pour les ordinateurs Windows. Le logiciel est disponible en plusieurs langues.<\/p>","protected":false},"featured_media":25464,"template":"","meta":{"_seopress_robots_primary_cat":"none","_seopress_titles_title":"Ashampoo Video Optimizer Pro 2 | SwissSoftware24","_seopress_titles_desc":"Ashampoo Video Optimizer Pro 2: Optimieren Sie Ihre Videos mit verbesserten Farben, Stabilisierung, Effekten. Ideal f\u00fcr alle Formate. Jetzt bei SwissSoftware24.","_seopress_robots_index":""},"product_brand":[],"product_cat":[65,82,83,100],"product_tag":[],"class_list":{"0":"post-24904","1":"product","2":"type-product","3":"status-publish","4":"has-post-thumbnail","6":"product_cat-fur-unternehmen","7":"product_cat-video-grafik","8":"product_cat-video-grafik-andere","9":"product_cat-video","11":"first","12":"onbackorder","13":"virtual","14":"taxable","15":"purchasable","16":"product-type-simple"},"_links":{"self":[{"href":"https:\/\/swisssoftware24.ch\/fr\/wp-json\/wp\/v2\/product\/24904","targetHints":{"allow":["GET"]}}],"collection":[{"href":"https:\/\/swisssoftware24.ch\/fr\/wp-json\/wp\/v2\/product"}],"about":[{"href":"https:\/\/swisssoftware24.ch\/fr\/wp-json\/wp\/v2\/types\/product"}],"wp:featuredmedia":[{"embeddable":true,"href":"https:\/\/swisssoftware24.ch\/fr\/wp-json\/wp\/v2\/media\/25464"}],"wp:attachment":[{"href":"https:\/\/swisssoftware24.ch\/fr\/wp-json\/wp\/v2\/media?parent=24904"}],"wp:term":[{"taxonomy":"product_brand","embeddable":true,"href":"https:\/\/swisssoftware24.ch\/fr\/wp-json\/wp\/v2\/product_brand?post=24904"},{"taxonomy":"product_cat","embeddable":true,"href":"https:\/\/swisssoftware24.ch\/fr\/wp-json\/wp\/v2\/product_cat?post=24904"},{"taxonomy":"product_tag","embeddable":true,"href":"https:\/\/swisssoftware24.ch\/fr\/wp-json\/wp\/v2\/product_tag?post=24904"}],"curies":[{"name":"wp","href":"https:\/\/api.w.org\/{rel}","templated":true}]}}