{"id":24911,"date":"2024-03-25T21:02:25","date_gmt":"2024-03-25T20:02:25","guid":{"rendered":"https:\/\/swisssoftware24.ch\/?post_type=product&#038;p=24911"},"modified":"2025-11-30T00:17:25","modified_gmt":"2025-11-29T23:17:25","slug":"ashampoo-webcam-guard","status":"publish","type":"product","link":"https:\/\/swisssoftware24.ch\/fr\/products\/ashampoo-webcam-guard\/","title":{"rendered":"Ashampoo WebCam Guard"},"content":{"rendered":"<p data-start=\"307\" data-end=\"614\">Ashampoo WebCam Guard est la solution id\u00e9ale pour ceux qui souhaitent prot\u00e9ger leur vie priv\u00e9e tout en gardant le contr\u00f4le sur leur webcam et leur microphone. Le logiciel permet d\u2019activer ou de d\u00e9sactiver simplement ces appareils via un interrupteur \u2013 sans comp\u00e9tences techniques n\u00e9cessaires.<\/p>\n<p data-start=\"616\" data-end=\"897\">La surveillance s\u2019effectue en temps r\u00e9el : toute tentative d\u2019acc\u00e8s non autoris\u00e9e est d\u00e9tect\u00e9e et signal\u00e9e imm\u00e9diatement. Cela prot\u00e8ge l\u2019utilisateur contre les attaques de type espionnage et offre un niveau de s\u00e9curit\u00e9 suppl\u00e9mentaire, notamment lors de l\u2019utilisation de r\u00e9seaux publics ou d\u2019appareils partag\u00e9s.<\/p>\n<p data-start=\"899\" data-end=\"1162\">Ashampoo WebCam Guard propose \u00e9galement une fonction de planification pratique. Vous pouvez d\u00e9finir \u00e0 l\u2019avance les plages horaires d\u2019utilisation et configurer le basculement automatique \u2013 id\u00e9al pour celles et ceux qui souhaitent structurer leur routine num\u00e9rique en toute s\u00e9curit\u00e9.<\/p>\n<p data-start=\"899\" data-end=\"1162\"><strong>Vous trouverez plus d'informations sur ce produit\u00a0<a href=\"https:\/\/swisssoftware24.ch\/fr\/ashampoo-webcam-guard-privatsphaere-per-klick-sichern\/\">ici<\/a>.<\/strong><\/p>\n<h3>Ashampoo WebCam Guard \u2013 configuration syst\u00e8me requise<\/h3>\n<ul>\n<li><strong class=\"font-semibold tracking-tight\">Syst\u00e8me d'exploitation <\/strong>Windows 10, 11<\/li>\n<li><strong class=\"font-semibold tracking-tight\">Configuration requise: <\/strong>Tout appareil prenant en charge les syst\u00e8mes d'exploitation mentionn\u00e9s ci-dessus<\/li>\n<li><strong class=\"font-semibold tracking-tight\">Autres: <\/strong>Es werden Administrationsrechte auf dem System ben\u00f6tigt, um das Programm einsetzen zu k\u00f6nnen.<br \/>\nUne connexion Internet est n\u00e9cessaire pour activer le programme.\nLa licence du programme est v\u00e9rifi\u00e9e r\u00e9guli\u00e8rement.<\/li>\n<\/ul>","protected":false},"excerpt":{"rendered":"<p class=\"translation-block\">Ashampoo WebCam Guard est un logiciel simple \u00e0 utiliser qui prot\u00e8ge la webcam et le microphone contre tout acc\u00e8s non autoris\u00e9. Gr\u00e2ce \u00e0 des commutateurs faciles \u00e0 manipuler, il permet \u00e0 l'utilisateur d'activer ou de d\u00e9sactiver ces appareils d'un simple clic, offrant ainsi un contr\u00f4le total et une protection de la vie priv\u00e9e contre les cyberattaques ou les logiciels malveillants.<\/p>\n<p class=\"translation-block\">En achetant ce produit, vous obtenez une licence \u00e0 vie sous forme de cl\u00e9 \u00e9lectronique, qui vous permet d'utiliser cet outil de protection pour la webcam et le microphone sur dix appareils. Il s'agit d'une version con\u00e7ue pour les ordinateurs fonctionnant sous Windows. Le logiciel est disponible en plusieurs langues.<\/p>","protected":false},"featured_media":25465,"template":"","meta":{"_seopress_robots_primary_cat":"none","_seopress_titles_title":"Ashampoo WebCam Guard | Webcam-Schutz | SwissSoftware24","_seopress_titles_desc":"Ashampoo WebCam Guard: Sch\u00fctzen Sie Ihre Privatsph\u00e4re durch das Deaktivieren von Webcam und Mikrofon. Einfach zu bedienen. Jetzt bei SwissSoftware24 erh\u00e4ltlich.","_seopress_robots_index":""},"product_brand":[],"product_cat":[63,93,79,65,94],"product_tag":[],"class_list":{"0":"post-24911","1":"product","2":"type-product","3":"status-publish","4":"has-post-thumbnail","6":"product_cat-antivirus-security","7":"product_cat-antivirus","8":"product_cat-sicherheit-fur-firmen","9":"product_cat-fur-unternehmen","10":"product_cat-antivirus-security-fur-unternehmen","12":"first","13":"onbackorder","14":"virtual","15":"taxable","16":"purchasable","17":"product-type-simple"},"_links":{"self":[{"href":"https:\/\/swisssoftware24.ch\/fr\/wp-json\/wp\/v2\/product\/24911","targetHints":{"allow":["GET"]}}],"collection":[{"href":"https:\/\/swisssoftware24.ch\/fr\/wp-json\/wp\/v2\/product"}],"about":[{"href":"https:\/\/swisssoftware24.ch\/fr\/wp-json\/wp\/v2\/types\/product"}],"wp:featuredmedia":[{"embeddable":true,"href":"https:\/\/swisssoftware24.ch\/fr\/wp-json\/wp\/v2\/media\/25465"}],"wp:attachment":[{"href":"https:\/\/swisssoftware24.ch\/fr\/wp-json\/wp\/v2\/media?parent=24911"}],"wp:term":[{"taxonomy":"product_brand","embeddable":true,"href":"https:\/\/swisssoftware24.ch\/fr\/wp-json\/wp\/v2\/product_brand?post=24911"},{"taxonomy":"product_cat","embeddable":true,"href":"https:\/\/swisssoftware24.ch\/fr\/wp-json\/wp\/v2\/product_cat?post=24911"},{"taxonomy":"product_tag","embeddable":true,"href":"https:\/\/swisssoftware24.ch\/fr\/wp-json\/wp\/v2\/product_tag?post=24911"}],"curies":[{"name":"wp","href":"https:\/\/api.w.org\/{rel}","templated":true}]}}