{"id":24917,"date":"2024-03-25T21:08:06","date_gmt":"2024-03-25T20:08:06","guid":{"rendered":"https:\/\/swisssoftware24.ch\/?post_type=product&#038;p=24917"},"modified":"2025-11-30T00:17:25","modified_gmt":"2025-11-29T23:17:25","slug":"ashampoo-winoptimizer-26","status":"publish","type":"product","link":"https:\/\/swisssoftware24.ch\/fr\/products\/ashampoo-winoptimizer-26\/","title":{"rendered":"Ashampoo WinOptimizer 26"},"content":{"rendered":"<p data-start=\"0\" data-end=\"355\">Ashampoo WinOptimizer 26 nettoie Windows en profondeur et l\u2019acc\u00e9l\u00e8re sensiblement: <em data-start=\"127\" data-end=\"146\">In-Depth Cleaning<\/em> supprime anciens builds de Windows, sauvegardes de mise \u00e0 jour et statistiques d\u2019usage\u2014avec, en plus, le nettoyage du cache DirectX shader et du cache d\u2019aper\u00e7us de l\u2019Explorateur.<\/p>\n<p data-start=\"357\" data-end=\"635\">Avec Tuning Assistant et One-Click Optimizer, vous optimisez via questions guid\u00e9es ou en un seul passage. Drive Cleaner (filtres de fichiers personnalis\u00e9s) et Internet Cleaner am\u00e9lior\u00e9 offrent des analyses pr\u00e9cises et rapides.<\/p>\n<p data-start=\"637\" data-end=\"889\">S\u2019ajoutent des extras pratiques comme UnInstall Manager 2 (d\u00e9sinstalle aussi les applis Windows), de nouveaux tableaux de bord\/\u00e9cran d\u2019accueil et des notifications dans le Centre de notifications Windows\u2014compatibilit\u00e9 totale Windows 11\/10\/7.<\/p>\n<p><strong>Vous trouverez plus d'informations sur ce produit\u00a0<a href=\"https:\/\/swisssoftware24.ch\/fr\/ashampoo-winoptimizer-26-so-bringst-du-windows-dauerhaft-auf-tempo\/\">ici<\/a>.<\/strong><\/p>\n<h3>Ashampoo WinOptimizer 26 \u2013 configuration syst\u00e8me requise<\/h3>\n<ul>\n<li><strong class=\"font-semibold tracking-tight\">Syst\u00e8me d'exploitation <\/strong>Windows 7, 10, 11.<\/li>\n<li><strong class=\"font-semibold tracking-tight\">Configuration requise: <\/strong>Tout appareil prenant en charge les syst\u00e8mes d'exploitation mentionn\u00e9s ci-dessus<\/li>\n<li><strong class=\"font-semibold tracking-tight\">Autres: <\/strong>R\u00e9solution d'\u00e9cran 1280\u00d7768 (recommand\u00e9 : 1920\u00d71080)\nDes droits d'administration sont n\u00e9cessaires pour installer et utiliser le programme\nUne connexion Internet est requise pour activer le programme\nLa licence du programme est v\u00e9rifi\u00e9e r\u00e9guli\u00e8rement<\/li>\n<\/ul>","protected":false},"excerpt":{"rendered":"<p class=\"translation-block\">Ashampoo WinOptimizer 26 est un outil avanc\u00e9 d'optimisation du syst\u00e8me Windows, con\u00e7u pour am\u00e9liorer ses performances, sa stabilit\u00e9 et sa confidentialit\u00e9. Il propose une large gamme de fonctionnalit\u00e9s pour nettoyer, optimiser et prot\u00e9ger votre ordinateur.<\/p>\n<p class=\"translation-block\">En achetant ce produit, vous obtenez une licence \u00e0 vie sous forme de cl\u00e9 \u00e9lectronique, vous permettant d'utiliser cet outil d'optimisation Windows sur trois appareils. Le logiciel est disponible en plusieurs langues.<\/p>","protected":false},"featured_media":25466,"template":"","meta":{"_seopress_robots_primary_cat":"none","_seopress_titles_title":"Ashampoo WinOptimizer 26 | PC-Optimierung | SwissSoftware24","_seopress_titles_desc":"Ashampoo WinOptimizer 26: Optimieren und reinigen Sie PC f\u00fcr bessere Leistung und mehr Sicherheit. Entfernen Sie unn\u00f6tige Dateien. Jetzt bei SwissSoftware24.","_seopress_robots_index":""},"product_brand":[],"product_cat":[99,83],"product_tag":[],"class_list":{"0":"post-24917","1":"product","2":"type-product","3":"status-publish","4":"has-post-thumbnail","6":"product_cat-pc-tuning","7":"product_cat-video-grafik-andere","9":"first","10":"onbackorder","11":"virtual","12":"taxable","13":"purchasable","14":"product-type-simple"},"_links":{"self":[{"href":"https:\/\/swisssoftware24.ch\/fr\/wp-json\/wp\/v2\/product\/24917","targetHints":{"allow":["GET"]}}],"collection":[{"href":"https:\/\/swisssoftware24.ch\/fr\/wp-json\/wp\/v2\/product"}],"about":[{"href":"https:\/\/swisssoftware24.ch\/fr\/wp-json\/wp\/v2\/types\/product"}],"wp:featuredmedia":[{"embeddable":true,"href":"https:\/\/swisssoftware24.ch\/fr\/wp-json\/wp\/v2\/media\/25466"}],"wp:attachment":[{"href":"https:\/\/swisssoftware24.ch\/fr\/wp-json\/wp\/v2\/media?parent=24917"}],"wp:term":[{"taxonomy":"product_brand","embeddable":true,"href":"https:\/\/swisssoftware24.ch\/fr\/wp-json\/wp\/v2\/product_brand?post=24917"},{"taxonomy":"product_cat","embeddable":true,"href":"https:\/\/swisssoftware24.ch\/fr\/wp-json\/wp\/v2\/product_cat?post=24917"},{"taxonomy":"product_tag","embeddable":true,"href":"https:\/\/swisssoftware24.ch\/fr\/wp-json\/wp\/v2\/product_tag?post=24917"}],"curies":[{"name":"wp","href":"https:\/\/api.w.org\/{rel}","templated":true}]}}