{"id":24921,"date":"2024-03-25T21:17:18","date_gmt":"2024-03-25T20:17:18","guid":{"rendered":"https:\/\/swisssoftware24.ch\/?post_type=product&#038;p=24921"},"modified":"2025-11-30T00:17:25","modified_gmt":"2025-11-29T23:17:25","slug":"ashampoo-zip-pro-4","status":"publish","type":"product","link":"https:\/\/swisssoftware24.ch\/fr\/products\/ashampoo-zip-pro-4\/","title":{"rendered":"Ashampoo ZIP Pro 4"},"content":{"rendered":"<p class=\"\" data-start=\"279\" data-end=\"713\">Ashampoo ZIP Pro 4 est une solution tout-en-un puissante pour toutes les t\u00e2ches li\u00e9es \u00e0 la compression, au cryptage et \u00e0 la gestion de fichiers. Le logiciel prend en charge tous les formats d'archive courants et impressionne par une compression plus rapide, une interface utilisateur moderne et une int\u00e9gration transparente dans Windows 11. L'extraction et la cr\u00e9ation d'archives complexes sont \u00e9galement consid\u00e9rablement facilit\u00e9es gr\u00e2ce \u00e0 l'explorateur de fichiers int\u00e9gr\u00e9.<\/p>\n<p class=\"\" data-start=\"715\" data-end=\"1068\">Particuli\u00e8rement pratique est la prise en charge des services cloud et des serveurs FTP, vous permettant d'acc\u00e9der directement auxStockage en ligne et de travailler avec des archives. Gr\u00e2ce aux modules compl\u00e9mentaires Office, les fichiers ZIP peuvent \u00e9galement \u00eatre cr\u00e9\u00e9s et ouverts directement \u00e0 partir de Word, Excel ou Outlook. De plus, il existe une version portable pour une utilisation mobile sans installation.<\/p>\n<p class=\"\" data-start=\"1070\" data-end=\"1399\">Ashampoo ZIP Pro 4 offre \u00e9galement une fonction de sauvegarde et de gravure compl\u00e8te qui prend en charge les lecteurs locaux, r\u00e9seau, cloud ou FTP, ainsi que les supports CD\/DVD\/Blu-ray. Le logiciel est enti\u00e8rement compatible avec les \u00e9crans 4K haute r\u00e9solution et utilise les derni\u00e8res technologies Windows \u2013 id\u00e9al pour les particuliers comme pour les entreprises.<\/p>\n<p data-start=\"1070\" data-end=\"1399\"><strong>Vous trouverez plus d'informations sur ce produit\u00a0<a href=\"https:\/\/swisssoftware24.ch\/fr\/ashampoo-zip-pro-4-komprimieren-sichern-und-verwalten-auf-hoechstem-niveau\/\">ici<\/a>.<\/strong><\/p>\n<h3>Ashampoo ZIP Pro 4 \u2013 configuration syst\u00e8me requise<\/h3>\n<ul>\n<li><strong class=\"font-semibold tracking-tight\">Syst\u00e8me d'exploitation <\/strong>Windows 7, 8, 10, 11.<\/li>\n<li><strong class=\"font-semibold tracking-tight\">Configuration requise: <\/strong>Tout appareil prenant en charge les syst\u00e8mes d'exploitation mentionn\u00e9s ci-dessus<\/li>\n<li><strong class=\"font-semibold tracking-tight\">Autres: <\/strong>Une connexion Internet est requise pour activer le programme. La licence du programme est r\u00e9guli\u00e8rement v\u00e9rifi\u00e9e. Des droits d'administration sont n\u00e9cessaires pour installer et utiliser le programme.<\/li>\n<\/ul>","protected":false},"excerpt":{"rendered":"<p class=\"translation-block\">Ashampoo ZIP Pro 4 est un logiciel complet de compression de donn\u00e9es, offrant des fonctionnalit\u00e9s avanc\u00e9es pour la compression, l'extraction, le chiffrement et la cr\u00e9ation de sauvegardes de fichiers. Il prend en charge plus de 60 types d'archives, ce qui en fait un outil polyvalent pour g\u00e9rer divers formats de fichiers. Parmi ses fonctionnalit\u00e9s cl\u00e9s figurent le moteur ZIP\/ZIPX le plus rapide au monde, la prise en charge compl\u00e8te des processeurs multic\u0153urs, le chiffrement 256 bits pour la s\u00e9curit\u00e9 des archives et la compatibilit\u00e9 totale avec Windows 11.<\/p>\n<p class=\"translation-block\">Avec cet achat, vous obtenez une licence \u00e0 vie sous forme de cl\u00e9 \u00e9lectronique, vous donnant le droit d'utiliser le programme de compression de fichiers ZIP sur un appareil. Il s'agit d'une version con\u00e7ue pour les ordinateurs fonctionnant sous Windows. Le logiciel est disponible en plusieurs langues.<\/p>","protected":false},"featured_media":25467,"template":"","meta":{"_seopress_robots_primary_cat":"none","_seopress_titles_title":"Ashampoo ZIP Pro 4 | Komprimieren | SwissSoftware24","_seopress_titles_desc":"Ashampoo ZIP Pro 4: Komprimieren, verschl\u00fcsseln und entpacken Sie Dateien schnell und sicher. Unterst\u00fctzt alle g\u00e4ngigen Formate. Jetzt bei SwissSoftware24.","_seopress_robots_index":""},"product_brand":[],"product_cat":[131,95,65,77,83],"product_tag":[],"class_list":{"0":"post-24921","1":"product","2":"type-product","3":"status-publish","4":"has-post-thumbnail","6":"product_cat-andere","7":"product_cat-buro-software","8":"product_cat-fur-unternehmen","9":"product_cat-office-programme","10":"product_cat-video-grafik-andere","12":"first","13":"onbackorder","14":"virtual","15":"taxable","16":"purchasable","17":"product-type-simple"},"_links":{"self":[{"href":"https:\/\/swisssoftware24.ch\/fr\/wp-json\/wp\/v2\/product\/24921","targetHints":{"allow":["GET"]}}],"collection":[{"href":"https:\/\/swisssoftware24.ch\/fr\/wp-json\/wp\/v2\/product"}],"about":[{"href":"https:\/\/swisssoftware24.ch\/fr\/wp-json\/wp\/v2\/types\/product"}],"wp:featuredmedia":[{"embeddable":true,"href":"https:\/\/swisssoftware24.ch\/fr\/wp-json\/wp\/v2\/media\/25467"}],"wp:attachment":[{"href":"https:\/\/swisssoftware24.ch\/fr\/wp-json\/wp\/v2\/media?parent=24921"}],"wp:term":[{"taxonomy":"product_brand","embeddable":true,"href":"https:\/\/swisssoftware24.ch\/fr\/wp-json\/wp\/v2\/product_brand?post=24921"},{"taxonomy":"product_cat","embeddable":true,"href":"https:\/\/swisssoftware24.ch\/fr\/wp-json\/wp\/v2\/product_cat?post=24921"},{"taxonomy":"product_tag","embeddable":true,"href":"https:\/\/swisssoftware24.ch\/fr\/wp-json\/wp\/v2\/product_tag?post=24921"}],"curies":[{"name":"wp","href":"https:\/\/api.w.org\/{rel}","templated":true}]}}