{"id":24926,"date":"2024-03-26T06:36:50","date_gmt":"2024-03-26T05:36:50","guid":{"rendered":"https:\/\/swisssoftware24.ch\/?post_type=product&#038;p=24926"},"modified":"2025-11-30T00:17:25","modified_gmt":"2025-11-29T23:17:25","slug":"audials-movie-2022","status":"publish","type":"product","link":"https:\/\/swisssoftware24.ch\/fr\/products\/audials-movie-2022\/","title":{"rendered":"Audials Movie 2022"},"content":{"rendered":"<p data-start=\"0\" data-end=\"281\">Audials Movie 2022 enregistre films et s\u00e9ries de Netflix, Amazon Prime, Disney+ &amp; Cie dans leur r\u00e9solution d\u2019origine \u2013 gr\u00e2ce \u00e0 son moteur haute vitesse jusqu\u2019\u00e0 deux fois plus vite, sans perte de qualit\u00e9.<\/p>\n<p data-start=\"283\" data-end=\"501\">La publicit\u00e9 est d\u00e9tect\u00e9e et supprim\u00e9e automatiquement pendant l\u2019enregistrement; un crawler de sous-titres int\u00e9gr\u00e9 trouve les textes dans presque toutes les langues et les int\u00e8gre sur demande.<\/p>\n<p data-start=\"503\" data-end=\"751\">Apr\u00e8s la capture, am\u00e9liorez les dialogues avec Speech Boost, coupez bandes-annonces ou barres noires au pixel pr\u00e8s dans le nouvel \u00e9diteur vid\u00e9o et g\u00e9rez le tout dans une vid\u00e9oth\u00e8que intelligente et \u00e9tiquet\u00e9e.<\/p>\n<p data-start=\"503\" data-end=\"751\"><strong>Vous trouverez plus d'informations sur ce produit\u00a0<a href=\"https:\/\/swisssoftware24.ch\/fr\/audials-movie-2022-ihre-schaltzentrale-fuer-streaming-aufnahmen\/\">ici<\/a>.<\/strong><\/p>\n<h3>Audials Movie 2022 \u2013 configuration syst\u00e8me requise<\/h3>\n<ul>\n<li>Windows 10 ou 11<\/li>\n<li>CPU 1 GHz<\/li>\n<li>4 Go de RAM<\/li>\n<li>1 Go d'espace disque pour l'installation<\/li>\n<li>Connexion Internet haut d\u00e9bit<\/li>\n<li>Utilisable sur Mac avec Parallels<\/li>\n<\/ul>","protected":false},"excerpt":{"rendered":"<p class=\"translation-block\">Audials Movie 2022 est un logiciel puissant, sp\u00e9cialement con\u00e7u pour l'enregistrement, l'\u00e9dition et la gestion de contenus vid\u00e9o. Cette application innovante permet aux utilisateurs de r\u00e9aliser des enregistrements de haute qualit\u00e9 \u00e0 partir des services de streaming les plus populaires, avec des fonctionnalit\u00e9s telles que la suppression des publicit\u00e9s, le t\u00e9l\u00e9chargement des sous-titres et l'optimisation de la qualit\u00e9 sonore. Audials Movie 2022 prend \u00e9galement en charge la cr\u00e9ation d'une biblioth\u00e8que vid\u00e9o personnalis\u00e9e et est compatible avec diff\u00e9rents formats vid\u00e9o.<\/p>\n<p class=\"translation-block\">En achetant ce produit, vous obtenez une licence \u00e0 vie sous forme de cl\u00e9 \u00e9lectronique, qui vous donne le droit d'utiliser le logiciel pour enregistrer des streams sur un ordinateur Windows.<\/p>","protected":false},"featured_media":25678,"template":"","meta":{"_seopress_robots_primary_cat":"none","_seopress_titles_title":"Audials Movie 2022 | Filme aufnehmen | SwissSoftware24","_seopress_titles_desc":"Audials Movie 2022: Nehmen Sie Filme und Serien von Streaming-Diensten auf. Hohe Qualit\u00e4t und einfache Bedienung. Jetzt bei SwissSoftware24 erh\u00e4ltlich.","_seopress_robots_index":""},"product_brand":[],"product_cat":[65,82,83,100],"product_tag":[],"class_list":{"0":"post-24926","1":"product","2":"type-product","3":"status-publish","4":"has-post-thumbnail","6":"product_cat-fur-unternehmen","7":"product_cat-video-grafik","8":"product_cat-video-grafik-andere","9":"product_cat-video","11":"first","12":"onbackorder","13":"virtual","14":"taxable","15":"purchasable","16":"product-type-simple"},"_links":{"self":[{"href":"https:\/\/swisssoftware24.ch\/fr\/wp-json\/wp\/v2\/product\/24926","targetHints":{"allow":["GET"]}}],"collection":[{"href":"https:\/\/swisssoftware24.ch\/fr\/wp-json\/wp\/v2\/product"}],"about":[{"href":"https:\/\/swisssoftware24.ch\/fr\/wp-json\/wp\/v2\/types\/product"}],"wp:featuredmedia":[{"embeddable":true,"href":"https:\/\/swisssoftware24.ch\/fr\/wp-json\/wp\/v2\/media\/25678"}],"wp:attachment":[{"href":"https:\/\/swisssoftware24.ch\/fr\/wp-json\/wp\/v2\/media?parent=24926"}],"wp:term":[{"taxonomy":"product_brand","embeddable":true,"href":"https:\/\/swisssoftware24.ch\/fr\/wp-json\/wp\/v2\/product_brand?post=24926"},{"taxonomy":"product_cat","embeddable":true,"href":"https:\/\/swisssoftware24.ch\/fr\/wp-json\/wp\/v2\/product_cat?post=24926"},{"taxonomy":"product_tag","embeddable":true,"href":"https:\/\/swisssoftware24.ch\/fr\/wp-json\/wp\/v2\/product_tag?post=24926"}],"curies":[{"name":"wp","href":"https:\/\/api.w.org\/{rel}","templated":true}]}}