{"id":24930,"date":"2024-03-26T06:41:52","date_gmt":"2024-03-26T05:41:52","guid":{"rendered":"https:\/\/swisssoftware24.ch\/?post_type=product&#038;p=24930"},"modified":"2026-02-14T11:33:17","modified_gmt":"2026-02-14T10:33:17","slug":"audials-music-2022","status":"publish","type":"product","link":"https:\/\/swisssoftware24.ch\/fr\/products\/audials-music-2022\/","title":{"rendered":"Audials Music 2022"},"content":{"rendered":"<p class=\"\" data-start=\"200\" data-end=\"556\">Audials Music 2022 est une solution puissante pour enregistrer et g\u00e9rer les flux musicaux en qualit\u00e9 optimale. Le programme enregistre les chansons directement \u00e0 partir des plateformes de streaming populaires tout en conservant la qualit\u00e9 sonore originale. Chaque piste est automatiquement tagu\u00e9e, ce qui simplifie consid\u00e9rablement la gestion de la collection musicale.<\/p>\n<p class=\"\" data-start=\"558\" data-end=\"874\">En plus d'une organisation efficace, Audials Music 2022 prend \u00e9galement en charge l'enregistrement simultan\u00e9 de plusieurs sources, permettant aux utilisateurs de constituer rapidement de vastes biblioth\u00e8ques musicales. La reconnaissance automatique des titres, des artistes et des albums garantit des collections structur\u00e9es et une r\u00e9cup\u00e9ration facile.<\/p>\n<p class=\"\" data-start=\"876\" data-end=\"1174\">Avec son interface conviviale et ses fonctions compl\u00e8tes, Audials Music 2022 est l'outil id\u00e9al pour les m\u00e9lomanes qui appr\u00e9cient la qualit\u00e9, l'ordre et la flexibilit\u00e9. Que ce soit pour archiver, g\u00e9rer ou d\u00e9couvrir \u2013 ce logiciel r\u00e9pond aux exigences des auditeurs modernes.<\/p>\n<p data-start=\"876\" data-end=\"1174\"><strong>Vous trouverez plus d'informations sur ce produit\u00a0<a href=\"https:\/\/swisssoftware24.ch\/fr\/audials-music-2022-musikaufnahmen-in-bester-qualitaet\/\">ici<\/a>.<\/strong><\/p>\n<h3>Audials Music 2022 &#8211; anforderungen<\/h3>\n<ul>\n<li>Windows 10 ou 11<\/li>\n<li>CPU 1 GHz<\/li>\n<li>4 Go de RAM<\/li>\n<li>1 Go d'espace disque pour l'installation<\/li>\n<li>Connexion Internet haut d\u00e9bit<\/li>\n<li>Utilisable sur Mac avec Parallels<\/li>\n<\/ul>","protected":false},"excerpt":{"rendered":"<p class=\"translation-block\">Audials Music 2022 est un logiciel sp\u00e9cialement con\u00e7u pour enregistrer, \u00e9diter et g\u00e9rer facilement la musique \u00e0 partir de divers services de streaming. Cet outil offre une solution compl\u00e8te pour les amateurs de musique souhaitant enrichir leurs collections avec une qualit\u00e9 sonore optimale. Avec Audials Music 2022, vous obtenez une licence \u00e0 vie sous forme de cl\u00e9 \u00e9lectronique, vous donnant le droit d'utiliser le programme pour enregistrer de la musique en streaming sur un ordinateur Windows.<\/p>","protected":false},"featured_media":25679,"template":"","meta":{"_seopress_robots_primary_cat":"none","_seopress_titles_title":"Audials Music 2022 | Musik speichern | SwissSoftware24","_seopress_titles_desc":"Audials Music 2022 erm\u00f6glicht das Aufnehmen und Speichern von Musik von Streaming-Diensten. Genie\u00dfen Sie Ihre Musik offline. Jetzt bei SwissSoftware24.","_seopress_robots_index":""},"product_brand":[],"product_cat":[131,83],"product_tag":[],"class_list":{"0":"post-24930","1":"product","2":"type-product","3":"status-publish","4":"has-post-thumbnail","6":"product_cat-andere","7":"product_cat-video-grafik-andere","9":"first","10":"onbackorder","11":"virtual","12":"taxable","13":"purchasable","14":"product-type-simple"},"_links":{"self":[{"href":"https:\/\/swisssoftware24.ch\/fr\/wp-json\/wp\/v2\/product\/24930","targetHints":{"allow":["GET"]}}],"collection":[{"href":"https:\/\/swisssoftware24.ch\/fr\/wp-json\/wp\/v2\/product"}],"about":[{"href":"https:\/\/swisssoftware24.ch\/fr\/wp-json\/wp\/v2\/types\/product"}],"wp:featuredmedia":[{"embeddable":true,"href":"https:\/\/swisssoftware24.ch\/fr\/wp-json\/wp\/v2\/media\/25679"}],"wp:attachment":[{"href":"https:\/\/swisssoftware24.ch\/fr\/wp-json\/wp\/v2\/media?parent=24930"}],"wp:term":[{"taxonomy":"product_brand","embeddable":true,"href":"https:\/\/swisssoftware24.ch\/fr\/wp-json\/wp\/v2\/product_brand?post=24930"},{"taxonomy":"product_cat","embeddable":true,"href":"https:\/\/swisssoftware24.ch\/fr\/wp-json\/wp\/v2\/product_cat?post=24930"},{"taxonomy":"product_tag","embeddable":true,"href":"https:\/\/swisssoftware24.ch\/fr\/wp-json\/wp\/v2\/product_tag?post=24930"}],"curies":[{"name":"wp","href":"https:\/\/api.w.org\/{rel}","templated":true}]}}