{"id":24934,"date":"2024-03-26T06:47:47","date_gmt":"2024-03-26T05:47:47","guid":{"rendered":"https:\/\/swisssoftware24.ch\/?post_type=product&#038;p=24934"},"modified":"2025-11-30T00:17:25","modified_gmt":"2025-11-29T23:17:25","slug":"audials-one-2022","status":"publish","type":"product","link":"https:\/\/swisssoftware24.ch\/fr\/products\/audials-one-2022\/","title":{"rendered":"Audials One 2022"},"content":{"rendered":"<p class=\"\" data-start=\"188\" data-end=\"614\">Audials One 2022 est une solution tout-en-un puissante pour enregistrer, \u00e9diter et g\u00e9rer le contenu audio et vid\u00e9o provenant d'Internet. Avec la prise en charge des principales plateformes de streaming, le logiciel permet des enregistrements de haute qualit\u00e9 de musique et de films directement sur votre PC. Le navigateur web int\u00e9gr\u00e9 simplifie consid\u00e9rablement l'acquisition de fichiers et assure une exp\u00e9rience utilisateur fluide.<\/p>\n<p class=\"\" data-start=\"616\" data-end=\"1066\">De plus, Audials One 2022 offre des fonctions d'\u00e9dition \u00e9tendues, notamment la possibilit\u00e9 d'ajouter des sous-titres aux vid\u00e9os ou de convertir des fichiers dans diff\u00e9rents formats. Le logiciel est parfaitement adapt\u00e9 \u00e0 Windows 11 et, gr\u00e2ce \u00e0 son interface utilisateur moderne, assure une utilisation intuitive. De nombreuses optimisations audio et prises en charge de formats garantissent une compatibilit\u00e9 maximale et une conservation de la qualit\u00e9.<\/p>\n<p class=\"\" data-start=\"1068\" data-end=\"1354\">Que ce soit pour les m\u00e9lomanes, les cin\u00e9philes ou les cr\u00e9ateurs de contenu, Audials One 2022 convient \u00e0 tous ceux qui souhaitent constituer une collection de m\u00e9dias de haute qualit\u00e9 et l'utiliser de mani\u00e8re flexible. Gr\u00e2ce \u00e0 des outils intelligents d'organisation et de gestion, il devient un compagnon indispensable dans la vie num\u00e9rique quotidienne.<\/p>\n<p data-start=\"1068\" data-end=\"1354\"><strong>Vous trouverez plus d'informations sur ce produit\u00a0<a href=\"https:\/\/swisssoftware24.ch\/fr\/audials-one-2022-alles-aufnehmen-alles-behalten\/\">ici<\/a>.<\/strong><\/p>\n<h3>Audials One 2022 - configuration syst\u00e8me requise<\/h3>\n<ul>\n<li>Windows 10 ou 11<\/li>\n<li>CPU 1 GHz<\/li>\n<li>4 Go de RAM<\/li>\n<li>1 Go d'espace disque pour l'installation<\/li>\n<li>Connexion Internet haut d\u00e9bit<\/li>\n<li>Utilisable sur Mac avec Parallels<\/li>\n<\/ul>","protected":false},"excerpt":{"rendered":"<p class=\"translation-block\">Audials One 2022 est un programme exceptionnel, con\u00e7u pour l'enregistrement de musique et de films \u00e0 partir de services de streaming en qualit\u00e9 optimale. Cet outil multifonctionnel vous garantit une licence \u00e0 vie sous forme de cl\u00e9 \u00e9lectronique, vous donnant le droit illimit\u00e9 d'enregistrer et de g\u00e9rer des flux audio et vid\u00e9o sur un ordinateur Windows.<\/p>","protected":false},"featured_media":25681,"template":"","meta":{"_seopress_robots_primary_cat":"none","_seopress_titles_title":"Audials One 2022 | Musik aufnehmen | SwissSoftware24","_seopress_titles_desc":"Audials One 2022: Nehmen Sie Musik, Filme, Serien und Radiosender auf. Alle Medien in einem Tool vereint. Jetzt bei SwissSoftware24 erh\u00e4ltlich.","_seopress_robots_index":""},"product_brand":[],"product_cat":[131,65,100,82,83],"product_tag":[],"class_list":{"0":"post-24934","1":"product","2":"type-product","3":"status-publish","4":"has-post-thumbnail","6":"product_cat-andere","7":"product_cat-fur-unternehmen","8":"product_cat-video","9":"product_cat-video-grafik","10":"product_cat-video-grafik-andere","12":"first","13":"onbackorder","14":"virtual","15":"taxable","16":"purchasable","17":"product-type-simple"},"_links":{"self":[{"href":"https:\/\/swisssoftware24.ch\/fr\/wp-json\/wp\/v2\/product\/24934","targetHints":{"allow":["GET"]}}],"collection":[{"href":"https:\/\/swisssoftware24.ch\/fr\/wp-json\/wp\/v2\/product"}],"about":[{"href":"https:\/\/swisssoftware24.ch\/fr\/wp-json\/wp\/v2\/types\/product"}],"wp:featuredmedia":[{"embeddable":true,"href":"https:\/\/swisssoftware24.ch\/fr\/wp-json\/wp\/v2\/media\/25681"}],"wp:attachment":[{"href":"https:\/\/swisssoftware24.ch\/fr\/wp-json\/wp\/v2\/media?parent=24934"}],"wp:term":[{"taxonomy":"product_brand","embeddable":true,"href":"https:\/\/swisssoftware24.ch\/fr\/wp-json\/wp\/v2\/product_brand?post=24934"},{"taxonomy":"product_cat","embeddable":true,"href":"https:\/\/swisssoftware24.ch\/fr\/wp-json\/wp\/v2\/product_cat?post=24934"},{"taxonomy":"product_tag","embeddable":true,"href":"https:\/\/swisssoftware24.ch\/fr\/wp-json\/wp\/v2\/product_tag?post=24934"}],"curies":[{"name":"wp","href":"https:\/\/api.w.org\/{rel}","templated":true}]}}