{"id":24938,"date":"2024-03-26T06:51:43","date_gmt":"2024-03-26T05:51:43","guid":{"rendered":"https:\/\/swisssoftware24.ch\/?post_type=product&#038;p=24938"},"modified":"2025-11-30T00:17:25","modified_gmt":"2025-11-29T23:17:25","slug":"audials-radio-2022","status":"publish","type":"product","link":"https:\/\/swisssoftware24.ch\/fr\/products\/audials-radio-2022\/","title":{"rendered":"Audials Radio 2022"},"content":{"rendered":"<p class=\"\" data-start=\"215\" data-end=\"614\">Audials Radio 2022 est un outil sp\u00e9cialis\u00e9 pour enregistrer la radio Internet et les podcasts tout en g\u00e9rant votre biblioth\u00e8que musicale personnelle. Avec un acc\u00e8s \u00e0 plus de 100 000 stations de radio dans le monde et une vaste s\u00e9lection de podcasts, il offre une exp\u00e9rience audio quasi illimit\u00e9e. Vous pouvez facilement sauvegarder vos contenus favoris et cr\u00e9er votre propre collection.<\/p>\n<p class=\"\" data-start=\"616\" data-end=\"911\">Chaque fichier enregistr\u00e9 est automatiquement \u00e9tiquet\u00e9 avec des m\u00e9tadonn\u00e9es essentielles comme le titre, l\u2019artiste ou la date d\u2019enregistrement. Cela permet de garder votre biblioth\u00e8que bien organis\u00e9e et facile \u00e0 explorer. Le gestionnaire de musique int\u00e9gr\u00e9 vous aide \u00e0 trier, classer et rechercher vos enregistrements rapidement.<\/p>\n<p class=\"\" data-start=\"913\" data-end=\"1233\">Gr\u00e2ce \u00e0 son interface intuitive, Audials Radio 2022 est id\u00e9al pour les amateurs de musique et de podcasts qui souhaitent \u00e9couter leur contenu favori hors ligne. L\u2019enregistrement, l\u2019organisation et l\u2019\u00e9tiquetage automatique en font un outil indispensable.<\/p>\n<p data-start=\"913\" data-end=\"1233\"><strong>Vous trouverez plus d'informations sur ce produit\u00a0<a href=\"https:\/\/swisssoftware24.ch\/fr\/audials-radio-2022-mehr-als-nur-internetradio\/\">ici<\/a>.<\/strong><\/p>\n<h3>Audials Radio 2022 \u2013configuration syst\u00e8me requise<\/h3>\n<ul>\n<li>Windows 10 ou 11<\/li>\n<li>CPU 1 GHz<\/li>\n<li>4 Go de RAM<\/li>\n<li>1 Go d'espace disque pour l'installation<\/li>\n<li>Connexion Internet haut d\u00e9bit<\/li>\n<li>Utilisable sur Mac avec Parallels<\/li>\n<\/ul>","protected":false},"excerpt":{"rendered":"<p><strong>Audials Radio 2022<\/strong> est l'outil ultime pour les passionn\u00e9s de radio, offrant un acc\u00e8s \u00e0 une vaste gamme de stations de radio en ligne et de podcasts dans le monde entier. Ce logiciel offre la possibilit\u00e9 unique d'enregistrer et de sauvegarder vos \u00e9missions et musiques pr\u00e9f\u00e9r\u00e9es en haute qualit\u00e9.<\/p>\n<p>Avec l'achat d' <strong>Audials Radio 2022<\/strong> vous recevez une licence permanente sous forme de cl\u00e9 \u00e9lectronique, qui vous permet d'utiliser l'outil pour enregistrer la radio Internet sur un syst\u00e8me d'exploitation Windows. Ce logiciel multilingue est un indispensable pour tous ceux qui ont une passion profonde pour le monde de la radio et des podcasts.<\/p>","protected":false},"featured_media":25682,"template":"","meta":{"_seopress_robots_primary_cat":"none","_seopress_titles_title":"Audials Radio 2022 | Internetradio aufnehmen | SwissSoftware24","_seopress_titles_desc":"Audials Radio 2022: H\u00f6ren und speichern Sie Musik aus Internetradios weltweit. Aufnahme und Verwaltung leicht gemacht. Jetzt bei SwissSoftware24 erh\u00e4ltlich.","_seopress_robots_index":""},"product_brand":[],"product_cat":[131,83],"product_tag":[],"class_list":{"0":"post-24938","1":"product","2":"type-product","3":"status-publish","4":"has-post-thumbnail","6":"product_cat-andere","7":"product_cat-video-grafik-andere","9":"first","10":"onbackorder","11":"virtual","12":"taxable","13":"purchasable","14":"product-type-simple"},"_links":{"self":[{"href":"https:\/\/swisssoftware24.ch\/fr\/wp-json\/wp\/v2\/product\/24938","targetHints":{"allow":["GET"]}}],"collection":[{"href":"https:\/\/swisssoftware24.ch\/fr\/wp-json\/wp\/v2\/product"}],"about":[{"href":"https:\/\/swisssoftware24.ch\/fr\/wp-json\/wp\/v2\/types\/product"}],"wp:featuredmedia":[{"embeddable":true,"href":"https:\/\/swisssoftware24.ch\/fr\/wp-json\/wp\/v2\/media\/25682"}],"wp:attachment":[{"href":"https:\/\/swisssoftware24.ch\/fr\/wp-json\/wp\/v2\/media?parent=24938"}],"wp:term":[{"taxonomy":"product_brand","embeddable":true,"href":"https:\/\/swisssoftware24.ch\/fr\/wp-json\/wp\/v2\/product_brand?post=24938"},{"taxonomy":"product_cat","embeddable":true,"href":"https:\/\/swisssoftware24.ch\/fr\/wp-json\/wp\/v2\/product_cat?post=24938"},{"taxonomy":"product_tag","embeddable":true,"href":"https:\/\/swisssoftware24.ch\/fr\/wp-json\/wp\/v2\/product_tag?post=24938"}],"curies":[{"name":"wp","href":"https:\/\/api.w.org\/{rel}","templated":true}]}}