{"id":24942,"date":"2024-03-26T07:01:57","date_gmt":"2024-03-26T06:01:57","guid":{"rendered":"https:\/\/swisssoftware24.ch\/?post_type=product&#038;p=24942"},"modified":"2025-11-29T23:56:54","modified_gmt":"2025-11-29T22:56:54","slug":"avast-premium-security","status":"publish","type":"product","link":"https:\/\/swisssoftware24.ch\/fr\/products\/avast-premium-security\/","title":{"rendered":"Avast Premium Security"},"content":{"rendered":"<p data-start=\"0\" data-end=\"312\">Avast Premium Security 2025 prot\u00e8ge jusqu\u2019\u00e0 10 appareils \u2013 PC Windows, Mac, Android et iOS \u2013 gr\u00e2ce \u00e0 un antivirus prim\u00e9 en temps r\u00e9el et une d\u00e9tection intelligente des arnaques bas\u00e9e sur l\u2019IA (Avast Assistant).<\/p>\n<p data-start=\"314\" data-end=\"566\">Ransomware Shield emp\u00eache les applications non autoris\u00e9es d\u2019acc\u00e9der \u00e0 vos dossiers sensibles, tandis que Remote Access Shield bloque automatiquement les attaques par force brute via RDP, \u00e9vitant toute prise de contr\u00f4le \u00e0 distance.<\/p>\n<p data-start=\"568\" data-end=\"880\">Avec pare-feu, Network Inspector, Web\/Mail Shield, alertes de piratage, disque de secours et mode \"Ne pas d\u00e9ranger\", cette suite forme une s\u00e9curit\u00e9 internet premium sans ralentir votre syst\u00e8me.<\/p>\n<p data-start=\"568\" data-end=\"880\"><strong>Vous trouverez plus d'informations sur ce produit\u00a0<a href=\"https:\/\/swisssoftware24.ch\/fr\/warum-avast-premium-security-2025\/\">ici<\/a>.<\/strong><\/p>\n<h3>Avast Premium Security \u2013 configuration syst\u00e8me requise<\/h3>\n<ul class=\"list list-withIcons\">\n<li><strong>PC:<\/strong> Windows 11, 10, 8.1, 8, 7 (SP2) (32 ou 64 bits), 1 Go de RAM, 2 Go d'espace disque libre.<\/li>\n<li><strong>Mac:<\/strong> macOS 10.10 (Yosemite) ou version sup\u00e9rieure avec 750 Mo d'espace disque libre.<\/li>\n<li><strong>Android:<\/strong> Google Android 8.0 ou version sup\u00e9rieure.<\/li>\n<li><strong>iOS:<\/strong> iOS 12.0 ou version sup\u00e9rieure.<\/li>\n<\/ul>","protected":false},"excerpt":{"rendered":"<p><strong>Avast Premium Security<\/strong> est un logiciel antivirus avanc\u00e9 qui offre une protection \u00e9tendue contre les menaces num\u00e9riques sur Internet. Le logiciel est disponible en plusieurs options de licence, incluant des licences d'un, deux ou trois ans pour un, trois, cinq ou dix appareils. Selon l'option choisie, les licences peuvent \u00eatre exclusivement destin\u00e9es aux ordinateurs Windows ou \u00eatre universelles pour Windows et macOS, avec la possibilit\u00e9 de les utiliser \u00e9galement sur des appareils Android et iOS. <strong>Avast Premium Security<\/strong> est multilingue et couvre une large gamme de besoins.<\/p>","protected":false},"featured_media":25899,"template":"","meta":{"_seopress_robots_primary_cat":"none","_seopress_titles_title":"Avast Premium Security |Erweiterter Schutz| SwissSoftware24","_seopress_titles_desc":"Avast Premium Security: Umfassender Schutz vor Viren, Malware und Phishing. Sicheres Surfen und Online-Banking. Jetzt bei SwissSoftware24 erh\u00e4ltlich.","_seopress_robots_index":""},"product_brand":[],"product_cat":[93,63,94,134,65],"product_tag":[],"class_list":{"0":"post-24942","1":"product","2":"type-product","3":"status-publish","4":"has-post-thumbnail","6":"product_cat-antivirus","7":"product_cat-antivirus-security","8":"product_cat-antivirus-security-fur-unternehmen","9":"product_cat-avast","10":"product_cat-fur-unternehmen","12":"first","13":"instock","14":"taxable","15":"shipping-taxable","16":"purchasable","17":"product-type-variable"},"_links":{"self":[{"href":"https:\/\/swisssoftware24.ch\/fr\/wp-json\/wp\/v2\/product\/24942","targetHints":{"allow":["GET"]}}],"collection":[{"href":"https:\/\/swisssoftware24.ch\/fr\/wp-json\/wp\/v2\/product"}],"about":[{"href":"https:\/\/swisssoftware24.ch\/fr\/wp-json\/wp\/v2\/types\/product"}],"wp:featuredmedia":[{"embeddable":true,"href":"https:\/\/swisssoftware24.ch\/fr\/wp-json\/wp\/v2\/media\/25899"}],"wp:attachment":[{"href":"https:\/\/swisssoftware24.ch\/fr\/wp-json\/wp\/v2\/media?parent=24942"}],"wp:term":[{"taxonomy":"product_brand","embeddable":true,"href":"https:\/\/swisssoftware24.ch\/fr\/wp-json\/wp\/v2\/product_brand?post=24942"},{"taxonomy":"product_cat","embeddable":true,"href":"https:\/\/swisssoftware24.ch\/fr\/wp-json\/wp\/v2\/product_cat?post=24942"},{"taxonomy":"product_tag","embeddable":true,"href":"https:\/\/swisssoftware24.ch\/fr\/wp-json\/wp\/v2\/product_tag?post=24942"}],"curies":[{"name":"wp","href":"https:\/\/api.w.org\/{rel}","templated":true}]}}