{"id":24953,"date":"2024-03-26T07:11:02","date_gmt":"2024-03-26T06:11:02","guid":{"rendered":"https:\/\/swisssoftware24.ch\/?post_type=product&#038;p=24953"},"modified":"2026-03-30T12:46:47","modified_gmt":"2026-03-30T10:46:47","slug":"avast-ultimate-suite","status":"publish","type":"product","link":"https:\/\/swisssoftware24.ch\/fr\/products\/avast-ultimate-suite\/","title":{"rendered":"Avast Ultimate Suite"},"content":{"rendered":"<p data-start=\"0\" data-end=\"288\">Avast Ultimate Suite r\u00e9unit protection, confidentialit\u00e9 et performance dans un seul pack : Mode Banque (SafeZone) pour achats &amp; banque en ligne, pare-feu compatible IPv6, signatures en temps r\u00e9el et Bouclier Ransomware. L\u00e9ger, rapide, fiable.<\/p>\n<p data-start=\"290\" data-end=\"560\">SecureLine VPN chiffre le trafic (m\u00eame en Wi-Fi public), AntiTrack limite l\u2019empreinte num\u00e9rique et le pistage. Le Wi-Fi Inspector d\u00e9tecte failles du r\u00e9seau domestique et appareils inconnus\u2014pour garder la ma\u00eetrise de votre environnement num\u00e9rique.<\/p>\n<p data-start=\"562\" data-end=\"777\">Avec Cleanup Premium, vous supprimez fichiers inutiles, corrigez la base de registre et d\u00e9sinstallez les bloatwares. R\u00e9sultat : plus d\u2019espace, d\u00e9marrages plus courts et meilleure autonomie\u2014une s\u00e9curit\u00e9 sans ralentissement.<\/p>\n<p data-start=\"562\" data-end=\"777\"><strong>Vous trouverez plus d'informations sur ce produit\u00a0<a href=\"https:\/\/swisssoftware24.ch\/fr\/avast-ultimate-suite-rundum-schutz-mit-extra-tempo\/\">ici<\/a>.<\/strong><\/p>\n<h1><span style=\"font-size: 16px;\">Avast Ultimate Suite \u2013 configuration syst\u00e8me requise<\/span><\/h1>\n<div class=\"product--description\">\n<div class=\"text-x-large\">\n<div class=\"sys-req-card__compatibility multipleIcons\">\n<ul>\n<li class=\"text-large\"><strong>Windows<\/strong> avec Windows 11, 10, 8.1, 8 ou 7 (versions 32 ou 64 bits, sauf les \u00e9ditions Starter et RT), 1 Go de RAM et 2 Go d'espace disque.<\/li>\n<li class=\"text-large\"><strong>Mac<\/strong>avec macOS 10.12 (Sierra) ou version ult\u00e9rieure.<\/li>\n<li class=\"text-large\"><strong>Android<\/strong>avec le syst\u00e8me d'exploitation Google Android 6.0 (Marshmallow, API 23) ou version ult\u00e9rieure.<\/li>\n<li class=\"text-large\"><strong>iPhone ou iPad<\/strong> avec iOS 12.0 ou version ult\u00e9rieure.<\/li>\n<\/ul>\n<\/div>\n<\/div>\n<\/div>\n<p>&nbsp;<\/p>","protected":false},"excerpt":{"rendered":"<p><strong>Avast Ultimate Suite<\/strong> est une solution de s\u00e9curit\u00e9 compl\u00e8te qui offre non seulement une protection antivirus avanc\u00e9e, mais garantit \u00e9galement la confidentialit\u00e9 en ligne tout en optimisant les performances des appareils. Ce package est id\u00e9al pour les utilisateurs recherchant une approche globale de la s\u00e9curit\u00e9 et de la performance de leurs appareils. Avec une vari\u00e9t\u00e9 de licences d'un, deux ou trois ans pour un, trois, cinq ou dix appareils, Avast Ultimate Suite offre une flexibilit\u00e9 adapt\u00e9e \u00e0 tous les besoins.<\/p>","protected":false},"featured_media":25888,"template":"","meta":{"_seopress_robots_primary_cat":"none","_seopress_titles_title":"Avast Ultimate Suite | All-in-One-Schutz | SwissSoftware24","_seopress_titles_desc":"Avast Ultimate Suite bietet umfassenden Schutz mit Antivirus, VPN und weiteren Tools. Alles in einem Paket f\u00fcr Ihre Sicherheit. Jetzt bei SwissSoftware24.","_seopress_robots_index":""},"product_brand":[],"product_cat":[134,93,65,94],"product_tag":[],"class_list":{"0":"post-24953","1":"product","2":"type-product","3":"status-publish","4":"has-post-thumbnail","6":"product_cat-avast","7":"product_cat-antivirus","8":"product_cat-fur-unternehmen","9":"product_cat-antivirus-security-fur-unternehmen","11":"first","12":"instock","13":"taxable","14":"shipping-taxable","15":"purchasable","16":"product-type-variable"},"_links":{"self":[{"href":"https:\/\/swisssoftware24.ch\/fr\/wp-json\/wp\/v2\/product\/24953","targetHints":{"allow":["GET"]}}],"collection":[{"href":"https:\/\/swisssoftware24.ch\/fr\/wp-json\/wp\/v2\/product"}],"about":[{"href":"https:\/\/swisssoftware24.ch\/fr\/wp-json\/wp\/v2\/types\/product"}],"wp:featuredmedia":[{"embeddable":true,"href":"https:\/\/swisssoftware24.ch\/fr\/wp-json\/wp\/v2\/media\/25888"}],"wp:attachment":[{"href":"https:\/\/swisssoftware24.ch\/fr\/wp-json\/wp\/v2\/media?parent=24953"}],"wp:term":[{"taxonomy":"product_brand","embeddable":true,"href":"https:\/\/swisssoftware24.ch\/fr\/wp-json\/wp\/v2\/product_brand?post=24953"},{"taxonomy":"product_cat","embeddable":true,"href":"https:\/\/swisssoftware24.ch\/fr\/wp-json\/wp\/v2\/product_cat?post=24953"},{"taxonomy":"product_tag","embeddable":true,"href":"https:\/\/swisssoftware24.ch\/fr\/wp-json\/wp\/v2\/product_tag?post=24953"}],"curies":[{"name":"wp","href":"https:\/\/api.w.org\/{rel}","templated":true}]}}