{"id":27633,"date":"2024-07-10T20:49:10","date_gmt":"2024-07-10T18:49:10","guid":{"rendered":"https:\/\/swisssoftware24.ch\/?post_type=product&#038;p=27633"},"modified":"2025-11-30T00:17:25","modified_gmt":"2025-11-29T23:17:25","slug":"bitdefender-password-manager","status":"publish","type":"product","link":"https:\/\/swisssoftware24.ch\/fr\/products\/bitdefender-password-manager\/","title":{"rendered":"Bitdefender Password Manager"},"content":{"rendered":"<p data-start=\"357\" data-end=\"663\">Bitdefender Password Manager est une solution compl\u00e8te pour tous ceux qui souhaitent g\u00e9rer leurs mots de passe en toute s\u00e9curit\u00e9 tout en prot\u00e9geant leur vie priv\u00e9e en ligne. Gr\u00e2ce \u00e0 un chiffrement avanc\u00e9, l'outil offre le plus haut niveau de s\u00e9curit\u00e9\u2014aussi bien pour les donn\u00e9es stock\u00e9es que lors de la navigation sur le web.<\/p>\n<p data-start=\"665\" data-end=\"946\">Des fonctionnalit\u00e9s telles que le remplissage automatique des formulaires et la synchronisation sur plusieurs appareils rendent l'utilisation quotidienne nettement plus confortable. L'utilisateur n'a plus besoin de m\u00e9moriser des mots de passe compliqu\u00e9s ; tout est stock\u00e9 en toute s\u00e9curit\u00e9 et toujours \u00e0 port\u00e9e de main.<\/p>\n<p data-start=\"948\" data-end=\"1212\">De plus, le g\u00e9n\u00e9rateur de mots de passe int\u00e9gr\u00e9 permet de cr\u00e9er des mots de passe forts et uniques pour chaque compte. Cela r\u00e9duit consid\u00e9rablement le risque d'attaques de piratage ou de vol de donn\u00e9es\u2014id\u00e9al pour tous ceux qui accordent de l'importance \u00e0 la s\u00e9curit\u00e9 num\u00e9rique.<\/p>\n<p data-start=\"948\" data-end=\"1212\"><strong>Vous trouverez plus d'informations sur ce produit\u00a0<a href=\"https:\/\/swisssoftware24.ch\/fr\/bitdefender-password-manager-sicherheit-und-komfort-fuer-ihre-online-konten\/\">ici<\/a>.<\/strong><\/p>\n<h3>Bitdefender Password Manager \u2013 configuration syst\u00e8me requise<\/h3>\n<p>Windows: 7 avec Service Pack 1, Windows 8.1, Windows 10, Windows 11<br \/>\nNavigateurs pris en charge: Chrome 72 ou sup\u00e9rieur, Firefox 65 ou sup\u00e9rieur, Microsoft Edge<\/p>\n<p>macOS: X Yosemite (10.10) ou version ult\u00e9rieure<br \/>\nNavigateurs pris en charge: Safari, Firefox, Google Chrome<\/p>\n<p>iOS: 11.0 ou version ult\u00e9rieure<br \/>\nUne connexion Internet active est requise.<\/p>\n<p>Android: 5.1 ou version ult\u00e9rieure\n(D\u00e9verrouillage par empreinte digitale \u00e0 partir d'Android 6.0 ou sup\u00e9rieur)<br \/>\nAutofill: Pris en charge \u00e0 partir d'Android 8.0 ou sup\u00e9rieur<br \/>\nUne connexion Internet active est requise.<\/p>","protected":false},"excerpt":{"rendered":"<p>Bitdefender Password Manager est con\u00e7u pour les utilisateurs \u00e0 la recherche d'un outil fiable pour g\u00e9rer leurs mots de passe. Il offre une gamme compl\u00e8te de fonctionnalit\u00e9s pour g\u00e9n\u00e9rer des mots de passe forts, les stocker en toute s\u00e9curit\u00e9 et remplir automatiquement les formulaires.<\/p>\n<p>Avec l'achat de ce produit, vous obtenez une licence d'un an sous forme de cl\u00e9 \u00e9lectronique, permettant l'utilisation du gestionnaire de mots de passe pour un utilisateur. Ce programme est compatible avec Windows, macOS, Android et iOS, et disponible en allemand.<\/p>","protected":false},"featured_media":33975,"template":"","meta":{"_seopress_robots_primary_cat":"none","_seopress_titles_title":"Bitdefender Password Manager | SwissSoftware24","_seopress_titles_desc":"Bitdefender Password Manager: Verwalten und sch\u00fctzen Sie Ihre Passw\u00f6rter sicher. Einfache Synchronisation auf allen Ger\u00e4ten. Jetzt bei SwissSoftware24.","_seopress_robots_index":""},"product_brand":[],"product_cat":[93,63,112],"product_tag":[],"class_list":{"0":"post-27633","1":"product","2":"type-product","3":"status-publish","4":"has-post-thumbnail","6":"product_cat-antivirus","7":"product_cat-antivirus-security","8":"product_cat-bitdefender","10":"first","11":"onbackorder","12":"downloadable","13":"virtual","14":"taxable","15":"purchasable","16":"product-type-simple"},"_links":{"self":[{"href":"https:\/\/swisssoftware24.ch\/fr\/wp-json\/wp\/v2\/product\/27633","targetHints":{"allow":["GET"]}}],"collection":[{"href":"https:\/\/swisssoftware24.ch\/fr\/wp-json\/wp\/v2\/product"}],"about":[{"href":"https:\/\/swisssoftware24.ch\/fr\/wp-json\/wp\/v2\/types\/product"}],"wp:featuredmedia":[{"embeddable":true,"href":"https:\/\/swisssoftware24.ch\/fr\/wp-json\/wp\/v2\/media\/33975"}],"wp:attachment":[{"href":"https:\/\/swisssoftware24.ch\/fr\/wp-json\/wp\/v2\/media?parent=27633"}],"wp:term":[{"taxonomy":"product_brand","embeddable":true,"href":"https:\/\/swisssoftware24.ch\/fr\/wp-json\/wp\/v2\/product_brand?post=27633"},{"taxonomy":"product_cat","embeddable":true,"href":"https:\/\/swisssoftware24.ch\/fr\/wp-json\/wp\/v2\/product_cat?post=27633"},{"taxonomy":"product_tag","embeddable":true,"href":"https:\/\/swisssoftware24.ch\/fr\/wp-json\/wp\/v2\/product_tag?post=27633"}],"curies":[{"name":"wp","href":"https:\/\/api.w.org\/{rel}","templated":true}]}}