{"id":27637,"date":"2024-07-10T20:56:33","date_gmt":"2024-07-10T18:56:33","guid":{"rendered":"https:\/\/swisssoftware24.ch\/?post_type=product&#038;p=27637"},"modified":"2025-11-29T23:56:54","modified_gmt":"2025-11-29T22:56:54","slug":"bitdefender-small-office-security","status":"publish","type":"product","link":"https:\/\/swisssoftware24.ch\/fr\/products\/bitdefender-small-office-security\/","title":{"rendered":"Bitdefender Small Office Security"},"content":{"rendered":"<p data-start=\"0\" data-end=\"313\">Bitdefender Small Office Security 2025 prot\u00e8ge jusqu\u2019\u00e0 20 appareils Windows, macOS, Android et iOS avec un antivirus temps r\u00e9el prim\u00e9, la pr\u00e9vention des menaces r\u00e9seau et une d\u00e9fense anti-ransomware multicouche.<\/p>\n<p data-start=\"315\" data-end=\"570\">Gr\u00e2ce \u00e0 la console cloud, surveillez tous les PC et smartphones de l\u2019entreprise depuis un seul tableau de bord, installez la protection en moins de cinq minutes et d\u00e9ployez les correctifs d\u2019un simple clic \u2013 sans service IT interne.<\/p>\n<p data-start=\"572\" data-end=\"786\">Chaque licence inclut aussi 500 Mo\/jour de Bitdefender VPN, la protection webcam &amp; micro, l\u2019extension Anti-Tracker et des mises \u00e0 jour automatiques discr\u00e8tes \u2013 la s\u00e9curit\u00e9 sans ralentir votre activit\u00e9.<\/p>\n<p data-start=\"572\" data-end=\"786\"><strong>Vous trouverez plus d'informations sur ce produit\u00a0<a href=\"https:\/\/swisssoftware24.ch\/fr\/bitdefender-small-office-security-2025-komplettschutz-fuers-kleinbuero\/\">ici<\/a>.<\/strong><\/p>\n<h3>Bitdefender Small Office Security \u2013 configuration syst\u00e8me requise<\/h3>\n<p>Windows: 7 mit Service Pack 1, Windows 8.1 und Windows 10, Windows 11<br \/>\nProcesseur: Intel Core 2 Duo ou \u00e9quivalent AMD<br \/>\nM\u00e9moire (RAM): 2 Go<br \/>\nEspace disque disponible: 2,5 Go d'espace libre<\/p>\n<p>macOS: X Yosemite (10.10) ou version ult\u00e9rieure<br \/>\nEspace disque: 1 Go d'espace libre<\/p>\n<p>iOS: 11.2 ou version ult\u00e9rieure<\/p>\n<p>Android: 5.0 ou version ult\u00e9rieure<\/p>","protected":false},"excerpt":{"rendered":"<p>Bitdefender Small Office Security est con\u00e7u pour les petites entreprises \u00e0 la recherche d'un outil fiable pour prot\u00e9ger leurs syst\u00e8mes et leurs donn\u00e9es. Il offre une gamme compl\u00e8te de fonctions de s\u00e9curit\u00e9 pour prot\u00e9ger contre les virus, malwares, phishing et autres menaces tout en garantissant la confidentialit\u00e9 des informations. Facile \u00e0 utiliser et compatible avec divers appareils, ce programme est une solution id\u00e9ale pour les petites entreprises.<\/p>\n<p>En choisissant ce produit, vous obtenez une licence d'une, deux ou trois ann\u00e9es sous forme de cl\u00e9 \u00e9lectronique. Cette licence permet de prot\u00e9ger cinq, dix ou jusqu'\u00e0 vingt appareils. Cette version est compatible avec Windows, macOS, Android et iOS, et est disponible en plusieurs langues.<\/p>","protected":false},"featured_media":33976,"template":"","meta":{"_seopress_robots_primary_cat":"none","_seopress_titles_title":"Bitdefender Small Office Security | SwissSoftware24","_seopress_titles_desc":"Bitdefender Small Office Security bietet erweiterte Sicherheitsfunktionen f\u00fcr kleine Unternehmen. Sch\u00fctzen Sie Ihre Daten. Jetzt bei SwissSoftware24 erh\u00e4ltlich.","_seopress_robots_index":""},"product_brand":[],"product_cat":[112,63,93,79,65,94],"product_tag":[],"class_list":{"0":"post-27637","1":"product","2":"type-product","3":"status-publish","4":"has-post-thumbnail","6":"product_cat-bitdefender","7":"product_cat-antivirus-security","8":"product_cat-antivirus","9":"product_cat-sicherheit-fur-firmen","10":"product_cat-fur-unternehmen","11":"product_cat-antivirus-security-fur-unternehmen","13":"first","14":"instock","15":"taxable","16":"shipping-taxable","17":"purchasable","18":"product-type-variable"},"_links":{"self":[{"href":"https:\/\/swisssoftware24.ch\/fr\/wp-json\/wp\/v2\/product\/27637","targetHints":{"allow":["GET"]}}],"collection":[{"href":"https:\/\/swisssoftware24.ch\/fr\/wp-json\/wp\/v2\/product"}],"about":[{"href":"https:\/\/swisssoftware24.ch\/fr\/wp-json\/wp\/v2\/types\/product"}],"wp:featuredmedia":[{"embeddable":true,"href":"https:\/\/swisssoftware24.ch\/fr\/wp-json\/wp\/v2\/media\/33976"}],"wp:attachment":[{"href":"https:\/\/swisssoftware24.ch\/fr\/wp-json\/wp\/v2\/media?parent=27637"}],"wp:term":[{"taxonomy":"product_brand","embeddable":true,"href":"https:\/\/swisssoftware24.ch\/fr\/wp-json\/wp\/v2\/product_brand?post=27637"},{"taxonomy":"product_cat","embeddable":true,"href":"https:\/\/swisssoftware24.ch\/fr\/wp-json\/wp\/v2\/product_cat?post=27637"},{"taxonomy":"product_tag","embeddable":true,"href":"https:\/\/swisssoftware24.ch\/fr\/wp-json\/wp\/v2\/product_tag?post=27637"}],"curies":[{"name":"wp","href":"https:\/\/api.w.org\/{rel}","templated":true}]}}