{"id":28709,"date":"2024-09-04T19:51:40","date_gmt":"2024-09-04T17:51:40","guid":{"rendered":"https:\/\/swisssoftware24.ch\/?post_type=product&#038;p=28709"},"modified":"2026-01-17T13:46:08","modified_gmt":"2026-01-17T12:46:08","slug":"project-professional-2021","status":"publish","type":"product","link":"https:\/\/swisssoftware24.ch\/fr\/products\/project-professional-2021\/","title":{"rendered":"Project Professional 2021"},"content":{"rendered":"<p data-start=\"166\" data-end=\"473\">Microsoft Project Professionnel 2021 offre une plateforme performante pour la gestion de projets moderne, id\u00e9ale pour les particuliers comme pour les \u00e9quipes. Sa biblioth\u00e8que de mod\u00e8les \u00e9tendue et ses options de personnalisation flexibles permettent de d\u00e9marrer rapidement tout projet, quelle que soit sa complexit\u00e9 ou sa taille.<\/p>\n<p data-start=\"475\" data-end=\"755\">Des outils de planification intelligents permettent de cr\u00e9er des plannings pr\u00e9cis, et des analyses de sc\u00e9narios en temps r\u00e9el favorisent une prise de d\u00e9cision rapide. L'int\u00e9gration avec Microsoft Teams et SharePoint est particuli\u00e8rement remarquable, r\u00e9volutionnant la collaboration en \u00e9quipe.<\/p>\n<p data-start=\"757\" data-end=\"1037\">Gr\u00e2ce \u00e0 de multiples calendriers personnalisables et \u00e0 des rapports d\u00e9taill\u00e9s, vous gardez toujours une vue d'ensemble des structures de projets complexes. Microsoft Project Professionnel 2021 est l'outil id\u00e9al pour les entreprises qui souhaitent mener leurs projets \u00e0 bien de mani\u00e8re efficace et fiable.<\/p>\n<p data-start=\"757\" data-end=\"1037\"><strong>Vous trouverez plus d'informations sur ce produit\u00a0<a href=\"https:\/\/swisssoftware24.ch\/fr\/microsoft-project-professional-2021-teamarbeit-planung-auf-hoechstem-niveau\/\">ici<\/a>.<\/strong><\/p>\n<h3><strong>Project Professional 2021 \u2013 configuration syst\u00e8me requise<\/strong><\/h3>\n<ul>\n<li><strong>Processeur:<\/strong> 1,6 gigahertz (GHz) ou plus rapide, double c\u0153ur<\/li>\n<li><strong>Syst\u00e8me d'exploitation<\/strong> Windows 11, Windows 10, Windows Server 2022<\/li>\n<li><strong>M\u00e9moire:<\/strong> 4 Go de RAM; 2 Go de RAM (32 bits)<\/li>\n<li><strong>Espace disque:<\/strong> 4,0 Go d'espace de stockage disponible<\/li>\n<li><strong>Affichage:<\/strong> R\u00e9solution d'\u00e9cran de 1280 x 768 ou plus<\/li>\n<li><strong>Graphiques:<\/strong> Carte graphique DirectX 12 pour acc\u00e9l\u00e9ration mat\u00e9rielle des graphiques<\/li>\n<li><strong>Autres exigences syst\u00e8me:<\/strong> Connexion Internet, compte Microsoft<\/li>\n<\/ul>","protected":false},"excerpt":{"rendered":"<p>Microsoft Project Professional 2021 bietet eine leistungsstarke Plattform f\u00fcr modernes Projektmanagement \u2013 ideal f\u00fcr Einzelpersonen und Teams. Die erweiterte Vorlagenbibliothek und flexible Anpassungsoptionen erm\u00f6glichen einen schnellen Einstieg in jedes Projekt \u2013 unabh\u00e4ngig von Komplexit\u00e4t oder Gr\u00f6\u00dfe. Intelligente Planungswerkzeuge helfen, Zeitpl\u00e4ne pr\u00e4zise zu erstellen, und Echtzeit-Szenarioanalysen unterst\u00fctzen bei der schnellen Entscheidungsfindung. Besonders hervorzuheben ist die Integration [&hellip;]<\/p>","protected":false},"featured_media":33963,"template":"","meta":{"_seopress_robots_primary_cat":"none","_seopress_titles_title":"Project Professional 2021 | Projektmanagement | SwissSoftware24","_seopress_titles_desc":"Project Professional 2021 bietet erweiterte Planungswerkzeuge, Teamzusammenarbeit in Echtzeit und umfassende Visualisierungen. Professionelles Projektmanagement","_seopress_robots_index":""},"product_brand":[],"product_cat":[96,71],"product_tag":[],"class_list":{"0":"post-28709","1":"product","2":"type-product","3":"status-publish","4":"has-post-thumbnail","6":"product_cat-einzelne-office-programme","7":"product_cat-office","9":"first","10":"instock","11":"virtual","12":"taxable","13":"purchasable","14":"product-type-simple"},"_links":{"self":[{"href":"https:\/\/swisssoftware24.ch\/fr\/wp-json\/wp\/v2\/product\/28709","targetHints":{"allow":["GET"]}}],"collection":[{"href":"https:\/\/swisssoftware24.ch\/fr\/wp-json\/wp\/v2\/product"}],"about":[{"href":"https:\/\/swisssoftware24.ch\/fr\/wp-json\/wp\/v2\/types\/product"}],"wp:featuredmedia":[{"embeddable":true,"href":"https:\/\/swisssoftware24.ch\/fr\/wp-json\/wp\/v2\/media\/33963"}],"wp:attachment":[{"href":"https:\/\/swisssoftware24.ch\/fr\/wp-json\/wp\/v2\/media?parent=28709"}],"wp:term":[{"taxonomy":"product_brand","embeddable":true,"href":"https:\/\/swisssoftware24.ch\/fr\/wp-json\/wp\/v2\/product_brand?post=28709"},{"taxonomy":"product_cat","embeddable":true,"href":"https:\/\/swisssoftware24.ch\/fr\/wp-json\/wp\/v2\/product_cat?post=28709"},{"taxonomy":"product_tag","embeddable":true,"href":"https:\/\/swisssoftware24.ch\/fr\/wp-json\/wp\/v2\/product_tag?post=28709"}],"curies":[{"name":"wp","href":"https:\/\/api.w.org\/{rel}","templated":true}]}}