{"id":30172,"date":"2024-10-12T18:55:05","date_gmt":"2024-10-12T16:55:05","guid":{"rendered":"https:\/\/swisssoftware24.ch\/?post_type=product&#038;p=30172"},"modified":"2026-04-15T20:17:40","modified_gmt":"2026-04-15T18:17:40","slug":"microsoft-office-2024-home","status":"publish","type":"product","link":"https:\/\/swisssoftware24.ch\/fr\/products\/microsoft-office-2024-home\/","title":{"rendered":"Office Home 2024"},"content":{"rendered":"<h2><a href=\"https:\/\/swisssoftware24.ch\/fr\/products\/office-2024-standard-2-user\/\"><strong>Achtung: Als preisg\u00fcnstige Alternative bieten wir <\/strong><strong>Office 2024 Standard f\u00fcr 5 Benutzer<\/strong><strong> an. Keine J\u00e4hrliche kosten f\u00fcr nur 59.\u2013 Franken. Klicke hier!<\/strong><\/a><\/h2>\n<p>&nbsp;<\/p>\n<h1>Office Famille 2024 - Pour la maison et l\u2019\u00e9cole : Word, Excel, PowerPoint et OneNote sur 1 appareil<\/h1>\n<p><span style=\"font-weight: 400;\">\u00c0 la maison et \u00e0 l\u2019\u00e9cole, ce ne sont presque jamais les \u201cgrands projets\u201d qui prennent du temps. Le plus souvent, c\u2019est un devoir \u00e0 finaliser, un tableau de budget \u00e0 mettre \u00e0 jour rapidement ou une pr\u00e9sentation qui doit \u00eatre parfaite d\u00e8s l\u2019impression. Office Home 2024 est fait pour ces moments-l\u00e0 - et te donne les applications de bureau famili\u00e8res pour cr\u00e9er, modifier et terminer sans d\u00e9tour.<\/span><\/p>\n<p><span style=\"font-weight: 400;\">La diff\u00e9rence est nette, mais simple. Tu r\u00e9fl\u00e9chis moins \u00e0 la compatibilit\u00e9 des fichiers, aux mises en page qui se cassent ou aux fonctions absentes parce que tu utilises une version web limit\u00e9e. Tu ouvres Word, Excel, PowerPoint ou OneNote et tu fais ce que tu as \u00e0 faire - sur un PC ou un Mac, pour un usage \u00e0 la maison ou \u00e0 l\u2019\u00e9cole.<\/span><\/p>\n<p><span style=\"font-weight: 400;\">Office Home 2024 est la continuit\u00e9 de l\u2019ancienne gamme \u201cHome &amp; Student\u201d. C\u2019est toujours un achat unique pour un PC ou un Mac, avec des mises \u00e0 jour de s\u00e9curit\u00e9, mais sans nouvelles fonctionnalit\u00e9s en continu et sans mise \u00e0 niveau automatique vers la prochaine version majeure comme avec les abonnements Microsoft 365. En achetant Office Home 2024 chez SwissSoftware24, tu re\u00e7ois rapidement ton produit num\u00e9rique avec la cl\u00e9 d\u2019activation, le lien de t\u00e9l\u00e9chargement officiel et une facture suisse conforme aux exigences MWST\/TVA. Et si quelque chose bloque \u00e0 l\u2019installation, tu as une aide claire pour activer et d\u00e9marrer rapidement.<\/span><\/p>\n<h2><span style=\"font-weight: 400;\">Office Home 2024 pour PC ou Mac en achat unique avec Word, Excel, PowerPoint et OneNote<\/span><\/h2>\n<p><span style=\"font-weight: 400;\">Office Home 2024 est un achat unique pour un PC ou un Mac. Sont incluses les versions de bureau 2024 de Word, Excel, PowerPoint et OneNote. Le produit est pr\u00e9vu pour un usage non commercial et fonctionne avec Microsoft Teams.<\/span><\/p>\n<h2><span style=\"font-weight: 400;\">Quelles applications sont incluses?<\/span><\/h2>\n<ul>\n<li style=\"font-weight: 400;\" aria-level=\"1\"><span style=\"font-weight: 400;\">Word\u00a0<\/span><span style=\"font-weight: 400;\"><br \/>\n<\/span><\/li>\n<li style=\"font-weight: 400;\" aria-level=\"1\"><span style=\"font-weight: 400;\">Excel\u00a0<\/span><span style=\"font-weight: 400;\"><br \/>\n<\/span><\/li>\n<li style=\"font-weight: 400;\" aria-level=\"1\"><span style=\"font-weight: 400;\">PowerPoint\u00a0<\/span><span style=\"font-weight: 400;\"><br \/>\n<\/span><\/li>\n<li style=\"font-weight: 400;\" aria-level=\"1\"><span style=\"font-weight: 400;\">OneNote<\/span><span style=\"font-weight: 400;\"><br \/>\n<\/span><\/li>\n<li style=\"font-weight: 400;\" aria-level=\"1\"><span style=\"font-weight: 400;\">Compatible avec Microsoft Teams<\/span><span style=\"font-weight: 400;\"><br \/>\n<\/span><\/li>\n<\/ul>\n<h2><span style=\"font-weight: 400;\">Achat unique vs abonnement Microsoft 365<\/span><\/h2>\n<ul>\n<li style=\"font-weight: 400;\" aria-level=\"1\"><span style=\"font-weight: 400;\">Office Home 2024 est un achat unique, install\u00e9 sur 1 PC ou 1 Mac.<\/span><span style=\"font-weight: 400;\"><br \/>\n<\/span><\/li>\n<li style=\"font-weight: 400;\" aria-level=\"1\"><span style=\"font-weight: 400;\">Microsoft explique que les achats uniques n\u2019incluent pas les services fournis avec les abonnements Microsoft 365.<\/span><span style=\"font-weight: 400;\"><br \/>\n<\/span><\/li>\n<li style=\"font-weight: 400;\" aria-level=\"1\"><span style=\"font-weight: 400;\">Les mises \u00e0 jour de s\u00e9curit\u00e9 sont incluses ; les nouvelles fonctions et la mise \u00e0 niveau vers la prochaine version majeure ne sont pas incluses.<\/span><span style=\"font-weight: 400;\"><br \/>\n<\/span><\/li>\n<\/ul>\n<h2><span style=\"font-weight: 400;\">Installation, activation et internet<\/span><\/h2>\n<ul>\n<li style=\"font-weight: 400;\" aria-level=\"1\"><span style=\"font-weight: 400;\">Un acc\u00e8s internet est n\u00e9cessaire pour l\u2019installation et l\u2019activation ; ensuite, tu peux utiliser les apps de bureau sans connexion internet permanente.<\/span><span style=\"font-weight: 400;\"><br \/>\n<\/span><\/li>\n<li style=\"font-weight: 400;\" aria-level=\"1\"><span style=\"font-weight: 400;\">Un compte Microsoft est requis pour la configuration.<\/span><span style=\"font-weight: 400;\"><br \/>\n<\/span><\/li>\n<\/ul>\n<h2><span style=\"font-weight: 400;\">Exigences syst\u00e8me:<\/span><\/h2>\n<h3><span style=\"font-weight: 400;\">Windows (PC)<\/span><\/h3>\n<ul>\n<li style=\"font-weight: 400;\" aria-level=\"1\"><span style=\"font-weight: 400;\">Syst\u00e8me d\u2019exploitation : Windows 11 ou Windows 10<\/span><span style=\"font-weight: 400;\"><br \/>\n<\/span><\/li>\n<li style=\"font-weight: 400;\" aria-level=\"1\"><span style=\"font-weight: 400;\">Processeur : 1,6 GHz, 2 c\u0153urs<\/span><span style=\"font-weight: 400;\"><br \/>\n<\/span><\/li>\n<li style=\"font-weight: 400;\" aria-level=\"1\"><span style=\"font-weight: 400;\">M\u00e9moire : 4 Go de RAM (64 bits) ou 2 Go de RAM (32 bits)<\/span><span style=\"font-weight: 400;\"><br \/>\n<\/span><\/li>\n<li style=\"font-weight: 400;\" aria-level=\"1\"><span style=\"font-weight: 400;\">Espace disque : 4 Go disponibles<\/span><span style=\"font-weight: 400;\"><br \/>\n<\/span><\/li>\n<li style=\"font-weight: 400;\" aria-level=\"1\"><span style=\"font-weight: 400;\">Connexion internet : n\u00e9cessaire pour l\u2019installation et l\u2019activation<\/span><span style=\"font-weight: 400;\"><br \/>\n<\/span><\/li>\n<li style=\"font-weight: 400;\" aria-level=\"1\"><span style=\"font-weight: 400;\">Display: 1024 x 768<\/span><span style=\"font-weight: 400;\"><br \/>\n<\/span><\/li>\n<li style=\"font-weight: 400;\" aria-level=\"1\"><span style=\"font-weight: 400;\">Graphismes : DirectX 10 pour l\u2019acc\u00e9l\u00e9ration mat\u00e9rielle<\/span><span style=\"font-weight: 400;\"><br \/>\n<\/span><\/li>\n<li style=\"font-weight: 400;\" aria-level=\"1\"><span style=\"font-weight: 400;\">Compte Microsoft : requis<\/span><span style=\"font-weight: 400;\"><br \/>\n<\/span><\/li>\n<\/ul>\n<h3><span style=\"font-weight: 400;\">macOS (Mac)<\/span><\/h3>\n<ul>\n<li style=\"font-weight: 400;\" aria-level=\"1\"><span style=\"font-weight: 400;\">Syst\u00e8me d\u2019exploitation : macOS, compatible selon les exigences syst\u00e8me actuelles de Microsoft<\/span><span style=\"font-weight: 400;\"><br \/>\n<\/span><\/li>\n<li style=\"font-weight: 400;\" aria-level=\"1\"><span style=\"font-weight: 400;\">Processeur : Mac avec une version macOS prise en charge (Microsoft ne pr\u00e9cise pas de minimum en GHz)<\/span><span style=\"font-weight: 400;\"><br \/>\n<\/span><\/li>\n<li style=\"font-weight: 400;\" aria-level=\"1\"><span style=\"font-weight: 400;\">M\u00e9moire : 4 Go de RAM<\/span><span style=\"font-weight: 400;\"><br \/>\n<\/span><\/li>\n<li style=\"font-weight: 400;\" aria-level=\"1\"><span style=\"font-weight: 400;\">Espace disque : 10 Go disponibles<\/span><span style=\"font-weight: 400;\"><br \/>\n<\/span><\/li>\n<li style=\"font-weight: 400;\" aria-level=\"1\"><span style=\"font-weight: 400;\">Connexion internet : n\u00e9cessaire pour l\u2019installation et l\u2019activation<\/span><\/li>\n<li style=\"font-weight: 400;\" aria-level=\"1\"><span style=\"font-weight: 400;\">Display: 1280 x 800<\/span><\/li>\n<li style=\"font-weight: 400;\" aria-level=\"1\"><span style=\"font-weight: 400;\">Compte Microsoft : requis<\/span><span style=\"font-weight: 400;\"><br \/>\n<\/span><\/li>\n<\/ul>\n<h2><span style=\"font-weight: 400;\">3. FAQ<\/span><\/h2>\n<h3><span style=\"font-weight: 400;\">Pour qui est Office Home 2024 ?<\/span><span style=\"font-weight: 400;\"><br \/>\n<\/span><\/h3>\n<p><span style=\"font-weight: 400;\">Office Home 2024 est destin\u00e9 aux \u00e9l\u00e8ves, \u00e9tudiants et familles qui veulent des applications Office de bureau classiques pour la maison ou l\u2019\u00e9cole. Microsoft le d\u00e9crit comme un achat unique pour 1 PC ou 1 Mac.<\/span><\/p>\n<h3><span style=\"font-weight: 400;\">Qu\u2019est-ce qui distingue Office Home 2024 des autres produits Office ?<\/span><span style=\"font-weight: 400;\"><br \/>\n<\/span><\/h3>\n<p><span style=\"font-weight: 400;\">Il propose les versions de bureau 2024 des applications essentielles en achat unique. Il n\u2019inclut pas les services cloud suppl\u00e9mentaires pr\u00e9sents dans les abonnements Microsoft 365.<\/span><\/p>\n<h3><span style=\"font-weight: 400;\">Quels sont les principaux avantages d\u2019Office Home 2024 ?<\/span><span style=\"font-weight: 400;\"><br \/>\n<\/span><\/h3>\n<p><span style=\"font-weight: 400;\">Tu obtiens Word, Excel, PowerPoint et OneNote en apps de bureau. L\u2019installation est pr\u00e9vue sur un seul PC ou Mac, pour un usage non commercial.<\/span><\/p>\n<h3><span style=\"font-weight: 400;\">Outlook est-il inclus ?<\/span><span style=\"font-weight: 400;\"><br \/>\n<\/span><\/h3>\n<p><span style=\"font-weight: 400;\">Non. Microsoft indique que Word, Excel, PowerPoint et OneNote sont inclus.<\/span><\/p>\n<h3><span style=\"font-weight: 400;\">Ai-je besoin d\u2019internet pour utiliser Office Home 2024 ?<\/span><span style=\"font-weight: 400;\"><br \/>\n<\/span><\/h3>\n<p><span style=\"font-weight: 400;\">Oui, pour l\u2019installation et l\u2019activation. Ensuite, une connexion permanente n\u2019est pas n\u00e9cessaire pour utiliser les apps install\u00e9es.<\/span><\/p>\n<h3><span style=\"font-weight: 400;\">Ai-je besoin d\u2019un compte Microsoft ?<\/span><span style=\"font-weight: 400;\"><br \/>\n<\/span><\/h3>\n<p><span style=\"font-weight: 400;\">Oui. Microsoft mentionne l\u2019acc\u00e8s internet et le compte Microsoft comme exigences suppl\u00e9mentaires.<\/span><\/p>\n<h3><span style=\"font-weight: 400;\">Puis-je installer Office Home 2024 sur plusieurs ordinateurs ?<\/span><span style=\"font-weight: 400;\"><br \/>\n<\/span><\/h3>\n<p><span style=\"font-weight: 400;\">Microsoft d\u00e9crit le produit comme un achat unique pour 1 PC ou 1 Mac. Pour une utilisation sur plusieurs appareils, Microsoft renvoie vers les abonnements Microsoft 365.<\/span><\/p>\n<h3><span style=\"font-weight: 400;\">Office Home 2024 est-il la version plus r\u00e9cente de Home &amp; Student ?<\/span><span style=\"font-weight: 400;\"><br \/>\n<\/span><\/h3>\n<p><span style=\"font-weight: 400;\">Oui. Dans le Microsoft Store, Office Home 2024 est indiqu\u00e9 comme \u201canciennement Home &amp; Student\u201d.<\/span><\/p>\n<p data-start=\"0\" data-end=\"72\"><strong data-start=\"0\" data-end=\"68\">Ces alternatives \u00e0 Office 2024 Home pourraient aussi t\u2019int\u00e9resser<\/strong><\/p>\n<p data-start=\"74\" data-end=\"215\"><a href=\"https:\/\/swisssoftware24.ch\/fr\/products\/microsoft-365-single-personal\/\">Microsoft 365 Single<\/a> si tu veux Office en abonnement, l\u2019utiliser sur plusieurs appareils, et profiter de 1 To OneDrive pour 1 personne.<\/p>\n<p data-start=\"217\" data-end=\"341\"><a href=\"https:\/\/swisssoftware24.ch\/fr\/products\/microsoft-office-2024-home-business\/\">Office Home &amp; Business 2024<\/a> si tu pr\u00e9f\u00e8res un achat unique, mais que tu as aussi besoin d\u2019Outlook pour les e-mails et le calendrier.<\/p>\n<p data-start=\"1044\" data-end=\"1240\"><strong>Vous trouverez plus d'informations sur ce produit\u00a0<a href=\"https:\/\/swisssoftware24.ch\/fr\/microsoft-office-2024-home-intelligenter-schoener-staerker\/\">ici<\/a>.<\/strong><\/p>","protected":false},"excerpt":{"rendered":"<p><span style=\"font-weight: 400;\">Office Home 2024 ist ein Einmalkauf f\u00fcr 1 PC oder 1 Mac. Es enth\u00e4lt Word, Excel, PowerPoint und OneNote. Es ist f\u00fcr Zuhause oder Schule gedacht und f\u00fcr nicht kommerzielle Nutzung. Du brauchst Internet und ein Microsoft-Konto f\u00fcr Installation und Aktivierung. Danach kannst du die Desktop-Apps auch ohne dauerhafte Internetverbindung nutzen. Es l\u00e4uft auf Windows 11 oder Windows 10 und auf unterst\u00fctzten macOS Versionen. Es funktioniert mit Microsoft Teams.<\/span><\/p>\n<p><span style=\"font-weight: 400;\">SwissSoftware24 ist Ihr zuverl\u00e4ssiger Partner f\u00fcr Microsoft Produkte, sowohl f\u00fcr Privatpersonen als auch f\u00fcr Gesch\u00e4ftskunden. Sie erhalten Ihr digitales Produkt innerhalb weniger Minuten, inklusive Aktivierungsschl\u00fcssel, offiziellem Download-Link und einer Schweizer Rechnung, die die MWST-Anforderungen erf\u00fcllt. Zus\u00e4tzlich profitieren Sie von 2 Jahren Garantie, direktem Premium Support und echter Schweizer Kulanz, falls etwas nicht wie erwartet funktioniert. F\u00fcr individuelle Anforderungen bieten wir personalisierte L\u00f6sungen, die perfekt auf Ihre Bed\u00fcrfnisse zugeschnitten sind.<\/span><\/p>","protected":false},"featured_media":44199,"template":"","meta":{"_seopress_robots_primary_cat":"none","_seopress_titles_title":"Microsoft Office 2024 Home | SwissSoftware24","_seopress_titles_desc":"Microsoft Office 2024 Home: Lebenslange Lizenz, Copilot AI, neue Features in Word, Excel, PowerPoint. Ideal f\u00fcr private Nutzer&Studierende, effizienter arbeiten","_seopress_robots_index":""},"product_brand":[],"product_cat":[141,122,77,71],"product_tag":[],"class_list":{"0":"post-30172","1":"product","2":"type-product","3":"status-publish","4":"has-post-thumbnail","6":"product_cat-office-2024","7":"product_cat-office-bestseller","8":"product_cat-office-programme","9":"product_cat-office","11":"first","12":"instock","13":"sale","14":"virtual","15":"taxable","16":"purchasable","17":"product-type-simple"},"_links":{"self":[{"href":"https:\/\/swisssoftware24.ch\/fr\/wp-json\/wp\/v2\/product\/30172","targetHints":{"allow":["GET"]}}],"collection":[{"href":"https:\/\/swisssoftware24.ch\/fr\/wp-json\/wp\/v2\/product"}],"about":[{"href":"https:\/\/swisssoftware24.ch\/fr\/wp-json\/wp\/v2\/types\/product"}],"wp:featuredmedia":[{"embeddable":true,"href":"https:\/\/swisssoftware24.ch\/fr\/wp-json\/wp\/v2\/media\/44199"}],"wp:attachment":[{"href":"https:\/\/swisssoftware24.ch\/fr\/wp-json\/wp\/v2\/media?parent=30172"}],"wp:term":[{"taxonomy":"product_brand","embeddable":true,"href":"https:\/\/swisssoftware24.ch\/fr\/wp-json\/wp\/v2\/product_brand?post=30172"},{"taxonomy":"product_cat","embeddable":true,"href":"https:\/\/swisssoftware24.ch\/fr\/wp-json\/wp\/v2\/product_cat?post=30172"},{"taxonomy":"product_tag","embeddable":true,"href":"https:\/\/swisssoftware24.ch\/fr\/wp-json\/wp\/v2\/product_tag?post=30172"}],"curies":[{"name":"wp","href":"https:\/\/api.w.org\/{rel}","templated":true}]}}