{"id":34017,"date":"2025-01-21T13:52:20","date_gmt":"2025-01-21T12:52:20","guid":{"rendered":"https:\/\/swisssoftware24.ch\/?post_type=product&#038;p=34017"},"modified":"2025-11-30T00:17:26","modified_gmt":"2025-11-29T23:17:26","slug":"service-extra-plus","status":"publish","type":"product","link":"https:\/\/swisssoftware24.ch\/fr\/products\/service-extra-plus\/","title":{"rendered":"Service Extra Plus"},"content":{"rendered":"<p>Mit Service Extra Plus erhalten Sie statt der \u00fcblichen einj\u00e4hrigen Garantie ganze zwei Jahre Extra-Garantie! Dar\u00fcber hinaus profitieren Sie bei Bedarf von beschleunigtem Support, bevorzugter Behandlung sowie umfassender Hilfe bei der Installation. Und das Beste: Ein Jahr erstklassige Antivirus-Software gibt es GRATIS dazu.<\/p>\n<ul>\n<li><strong>Deux ans de garantie suppl\u00e9mentaire<\/strong><\/li>\n<li><strong>Assistance acc\u00e9l\u00e9r\u00e9e en cas de besoin<\/strong><\/li>\n<li><strong>Aide compl\u00e8te \u00e0 l'installation<\/strong><\/li>\n<li><strong>Un an de logiciel antivirus GRATUIT<\/strong><\/li>\n<\/ul>\n<p>&nbsp;<\/p>\n<p>Warum sollten Sie Service Extra Plus w\u00e4hlen? Weil der Umgang mit PC-Problemen und Installationen oft herausfordernd sein kann. Mit unserem Service erhalten Sie schnelle und zuverl\u00e4ssige Unterst\u00fctzung von Experten, wann immer Sie sie ben\u00f6tigen. So k\u00f6nnen Sie sich auf das Wesentliche konzentrieren und Ihre Ger\u00e4te sorgenfrei nutzen.<\/p>\n<p>Allein die Kosten f\u00fcr den umfassenden Support und die hochwertige Antivirus-Software machen ServiceExtra zu einer lohnenden Investition. Sichern Sie sich jetzt den besten Schutz und herausragenden Service f\u00fcr Ihre Produkte!<\/p>","protected":false},"excerpt":{"rendered":"<ul>\n<li><strong>Deux ans de garantie suppl\u00e9mentaire<\/strong><\/li>\n<li><strong>Assistance acc\u00e9l\u00e9r\u00e9e en cas de besoin<\/strong><\/li>\n<li><strong>Aide compl\u00e8te \u00e0 l'installation<\/strong><\/li>\n<li><strong>Un an de logiciel antivirus GRATUIT<\/strong><\/li>\n<\/ul>","protected":false},"featured_media":34137,"template":"","meta":{"_seopress_robots_primary_cat":"none","_seopress_titles_title":"","_seopress_titles_desc":"","_seopress_robots_index":""},"product_brand":[],"product_cat":[143],"product_tag":[],"class_list":{"0":"post-34017","1":"product","2":"type-product","3":"status-publish","4":"has-post-thumbnail","6":"product_cat-service","8":"first","9":"onbackorder","10":"sale","11":"downloadable","12":"taxable","13":"shipping-taxable","14":"purchasable","15":"product-type-simple"},"_links":{"self":[{"href":"https:\/\/swisssoftware24.ch\/fr\/wp-json\/wp\/v2\/product\/34017","targetHints":{"allow":["GET"]}}],"collection":[{"href":"https:\/\/swisssoftware24.ch\/fr\/wp-json\/wp\/v2\/product"}],"about":[{"href":"https:\/\/swisssoftware24.ch\/fr\/wp-json\/wp\/v2\/types\/product"}],"wp:featuredmedia":[{"embeddable":true,"href":"https:\/\/swisssoftware24.ch\/fr\/wp-json\/wp\/v2\/media\/34137"}],"wp:attachment":[{"href":"https:\/\/swisssoftware24.ch\/fr\/wp-json\/wp\/v2\/media?parent=34017"}],"wp:term":[{"taxonomy":"product_brand","embeddable":true,"href":"https:\/\/swisssoftware24.ch\/fr\/wp-json\/wp\/v2\/product_brand?post=34017"},{"taxonomy":"product_cat","embeddable":true,"href":"https:\/\/swisssoftware24.ch\/fr\/wp-json\/wp\/v2\/product_cat?post=34017"},{"taxonomy":"product_tag","embeddable":true,"href":"https:\/\/swisssoftware24.ch\/fr\/wp-json\/wp\/v2\/product_tag?post=34017"}],"curies":[{"name":"wp","href":"https:\/\/api.w.org\/{rel}","templated":true}]}}