{"id":34031,"date":"2025-01-21T16:26:23","date_gmt":"2025-01-21T15:26:23","guid":{"rendered":"https:\/\/swisssoftware24.ch\/?post_type=product&#038;p=34031"},"modified":"2025-11-29T23:56:54","modified_gmt":"2025-11-29T22:56:54","slug":"adobe-photoshop-elements-premiere-elements-2025","status":"publish","type":"product","link":"https:\/\/swisssoftware24.ch\/fr\/products\/adobe-photoshop-elements-premiere-elements-2025\/","title":{"rendered":"Adobe Photoshop Elements + Premiere Elements 2025"},"content":{"rendered":"<div class=\"text aem-GridColumn--tablet--12 aem-GridColumn--offset--tablet--0 aem-GridColumn--phone--hide aem-GridColumn--phone--12 aem-GridColumn aem-GridColumn--default--12 aem-GridColumn--offset--phone--0 aem-GridColumn--tablet--hide\">\n<div class=\"cmp-text mobile-padding-top-100 mobile-padding-bottom-20 tablet-padding-top-100 tablet-padding-bottom-0 tablet-padding-left-44 desktop-padding-top-28 NoMargin heading-XXL\">\n<p data-start=\"432\" data-end=\"812\">Avec Adobe Photoshop &amp; Premiere Elements 2025, les utilisateurs b\u00e9n\u00e9ficient d\u2019un duo puissant pour l\u2019\u00e9dition cr\u00e9ative de photos et de vid\u00e9os, avec une licence de 3 ans pour une utilisation flexible. Ces deux programmes sont enrichis par une intelligence artificielle am\u00e9lior\u00e9e, qui automatise les processus et garantit des r\u00e9sultats rapides et pr\u00e9cis \u2013 parfait pour d\u00e9butants et utilisateurs exp\u00e9riment\u00e9s.<\/p>\n<p data-start=\"814\" data-end=\"1143\">Photoshop Elements brille avec de nouveaux pinceaux, filtres et retouches guid\u00e9es, tandis que Premiere Elements propose un montage 4K plus fluide, ainsi que des effets et transitions am\u00e9lior\u00e9s. L\u2019interface a \u00e9t\u00e9 optimis\u00e9e pour une prise en main intuitive.<\/p>\n<p data-start=\"1145\" data-end=\"1444\">Le pack inclut \u00e9galement une vaste biblioth\u00e8que de mod\u00e8les, effets sonores libres de droit et musiques, pour enrichir vos projets visuellement et auditivement. Gr\u00e2ce aux options d\u2019exportation directe vers les r\u00e9seaux sociaux, le partage est simple et rapide.<\/p>\n<p data-start=\"1145\" data-end=\"1444\"><strong>Vous trouverez plus d'informations sur ce produit\u00a0<a href=\"https:\/\/swisssoftware24.ch\/fr\/adobe-photoshop-premiere-elements-2025-kreative-freiheit-mit-ki-unterstuetzung\/\">ici<\/a>.<\/strong><\/p>\n<h3>Adobe Photoshop&amp;Premiere Elements 2025 - configuration requise<\/h3>\n<ul>\n<li>Syst\u00e8me d'exploitation: Windows 10 et 11 (64 bits) \/ macOS (derni\u00e8res versions)<\/li>\n<li>Processeur: Intel 6e g\u00e9n\u00e9ration ou plus r\u00e9cent, ou AMD \u00e9quivalent avec prise en charge de SSE 4.1<\/li>\n<li>RAM: 8\u00a0Go de RAM (16\u00a0Go recommand\u00e9s)<\/li>\n<li>Espace disque: 10\u00a0Go disponibles pour l'installation; espace suppl\u00e9mentaire pour les fichiers de travail<\/li>\n<li>Carte graphique: Carte graphique compatible DirectX 12 et 2\u00a0Go de VRAM (4\u00a0Go recommand\u00e9s)<\/li>\n<li>Affichage: R\u00e9solution d'\u00e9cran: 1280\u00a0x\u00a0800 (1920\u00a0x\u00a01080 recommand\u00e9)<\/li>\n<\/ul>\n<p>Remarque importante: La configuration syst\u00e8me requise est susceptible d'\u00eatre modifi\u00e9e d'ici la sortie du logiciel. Nous vous recommandons de consulter la configuration syst\u00e8me requise officielle d'Adobe avant tout achat.<\/p>\n<\/div>\n<\/div>","protected":false},"excerpt":{"rendered":"<p>Mit Adobe Photoshop &amp; Premiere Elements 2025 erhalten Nutzer ein leistungsstarkes Duo f\u00fcr kreative Foto- und Videobearbeitung mit langj\u00e4hriger Lizenz f\u00fcr volle Flexibilit\u00e4t. Beide Programme wurden mit verbesserter KI-Unterst\u00fctzung ausgestattet, um Arbeitsprozesse zu automatisieren und Ergebnisse schneller sowie pr\u00e4ziser zu erzielen \u2013 ideal f\u00fcr Anf\u00e4nger und Fortgeschrittene. Photoshop Elements punktet mit neuen Pinseln, Filtern und [&hellip;]<\/p>","protected":false},"featured_media":34033,"template":"","meta":{"_seopress_robots_primary_cat":"none","_seopress_titles_title":"Adobe Photoshop&Premiere Elements 2025 | SwissSoftware24","_seopress_titles_desc":"Adobe Photoshop&Premiere Elements 2025: Bearbeiten Sie Fotos und Videos m\u00fchelos. Kreative Tools f\u00fcr atemberaubende Projekte. Jetzt bei SwissSoftware24.","_seopress_robots_index":""},"product_brand":[],"product_cat":[91,92,97,100,82,83],"product_tag":[],"class_list":{"0":"post-34031","1":"product","2":"type-product","3":"status-publish","4":"has-post-thumbnail","6":"product_cat-adobe","7":"product_cat-animation","8":"product_cat-grafik-design","9":"product_cat-video","10":"product_cat-video-grafik","11":"product_cat-video-grafik-andere","13":"first","14":"onbackorder","15":"taxable","16":"shipping-taxable","17":"purchasable","18":"product-type-simple"},"_links":{"self":[{"href":"https:\/\/swisssoftware24.ch\/fr\/wp-json\/wp\/v2\/product\/34031","targetHints":{"allow":["GET"]}}],"collection":[{"href":"https:\/\/swisssoftware24.ch\/fr\/wp-json\/wp\/v2\/product"}],"about":[{"href":"https:\/\/swisssoftware24.ch\/fr\/wp-json\/wp\/v2\/types\/product"}],"wp:featuredmedia":[{"embeddable":true,"href":"https:\/\/swisssoftware24.ch\/fr\/wp-json\/wp\/v2\/media\/34033"}],"wp:attachment":[{"href":"https:\/\/swisssoftware24.ch\/fr\/wp-json\/wp\/v2\/media?parent=34031"}],"wp:term":[{"taxonomy":"product_brand","embeddable":true,"href":"https:\/\/swisssoftware24.ch\/fr\/wp-json\/wp\/v2\/product_brand?post=34031"},{"taxonomy":"product_cat","embeddable":true,"href":"https:\/\/swisssoftware24.ch\/fr\/wp-json\/wp\/v2\/product_cat?post=34031"},{"taxonomy":"product_tag","embeddable":true,"href":"https:\/\/swisssoftware24.ch\/fr\/wp-json\/wp\/v2\/product_tag?post=34031"}],"curies":[{"name":"wp","href":"https:\/\/api.w.org\/{rel}","templated":true}]}}