{"id":34144,"date":"2025-01-24T09:23:06","date_gmt":"2025-01-24T08:23:06","guid":{"rendered":"https:\/\/swisssoftware24.ch\/?post_type=product&#038;p=34144"},"modified":"2025-11-29T23:56:54","modified_gmt":"2025-11-29T22:56:54","slug":"parallels-desktop-standard-20","status":"publish","type":"product","link":"https:\/\/swisssoftware24.ch\/fr\/products\/parallels-desktop-standard-20\/","title":{"rendered":"Parallels Desktop Standard 20"},"content":{"rendered":"<p class=\"\" data-start=\"199\" data-end=\"477\">Parallels Desktop 20 est une solution de virtualisation puissante qui permet aux utilisateurs de Mac d'ex\u00e9cuter des applications Windows directement sur leur syst\u00e8me macOS. Le logiciel offre une int\u00e9gration transparente des deux syst\u00e8mes d'exploitation \u2013 sans red\u00e9marrages ni basculements constants.<\/p>\n<p class=\"\" data-start=\"479\" data-end=\"740\">Qu'il s'agisse de Microsoft Office, de Visual Studio ou de jeux exclusifs \u00e0 Windows \u2013 avec Parallels Desktop 20, ces programmes peuvent \u00eatre utilis\u00e9s sans effort en parall\u00e8le des applications macOS. Cela vous permet de profiter de la polyvalence et des performances des deux plateformes simultan\u00e9ment.<\/p>\n<p class=\"\" data-start=\"742\" data-end=\"973\">La facilit\u00e9 d'utilisation, la haute stabilit\u00e9 et l'optimisation pour les versions actuelles de macOS et Windows font de Parallels Desktop 20 le choix id\u00e9al pour les professionnels, les d\u00e9veloppeurs, les \u00e9tudiants et tous ceux qui ont besoin de flexibilit\u00e9 dans leur vie quotidienne.<\/p>\n<p data-start=\"742\" data-end=\"973\"><strong>Vous trouverez plus d'informations sur ce produit\u00a0<a href=\"https:\/\/swisssoftware24.ch\/fr\/parallels-desktop-20-windows-auf-dem-mac-kein-problem\/\">ici<\/a>.<\/strong><\/p>\n<p><strong>Configuration syst\u00e8me:<\/strong><\/p>\n<ul>\n<li>Processeur\u00a0: 1,6\u00a0GHz, 2\u00a0c\u0153urs.<\/li>\n<li>M\u00e9moire\u00a0: 4\u00a0Go de RAM\u00a0; 2\u00a0Go de RAM (32\u00a0bits).<\/li>\n<li>Stockage\u00a0: 4\u00a0Go d\u2019espace de stockage disponible.<\/li>\n<li>Syst\u00e8me d\u2019exploitation\u00a0: macOS 10.14 ou sup\u00e9rieur.<\/li>\n<li>\u00c9cran\u00a0: 1280\u00a0x\u00a0768.<\/li>\n<\/ul>","protected":false},"excerpt":{"rendered":"<p>Parallels Desktop 20 ist eine leistungsstarke Virtualisierungsl\u00f6sung, die es Mac-Nutzern erm\u00f6glicht, Windows-Anwendungen direkt auf ihrem macOS-System auszuf\u00fchren. Die Software bietet eine nahtlose Integration beider Betriebssysteme \u2013 ohne Neustarts oder st\u00e4ndiges Wechseln. Egal ob Microsoft Office, Visual Studio oder Windows-exklusive Spiele \u2013 mit Parallels Desktop 20 lassen sich diese Programme problemlos parallel zu macOS-Anwendungen nutzen. So [&hellip;]<\/p>","protected":false},"featured_media":34147,"template":"","meta":{"_seopress_robots_primary_cat":"none","_seopress_titles_title":"","_seopress_titles_desc":"","_seopress_robots_index":""},"product_brand":[],"product_cat":[131,83],"product_tag":[],"class_list":{"0":"post-34144","1":"product","2":"type-product","3":"status-publish","4":"has-post-thumbnail","6":"product_cat-andere","7":"product_cat-video-grafik-andere","9":"first","10":"instock","11":"taxable","12":"shipping-taxable","13":"purchasable","14":"product-type-variable"},"_links":{"self":[{"href":"https:\/\/swisssoftware24.ch\/fr\/wp-json\/wp\/v2\/product\/34144","targetHints":{"allow":["GET"]}}],"collection":[{"href":"https:\/\/swisssoftware24.ch\/fr\/wp-json\/wp\/v2\/product"}],"about":[{"href":"https:\/\/swisssoftware24.ch\/fr\/wp-json\/wp\/v2\/types\/product"}],"wp:featuredmedia":[{"embeddable":true,"href":"https:\/\/swisssoftware24.ch\/fr\/wp-json\/wp\/v2\/media\/34147"}],"wp:attachment":[{"href":"https:\/\/swisssoftware24.ch\/fr\/wp-json\/wp\/v2\/media?parent=34144"}],"wp:term":[{"taxonomy":"product_brand","embeddable":true,"href":"https:\/\/swisssoftware24.ch\/fr\/wp-json\/wp\/v2\/product_brand?post=34144"},{"taxonomy":"product_cat","embeddable":true,"href":"https:\/\/swisssoftware24.ch\/fr\/wp-json\/wp\/v2\/product_cat?post=34144"},{"taxonomy":"product_tag","embeddable":true,"href":"https:\/\/swisssoftware24.ch\/fr\/wp-json\/wp\/v2\/product_tag?post=34144"}],"curies":[{"name":"wp","href":"https:\/\/api.w.org\/{rel}","templated":true}]}}