{"id":34153,"date":"2025-01-24T09:58:40","date_gmt":"2025-01-24T08:58:40","guid":{"rendered":"https:\/\/swisssoftware24.ch\/?post_type=product&#038;p=34153"},"modified":"2025-11-30T00:17:26","modified_gmt":"2025-11-29T23:17:26","slug":"parallels-desktop-standard-18-1-jahr","status":"publish","type":"product","link":"https:\/\/swisssoftware24.ch\/fr\/products\/parallels-desktop-standard-18-1-jahr\/","title":{"rendered":"Parallels Desktop Standard 18 (1 Jahr)"},"content":{"rendered":"<p class=\"\" data-start=\"208\" data-end=\"461\">Parallels Desktop Standard 18 est la solution id\u00e9ale pour les utilisateurs de Mac qui souhaitent ex\u00e9cuter des applications Windows en parall\u00e8le avec macOS. Le logiciel permet une int\u00e9gration stable et transparente des deux syst\u00e8mes sans n\u00e9cessiter de red\u00e9marrage.<\/p>\n<p class=\"\" data-start=\"463\" data-end=\"696\">Vous pouvez ex\u00e9cuter directement des programmes tels que Microsoft Office, Visual Studio ou m\u00eame des jeux Windows \u2013 tout en continuant \u00e0 utiliser toutes les fonctionnalit\u00e9s habituelles de votre Mac. L'utilisation parall\u00e8le permet de gagner du temps et d'accro\u00eetre l'efficacit\u00e9.<\/p>\n<p class=\"\" data-start=\"698\" data-end=\"904\">Gr\u00e2ce \u00e0 sa facilit\u00e9 d'utilisation, ses hautes performances et sa large compatibilit\u00e9, Parallels Desktop Standard 18 est particuli\u00e8rement bien adapt\u00e9 aux professionnels, aux \u00e9tudiants et aux utilisateurs ayant des besoins vari\u00e9s.<\/p>\n<p data-start=\"698\" data-end=\"904\"><strong>Vous trouverez plus d'informations sur ce produit\u00a0<a href=\"https:\/\/swisssoftware24.ch\/fr\/parallels-desktop-standard-18-zwei-systeme-ein-geraet\/\">ici<\/a>.<\/strong><\/p>\n<p><strong>Parallels Desktop Standard 18 (1 an) - configuration requise:<\/strong><\/p>\n<ul>\n<li data-start=\"363\" data-end=\"476\">Processeur: Apple Silicon (s\u00e9rie M) ou Intel Core i5\/i7\/i9\/Xeon.<\/li>\n<li data-start=\"363\" data-end=\"476\">M\u00e9moire vive: au moins 4\u00a0Go (16\u00a0Go ou plus pour des performances optimales).<\/li>\n<li data-start=\"604\" data-end=\"840\">Espace de stockage: environ 600\u00a0Mo pour l\u2019installation de Parallels, plus de l\u2019espace suppl\u00e9mentaire pour la machine virtuelle\u00a0; au moins 16\u00a0Go sont requis pour Windows (davantage est possible, selon la machine virtuelle).<\/li>\n<li data-start=\"843\" data-end=\"1096\">Syst\u00e8me d\u2019exploitation (macOS h\u00f4te): macOS 10.14.6 Mojave ou version ult\u00e9rieure (PD18 est compatible avec Mojave jusqu\u2019\u00e0 Sonoma\u00a0; les versions les plus r\u00e9centes de macOS peuvent b\u00e9n\u00e9ficier d\u2019une prise en charge optimis\u00e9e uniquement dans les versions plus r\u00e9centes de Parallels).<\/li>\n<li data-start=\"1099\" data-end=\"1214\">Connexion Internet: requise pour l\u2019activation, les mises \u00e0 jour et certaines fonctionnalit\u00e9s.<\/li>\n<\/ul>\n<p data-start=\"1216\" data-end=\"1254\">","protected":false},"excerpt":{"rendered":"<p>Parallels Desktop Standard 18 ist die ideale L\u00f6sung f\u00fcr alle Mac-Nutzer, die Windows-Anwendungen parallel zu macOS nutzen m\u00f6chten. Die Software erm\u00f6glicht eine stabile und nahtlose Integration beider Systeme, ohne dass ein Neustart erforderlich ist. Sie k\u00f6nnen Programme wie Microsoft Office, Visual Studio oder auch Windows-Spiele direkt ausf\u00fchren \u2013 und gleichzeitig weiterhin alle gewohnten Funktionen Ihres [&hellip;]<\/p>","protected":false},"featured_media":34156,"template":"","meta":{"_seopress_robots_primary_cat":"none","_seopress_titles_title":"","_seopress_titles_desc":"","_seopress_robots_index":""},"product_brand":[],"product_cat":[131,83],"product_tag":[],"class_list":{"0":"post-34153","1":"product","2":"type-product","3":"status-publish","4":"has-post-thumbnail","6":"product_cat-andere","7":"product_cat-video-grafik-andere","9":"first","10":"onbackorder","11":"taxable","12":"shipping-taxable","13":"purchasable","14":"product-type-simple"},"_links":{"self":[{"href":"https:\/\/swisssoftware24.ch\/fr\/wp-json\/wp\/v2\/product\/34153","targetHints":{"allow":["GET"]}}],"collection":[{"href":"https:\/\/swisssoftware24.ch\/fr\/wp-json\/wp\/v2\/product"}],"about":[{"href":"https:\/\/swisssoftware24.ch\/fr\/wp-json\/wp\/v2\/types\/product"}],"wp:featuredmedia":[{"embeddable":true,"href":"https:\/\/swisssoftware24.ch\/fr\/wp-json\/wp\/v2\/media\/34156"}],"wp:attachment":[{"href":"https:\/\/swisssoftware24.ch\/fr\/wp-json\/wp\/v2\/media?parent=34153"}],"wp:term":[{"taxonomy":"product_brand","embeddable":true,"href":"https:\/\/swisssoftware24.ch\/fr\/wp-json\/wp\/v2\/product_brand?post=34153"},{"taxonomy":"product_cat","embeddable":true,"href":"https:\/\/swisssoftware24.ch\/fr\/wp-json\/wp\/v2\/product_cat?post=34153"},{"taxonomy":"product_tag","embeddable":true,"href":"https:\/\/swisssoftware24.ch\/fr\/wp-json\/wp\/v2\/product_tag?post=34153"}],"curies":[{"name":"wp","href":"https:\/\/api.w.org\/{rel}","templated":true}]}}