{"id":34854,"date":"2025-02-18T13:49:51","date_gmt":"2025-02-18T12:49:51","guid":{"rendered":"https:\/\/swisssoftware24.ch\/?post_type=product&#038;p=34854"},"modified":"2026-02-27T08:30:54","modified_gmt":"2026-02-27T07:30:54","slug":"acronis-true-image-essentials","status":"publish","type":"product","link":"https:\/\/swisssoftware24.ch\/fr\/products\/acronis-true-image-essentials\/","title":{"rendered":"Acronis True Image Essentials"},"content":{"rendered":"<p data-start=\"0\" data-end=\"378\">Acronis True Image Essentials est la solution de sauvegarde l\u00e9g\u00e8re et facile \u00e0 utiliser pour celles et ceux qui veulent des sauvegardes locales fiables sans abonnement cloud. Sauvegardez des images compl\u00e8tes du syst\u00e8me, des dossiers ou des fichiers sur disques externes, SSD ou NAS\u2014planifiables et automatisables.<\/p>\n<p data-start=\"380\" data-end=\"600\">Gr\u00e2ce aux sauvegardes incr\u00e9mentielles et diff\u00e9rentielles, vous gagnez du temps et de l\u2019espace: seules les modifications sont copi\u00e9es, tout en conservant des restaurations rapides et pr\u00e9cises.<\/p>\n<p data-start=\"602\" data-end=\"856\">En cas d\u2019urgence, vous restaurez rapidement des fichiers individuels ou l\u2019ensemble du syst\u00e8me\u2014sur un mat\u00e9riel identique ou nouveau. Un support de secours (Acronis Survival Kit) amor\u00e7able vous aide en option pour la restauration bare-metal.<\/p>\n<p data-start=\"602\" data-end=\"856\"><strong>Vous trouverez plus d'informations sur ce produit\u00a0<a href=\"https:\/\/swisssoftware24.ch\/fr\/acronis-true-image-essentials-fokussiert-schnell-sicher\/\">ici<\/a>.<\/strong><\/p>\n<h3 data-start=\"1010\" data-end=\"1432\">Acronis True Image Essentials \u2013 configuration requise<\/h3>\n<ul>\n<li data-start=\"63\" data-end=\"137\"><strong data-start=\"65\" data-end=\"79\">Processeur:<\/strong> Intel Core 2 Duo ou \u00e9quivalent, 2\u00a0GHz ou plus.<\/li>\n<li data-start=\"138\" data-end=\"182\"><strong data-start=\"140\" data-end=\"160\">M\u00e9moire:<\/strong> 2\u00a0Go de RAM ou plus.<\/li>\n<li data-start=\"183\" data-end=\"303\"><strong data-start=\"185\" data-end=\"203\">Espace disque:<\/strong> 7\u00a0Go pour l\u2019installation + espace de stockage suppl\u00e9mentaire pour les sauvegardes (selon le volume de donn\u00e9es).<\/li>\n<li data-start=\"304\" data-end=\"419\"><strong data-start=\"306\" data-end=\"325\">Syst\u00e8me d'exploitation<\/strong> Windows 11, 10, 8.1 \/ macOS Sonoma 14, Ventura 13, Monterey 12, Big Sur 11, Catalina 10.15.<\/li>\n<li data-start=\"420\" data-end=\"496\" data-is-last-node=\"\"><strong data-start=\"422\" data-end=\"435\">Internet:<\/strong> requis pour l'activation, les mises \u00e0 jour et les fonctionnalit\u00e9s en ligne.<\/li>\n<\/ul>","protected":false},"excerpt":{"rendered":"<p>Acronis True Image Essentials ist die schlanke, benutzerfreundliche Sicherungsl\u00f6sung f\u00fcr alle, die zuverl\u00e4ssige lokale Backups ohne Abo-Cloud suchen. Sichern Sie komplette System-Images, einzelne Ordner oder Dateien auf externe Festplatten, SSDs oder Ihr NAS \u2013 planbar und automatisierbar. Dank inkrementeller und differenzieller Backups sparen Sie Zeit und Speicherplatz: Es werden nur \u00c4nderungen gesichert, Wiederherstellungen bleiben trotzdem [&hellip;]<\/p>","protected":false},"featured_media":34858,"template":"","meta":{"_seopress_robots_primary_cat":"none","_seopress_titles_title":"Acronis True Image Essentials \u2013 Zuverl\u00e4ssiges Backup","_seopress_titles_desc":"Sichern Sie Ihre wichtigen Daten mit Acronis True Image Essentials. Einfache lokale Backups, schnelle Wiederherstellung und zuverl\u00e4ssiger Schutz vor Datenverlust","_seopress_robots_index":""},"product_brand":[],"product_cat":[129,94,63,64,65],"product_tag":[],"class_list":{"0":"post-34854","1":"product","2":"type-product","3":"status-publish","4":"has-post-thumbnail","6":"product_cat-acronis","7":"product_cat-antivirus-security-fur-unternehmen","8":"product_cat-antivirus-security","9":"product_cat-backup","10":"product_cat-fur-unternehmen","12":"first","13":"instock","14":"taxable","15":"shipping-taxable","16":"purchasable","17":"product-type-variable"},"_links":{"self":[{"href":"https:\/\/swisssoftware24.ch\/fr\/wp-json\/wp\/v2\/product\/34854","targetHints":{"allow":["GET"]}}],"collection":[{"href":"https:\/\/swisssoftware24.ch\/fr\/wp-json\/wp\/v2\/product"}],"about":[{"href":"https:\/\/swisssoftware24.ch\/fr\/wp-json\/wp\/v2\/types\/product"}],"wp:featuredmedia":[{"embeddable":true,"href":"https:\/\/swisssoftware24.ch\/fr\/wp-json\/wp\/v2\/media\/34858"}],"wp:attachment":[{"href":"https:\/\/swisssoftware24.ch\/fr\/wp-json\/wp\/v2\/media?parent=34854"}],"wp:term":[{"taxonomy":"product_brand","embeddable":true,"href":"https:\/\/swisssoftware24.ch\/fr\/wp-json\/wp\/v2\/product_brand?post=34854"},{"taxonomy":"product_cat","embeddable":true,"href":"https:\/\/swisssoftware24.ch\/fr\/wp-json\/wp\/v2\/product_cat?post=34854"},{"taxonomy":"product_tag","embeddable":true,"href":"https:\/\/swisssoftware24.ch\/fr\/wp-json\/wp\/v2\/product_tag?post=34854"}],"curies":[{"name":"wp","href":"https:\/\/api.w.org\/{rel}","templated":true}]}}