{"id":34863,"date":"2025-02-18T13:56:13","date_gmt":"2025-02-18T12:56:13","guid":{"rendered":"https:\/\/swisssoftware24.ch\/?post_type=product&#038;p=34863"},"modified":"2025-11-29T23:56:54","modified_gmt":"2025-11-29T22:56:54","slug":"acronis-true-image-premium-1-tb","status":"publish","type":"product","link":"https:\/\/swisssoftware24.ch\/fr\/products\/acronis-true-image-premium-1-tb\/","title":{"rendered":"Acronis True Image Premium 1 TB"},"content":{"rendered":"<p data-start=\"0\" data-end=\"314\">Acronis True Image Premium assure une sauvegarde tout-en-un : images compl\u00e8tes sur disque local et 1 To de cloud chiffr\u00e9, pour continuer \u00e0 travailler m\u00eame apr\u00e8s vol ou incendie.<\/p>\n<p data-start=\"316\" data-end=\"579\">La suite marie sauvegarde classique et antimalware int\u00e9gr\u00e9 avec d\u00e9tection du ransomware et du cryptominage: votre backup vous sauve avant l\u2019infection.<\/p>\n<p data-start=\"581\" data-end=\"835\">Ajoutez-y Acronis Notary &amp; ASign: cachet blockchain et signatures \u00e9lectroniques qui prouvent \u00e0 tout instant l\u2019int\u00e9grit\u00e9 de vos contrats et photos.<\/p>\n<p data-start=\"581\" data-end=\"835\"><strong>Vous trouverez plus d'informations sur ce produit\u00a0<a href=\"https:\/\/swisssoftware24.ch\/fr\/acronis-true-image-premium-1-tb-mehr-als-nur-ein-backup\/\">ici<\/a>.<\/strong><\/p>\n<h3 data-start=\"0\" data-end=\"63\"><strong data-start=\"0\" data-end=\"61\">Acronis True Image Premium 1 Tb \u2013 Configuration requise<\/strong><\/h3>\n<ul data-start=\"65\" data-end=\"522\" data-is-last-node=\"\">\n<li data-start=\"65\" data-end=\"139\"><strong data-start=\"67\" data-end=\"81\">Processeur:<\/strong> Intel Core 2 Duo ou \u00e9quivalent, 2\u00a0GHz ou plus.<\/li>\n<li data-start=\"140\" data-end=\"184\"><strong data-start=\"142\" data-end=\"162\">M\u00e9moire:<\/strong> 2\u00a0Go de RAM ou plus.<\/li>\n<li data-start=\"185\" data-end=\"305\"><strong data-start=\"187\" data-end=\"205\">Espace disque:<\/strong> 7\u00a0Go pour l\u2019installation + espace de stockage suppl\u00e9mentaire pour les sauvegardes (selon le volume de donn\u00e9es).<\/li>\n<li data-start=\"306\" data-end=\"421\"><strong data-start=\"308\" data-end=\"327\">Syst\u00e8me d'exploitation<\/strong> Windows 11, 10, 8.1 \/ macOS Sonoma 14, Ventura 13, Monterey 12, Big Sur 11, Catalina 10.15.<\/li>\n<li data-start=\"422\" data-end=\"522\" data-is-last-node=\"\"><strong data-start=\"424\" data-end=\"437\">Internet:<\/strong> requis pour l\u2019activation, les mises \u00e0 jour, la sauvegarde dans le cloud et les fonctionnalit\u00e9s de cyberprotection.<\/li>\n<\/ul>","protected":false},"excerpt":{"rendered":"<p>Acronis True Image Premium bietet eine Komplettsicherung aus einem Guss: Voll-Image-Backups auf lokale Datentr\u00e4ger plus 1 TB verschl\u00fcsselter Cloud-Speicher, damit Sie selbst nach Diebstahl oder Brand sofort weiterarbeiten k\u00f6nnen. Die Suite kombiniert klassische Datensicherung mit integriertem Antimalware-Schutz inklusive Ransomware- und Kryptomining-Erkennung \u2013 so wird das Backup nicht erst nach, sondern schon vor der Infektion zum [&hellip;]<\/p>","protected":false},"featured_media":34866,"template":"","meta":{"_seopress_robots_primary_cat":"none","_seopress_titles_title":"Acronis True Image Premium 1 TB \u2013 Sicheres Cloud-Backup","_seopress_titles_desc":"Maximale Datensicherheit mit Acronis True Image Premium 1 TB \u2013 Cloud-Backup, Antimalware-Schutz & Blockchain-Zertifizierung f\u00fcr h\u00f6chste Sicherheit.","_seopress_robots_index":""},"product_brand":[],"product_cat":[129,63,94,65],"product_tag":[],"class_list":{"0":"post-34863","1":"product","2":"type-product","3":"status-publish","4":"has-post-thumbnail","6":"product_cat-acronis","7":"product_cat-antivirus-security","8":"product_cat-antivirus-security-fur-unternehmen","9":"product_cat-fur-unternehmen","11":"first","12":"instock","13":"taxable","14":"shipping-taxable","15":"purchasable","16":"product-type-variable"},"_links":{"self":[{"href":"https:\/\/swisssoftware24.ch\/fr\/wp-json\/wp\/v2\/product\/34863","targetHints":{"allow":["GET"]}}],"collection":[{"href":"https:\/\/swisssoftware24.ch\/fr\/wp-json\/wp\/v2\/product"}],"about":[{"href":"https:\/\/swisssoftware24.ch\/fr\/wp-json\/wp\/v2\/types\/product"}],"wp:featuredmedia":[{"embeddable":true,"href":"https:\/\/swisssoftware24.ch\/fr\/wp-json\/wp\/v2\/media\/34866"}],"wp:attachment":[{"href":"https:\/\/swisssoftware24.ch\/fr\/wp-json\/wp\/v2\/media?parent=34863"}],"wp:term":[{"taxonomy":"product_brand","embeddable":true,"href":"https:\/\/swisssoftware24.ch\/fr\/wp-json\/wp\/v2\/product_brand?post=34863"},{"taxonomy":"product_cat","embeddable":true,"href":"https:\/\/swisssoftware24.ch\/fr\/wp-json\/wp\/v2\/product_cat?post=34863"},{"taxonomy":"product_tag","embeddable":true,"href":"https:\/\/swisssoftware24.ch\/fr\/wp-json\/wp\/v2\/product_tag?post=34863"}],"curies":[{"name":"wp","href":"https:\/\/api.w.org\/{rel}","templated":true}]}}