{"id":34870,"date":"2025-02-18T14:04:01","date_gmt":"2025-02-18T13:04:01","guid":{"rendered":"https:\/\/swisssoftware24.ch\/?post_type=product&#038;p=34870"},"modified":"2025-11-29T23:56:54","modified_gmt":"2025-11-29T22:56:54","slug":"acronis-true-image-2025-perpetual","status":"publish","type":"product","link":"https:\/\/swisssoftware24.ch\/fr\/products\/acronis-true-image-2025-perpetual\/","title":{"rendered":"Acronis True Image 2025 Perpetual"},"content":{"rendered":"<p data-sourcepos=\"1:1-1:592\">Acronis True Image 2025 Perpetual est une solution compl\u00e8te de sauvegarde de donn\u00e9es et de cybers\u00e9curit\u00e9 qui garantit la protection de vos donn\u00e9es 24 heures sur 24. Avec cette version \u00e0 licence perp\u00e9tuelle, vous pouvez profiter de toutes les fonctionnalit\u00e9s du programme sans avoir \u00e0 renouveler un abonnement. Cr\u00e9ez des sauvegardes de l\u2019ensemble de votre ordinateur, de fichiers ou dossiers individuels, ainsi que de disques externes et du cloud. En cas de panne, d\u2019attaque par ransomware ou de suppression accidentelle, vous pouvez facilement restaurer vos donn\u00e9es \u00e0 leur \u00e9tat ant\u00e9rieur.<\/p>\n<p data-sourcepos=\"3:1-3:547\">Acronis True Image 2025 Perpetual offre des fonctions avanc\u00e9es telles que le clonage de disque, la cr\u00e9ation d\u2019images disque, le chiffrement des donn\u00e9es ainsi qu\u2019une protection antivirus et anti-ransomware int\u00e9gr\u00e9e. Vos donn\u00e9es sont ainsi prot\u00e9g\u00e9es non seulement contre la perte, mais aussi contre les cybermenaces. Le programme cr\u00e9e automatiquement des sauvegardes, vous \u00e9vitant ainsi d\u2019avoir \u00e0 vous soucier d\u2019une sauvegarde r\u00e9guli\u00e8re de vos donn\u00e9es. L\u2019interface utilisateur intuitive rend le programme simple et agr\u00e9able \u00e0 utiliser, m\u00eame pour les utilisateurs inexp\u00e9riment\u00e9s.<\/p>\n<p data-sourcepos=\"5:1-5:370\">En choisissant Acronis True Image 2025 Perpetual, vous investissez \u00e0 long terme dans la s\u00e9curit\u00e9 de vos donn\u00e9es. C\u2019est une solution fiable et \u00e9prouv\u00e9e qui vous aide \u00e0 vous prot\u00e9ger contre les cons\u00e9quences d\u2019une perte de donn\u00e9es. Vous pouvez avoir l\u2019esprit tranquille, sachant que vos fichiers, photos, vid\u00e9os et documents pr\u00e9cieux sont toujours en s\u00e9curit\u00e9 et facilement accessibles.<\/p>\n<p data-sourcepos=\"5:1-5:370\"><strong>Vous trouverez plus d'informations sur ce produit\u00a0<a href=\"https:\/\/swisssoftware24.ch\/fr\/acronis-true-image-2025-datensicherung-ohne-umwege-wiederherstellung-in-minuten\/\">ici<\/a>.<\/strong><\/p>\n<h3 data-sourcepos=\"1:1-1:60\">Acronis True Image 2025 Perpetual \u2013 Configuration requise<\/h3>\n<ul data-sourcepos=\"3:1-7:101\">\n<li data-sourcepos=\"3:1-3:73\"><strong>Processeur:<\/strong> Intel Core 2 Duo ou \u00e9quivalent, 2 GHz ou plus rapide<\/li>\n<li data-sourcepos=\"4:1-4:43\"><strong>M\u00e9moire:<\/strong> 2 Go ou plus<\/li>\n<li data-sourcepos=\"5:1-5:119\"><strong>Espace disque:<\/strong> 7 Go pour l\u2019installation + espace suppl\u00e9mentaire pour les sauvegardes (selon la quantit\u00e9 de donn\u00e9es)<\/li>\n<li data-sourcepos=\"6:1-6:114\"><strong>Syst\u00e8me d'exploitation<\/strong> Windows 11, 10, 8.1 \/ macOS Sonoma 14, Ventura 13, Monterey 12, Big Sur 11, Catalina 10.15<\/li>\n<li data-sourcepos=\"7:1-7:101\"><strong>Internet:<\/strong> Requis pour l\u2019activation, les mises \u00e0 jour, la sauvegarde cloud et les fonctions de Cyber Protection<\/li>\n<\/ul>","protected":false},"excerpt":{"rendered":"<p>Acronis True Image 2025 Perpetual ist eine umfassende L\u00f6sung f\u00fcr Datensicherung und Cybersicherheit, die den Schutz Ihrer Daten rund um die Uhr gew\u00e4hrleistet. Mit dieser Version mit unbefristeter Lizenz k\u00f6nnen Sie den vollen Funktionsumfang des Programms nutzen, ohne ein Abonnement erneuern zu m\u00fcssen. Erstellen Sie Backups des gesamten Computers, einzelner Dateien oder Ordner sowie externer [&hellip;]<\/p>","protected":false},"featured_media":34873,"template":"","meta":{"_seopress_robots_primary_cat":"none","_seopress_titles_title":"Acronis True Image 2025 Perpetual: Backup f\u00fcr Ihre Daten","_seopress_titles_desc":"Acronis True Image 2025 Perpetual: der Komplettl\u00f6sung f\u00fcr Datensicherung und Cybersicherheit. Unbefristete Lizenz, erweiterte Funktionen, Schutz vor Cyberbedrohungen.","_seopress_robots_index":""},"product_brand":[],"product_cat":[129,63,64,65,94],"product_tag":[],"class_list":{"0":"post-34870","1":"product","2":"type-product","3":"status-publish","4":"has-post-thumbnail","6":"product_cat-acronis","7":"product_cat-antivirus-security","8":"product_cat-backup","9":"product_cat-fur-unternehmen","10":"product_cat-antivirus-security-fur-unternehmen","12":"first","13":"instock","14":"taxable","15":"shipping-taxable","16":"purchasable","17":"product-type-variable"},"_links":{"self":[{"href":"https:\/\/swisssoftware24.ch\/fr\/wp-json\/wp\/v2\/product\/34870","targetHints":{"allow":["GET"]}}],"collection":[{"href":"https:\/\/swisssoftware24.ch\/fr\/wp-json\/wp\/v2\/product"}],"about":[{"href":"https:\/\/swisssoftware24.ch\/fr\/wp-json\/wp\/v2\/types\/product"}],"wp:featuredmedia":[{"embeddable":true,"href":"https:\/\/swisssoftware24.ch\/fr\/wp-json\/wp\/v2\/media\/34873"}],"wp:attachment":[{"href":"https:\/\/swisssoftware24.ch\/fr\/wp-json\/wp\/v2\/media?parent=34870"}],"wp:term":[{"taxonomy":"product_brand","embeddable":true,"href":"https:\/\/swisssoftware24.ch\/fr\/wp-json\/wp\/v2\/product_brand?post=34870"},{"taxonomy":"product_cat","embeddable":true,"href":"https:\/\/swisssoftware24.ch\/fr\/wp-json\/wp\/v2\/product_cat?post=34870"},{"taxonomy":"product_tag","embeddable":true,"href":"https:\/\/swisssoftware24.ch\/fr\/wp-json\/wp\/v2\/product_tag?post=34870"}],"curies":[{"name":"wp","href":"https:\/\/api.w.org\/{rel}","templated":true}]}}