{"id":36873,"date":"2025-05-28T13:26:23","date_gmt":"2025-05-28T11:26:23","guid":{"rendered":"https:\/\/swisssoftware24.ch\/?post_type=product&#038;p=36873"},"modified":"2025-11-29T23:56:54","modified_gmt":"2025-11-29T22:56:54","slug":"microsoft-windows-server-2025-standard","status":"publish","type":"product","link":"https:\/\/swisssoftware24.ch\/fr\/products\/microsoft-windows-server-2025-standard\/","title":{"rendered":"Microsoft Windows Server 2025 Standard"},"content":{"rendered":"<p data-start=\"346\" data-end=\"707\">Microsoft Windows Server 2025 Standard est la derni\u00e8re version du syst\u00e8me d'exploitation serveur \u00e9prouv\u00e9 pour les environnements informatiques professionnels. L'\u00e9dition Standard s'adresse sp\u00e9cifiquement aux entreprises dot\u00e9es d'une infrastructure physique ou d'une virtualisation minimale. Disponible en deux variantes \u2013 avec 16 ou 24 c\u0153urs \u2013 elle offre une flexibilit\u00e9 et une \u00e9volutivit\u00e9 maximales.<\/p>\n<p data-start=\"709\" data-end=\"1050\">Avec une protection am\u00e9lior\u00e9e gr\u00e2ce aux technologies Secured-Core, un TPM int\u00e9gr\u00e9, le hotpatching sans red\u00e9marrage ainsi que de nouvelles fonctions pour l'optimisation du r\u00e9seau et du stockage, cette version est id\u00e9ale pour les entreprises modernes. La prise en charge native d'Azure Arc et des infrastructures cloud hybrides permet une int\u00e9gration facile avec Microsoft Azure.<\/p>\n<p data-start=\"1052\" data-end=\"1311\">Windows Server 2025 Standard offre \u00e9galement de nombreuses innovations dans les domaines d'Active Directory, de la virtualisation GPU, des performances NVMe et du support OpenSSH. C'est le choix parfait pour les entreprises qui misent sur une s\u00e9curit\u00e9, une disponibilit\u00e9 et une p\u00e9rennit\u00e9 maximales.<\/p>\n<p data-start=\"1052\" data-end=\"1311\"><strong>Vous trouverez plus d'informations sur ce produit\u00a0<a href=\"https:\/\/swisssoftware24.ch\/fr\/windows-server-2025-standard-zukunftssicheres-serverbetriebssystem-mit-maximaler-kontrolle\/\">ici<\/a>.<\/strong><\/p>\n<h3 data-start=\"1052\" data-end=\"1311\"><strong>Microsoft Windows Server 2025 Standard \u2013 Configuration requise<\/strong><\/h3>\n<p data-sourcepos=\"7:1-7:246\">Les exigences suivantes sont bas\u00e9es sur les versions pr\u00e9c\u00e9dentes de Windows Server et sont optimis\u00e9es pour les caract\u00e9ristiques de performance attendues de Windows Server 2025. Les exigences minimales suivantes s'appliquent aux versions <strong>16 et 24 c\u0153urs<\/strong> :<\/p>\n<p data-sourcepos=\"9:1-9:13\"><strong>Processeur<\/strong><\/p>\n<ul data-sourcepos=\"10:1-12:0\">\n<li data-sourcepos=\"10:1-10:57\">Processeur 64 bits de 1,4 GHz compatible avec le jeu d'instructions x64.<\/li>\n<li data-sourcepos=\"11:1-12:0\">Doit prendre en charge les fonctions suivantes : NX et DEP, CMPXCHG16b, LAHF\/SAHF et pr\u00e9lecture (Prefetching).<\/li>\n<\/ul>\n<p data-sourcepos=\"13:1-13:16\"><strong>M\u00e9moire\/RAM<\/strong><\/p>\n<ul data-sourcepos=\"14:1-17:0\">\n<li data-sourcepos=\"14:1-14:82\">Minimum 2 Go de RAM (pour les serveurs avec option d'installation Exp\u00e9rience utilisateur).<\/li>\n<li data-sourcepos=\"15:1-15:119\">Pour Server Core, 512 Mo sont toujours recommand\u00e9s, bien que 2 Go soient recommand\u00e9s pour des performances fluides.<\/li>\n<li data-sourcepos=\"16:1-17:0\">Il est fortement recommand\u00e9 d'utiliser un code de correction d'erreurs (ECC) ou une technologie similaire pour les d\u00e9ploiements sur des h\u00f4tes physiques afin de garantir l'int\u00e9grit\u00e9 des donn\u00e9es.<\/li>\n<\/ul>\n<p data-sourcepos=\"18:1-18:23\"><strong>Espace disque<\/strong><\/p>\n<ul data-sourcepos=\"19:1-21:0\">\n<li data-sourcepos=\"19:1-19:23\">Minimum 32 Go.<\/li>\n<li data-sourcepos=\"20:1-21:0\">Il est recommand\u00e9 d'allouer plus de 32 Go, surtout si vous installez des r\u00f4les, des fonctionnalit\u00e9s ou des applications suppl\u00e9mentaires.<\/li>\n<\/ul>\n<p data-sourcepos=\"22:1-22:25\"><strong>Exigences r\u00e9seau<\/strong><\/p>\n<ul data-sourcepos=\"23:1-25:0\">\n<li data-sourcepos=\"23:1-23:81\">Adaptateur Ethernet avec une bande passante d'au moins 1 gigabit par seconde.<\/li>\n<li data-sourcepos=\"24:1-25:0\">Doit \u00eatre conforme \u00e0 la sp\u00e9cification de l'architecture PCI Express.<\/li>\n<\/ul>\n<p data-sourcepos=\"26:1-26:29\"><strong>Exigences suppl\u00e9mentaires<\/strong><\/p>\n<ul data-sourcepos=\"27:1-34:0\">\n<li data-sourcepos=\"27:1-27:85\">Syst\u00e8me bas\u00e9 sur UEFI 2.3.1c et micrologiciel prenant en charge le d\u00e9marrage s\u00e9curis\u00e9.<\/li>\n<li data-sourcepos=\"28:1-32:70\">Module de plateforme s\u00e9curis\u00e9e (TPM):\n<ul data-sourcepos=\"29:5-32:70\">\n<li data-sourcepos=\"29:5-29:88\">Les TPM mat\u00e9riels doivent impl\u00e9menter la version 2.0 de la sp\u00e9cification TPM.<\/li>\n<li data-sourcepos=\"30:5-30:210\">Les TPM qui impl\u00e9mentent la version 2.0 doivent avoir un certificat EK pr\u00e9-fourni au TPM par le fabricant du mat\u00e9riel ou pouvant \u00eatre t\u00e9l\u00e9charg\u00e9 par l'appareil lors du premier d\u00e9marrage.<\/li>\n<li data-sourcepos=\"31:5-31:287\">Les TPM qui impl\u00e9mentent la version 2.0 doivent \u00eatre livr\u00e9s avec des banques PCR SHA-256 et impl\u00e9menter les PCR 0 \u00e0 23 pour SHA-256. Il est acceptable de livrer des TPM avec une banque PCR commutable pouvant \u00eatre utilis\u00e9e pour les mesures SHA-1 et SHA-256.<\/li>\n<li data-sourcepos=\"32:5-32:70\">L'option UEFI de d\u00e9sactivation du TPM n'est pas requise.<\/li>\n<\/ul>\n<\/li>\n<li data-sourcepos=\"33:1-34:0\">Un p\u00e9riph\u00e9rique graphique et un moniteur prenant en charge Super VGA (1024 x 768) ou une r\u00e9solution sup\u00e9rieure (principalement pertinent pour l'installation avec Exp\u00e9rience utilisateur).<\/li>\n<\/ul>","protected":false},"excerpt":{"rendered":"<p>Microsoft Windows Server 2025 Standard ist die neueste Version des bew\u00e4hrten Serverbetriebssystems f\u00fcr professionelle IT-Umgebungen. Die Edition Standard richtet sich speziell an Unternehmen mit physischer Infrastruktur oder minimaler Virtualisierung. Verf\u00fcgbar in zwei Varianten \u2013 mit 16 oder 24 Cores \u2013 bietet sie maximale Flexibilit\u00e4t und Skalierbarkeit. Mit verbessertem Schutz durch Secured-Core-Technologien, integriertem TPM, Hotpatching ohne [&hellip;]<\/p>","protected":false},"featured_media":36879,"template":"","meta":{"_seopress_robots_primary_cat":"none","_seopress_titles_title":"Windows Server 2025 Standard \u2013 16 & 24 Core | SwissSoftware24","_seopress_titles_desc":"Windows Server 2025 Standard \u2013 h\u00f6chste Sicherheit, Hybridfunktionen & Performance. Jetzt als 16- oder 24-Core-Version f\u00fcr moderne IT-Infrastrukturen verf\u00fcgbar.","_seopress_robots_index":""},"product_brand":[],"product_cat":[78,89],"product_tag":[],"class_list":{"0":"post-36873","1":"product","2":"type-product","3":"status-publish","4":"has-post-thumbnail","6":"product_cat-server-software","7":"product_cat-windows-server","9":"first","10":"instock","11":"taxable","12":"shipping-taxable","13":"purchasable","14":"product-type-variable","15":"has-default-attributes"},"_links":{"self":[{"href":"https:\/\/swisssoftware24.ch\/fr\/wp-json\/wp\/v2\/product\/36873","targetHints":{"allow":["GET"]}}],"collection":[{"href":"https:\/\/swisssoftware24.ch\/fr\/wp-json\/wp\/v2\/product"}],"about":[{"href":"https:\/\/swisssoftware24.ch\/fr\/wp-json\/wp\/v2\/types\/product"}],"wp:featuredmedia":[{"embeddable":true,"href":"https:\/\/swisssoftware24.ch\/fr\/wp-json\/wp\/v2\/media\/36879"}],"wp:attachment":[{"href":"https:\/\/swisssoftware24.ch\/fr\/wp-json\/wp\/v2\/media?parent=36873"}],"wp:term":[{"taxonomy":"product_brand","embeddable":true,"href":"https:\/\/swisssoftware24.ch\/fr\/wp-json\/wp\/v2\/product_brand?post=36873"},{"taxonomy":"product_cat","embeddable":true,"href":"https:\/\/swisssoftware24.ch\/fr\/wp-json\/wp\/v2\/product_cat?post=36873"},{"taxonomy":"product_tag","embeddable":true,"href":"https:\/\/swisssoftware24.ch\/fr\/wp-json\/wp\/v2\/product_tag?post=36873"}],"curies":[{"name":"wp","href":"https:\/\/api.w.org\/{rel}","templated":true}]}}