{"id":36880,"date":"2025-05-28T13:39:38","date_gmt":"2025-05-28T11:39:38","guid":{"rendered":"https:\/\/swisssoftware24.ch\/?post_type=product&#038;p=36880"},"modified":"2025-11-29T23:56:54","modified_gmt":"2025-11-29T22:56:54","slug":"microsoft-windows-server-2025-datacenter","status":"publish","type":"product","link":"https:\/\/swisssoftware24.ch\/fr\/products\/microsoft-windows-server-2025-datacenter\/","title":{"rendered":"Microsoft Windows Server 2025 Datacenter"},"content":{"rendered":"<p data-start=\"259\" data-end=\"723\">Microsoft Windows Server 2025 Datacenter est la solution id\u00e9ale pour les centres de donn\u00e9es hautement virtualis\u00e9s et les infrastructures cloud. La licence 16 c\u0153urs offre un acc\u00e8s illimit\u00e9 aux machines virtuelles et conteneurs Windows Server, garantissant une flexibilit\u00e9 maximale dans l\u2019expansion et la gestion de l\u2019infrastructure informatique. Gr\u00e2ce aux fonctions hybrides int\u00e9gr\u00e9es et aux mesures de s\u00e9curit\u00e9 de niveau entreprise, ce serveur est parfaitement adapt\u00e9 aux charges de travail modernes et \u00e9volutives.<\/p>\n<p data-start=\"725\" data-end=\"1141\">Les principales fonctionnalit\u00e9s incluent Storage Spaces Direct, le r\u00e9seau d\u00e9fini par logiciel (SDN), les fonctionnalit\u00e9s secured-core, le hotpatching, ainsi qu\u2019un Windows Admin Center am\u00e9lior\u00e9. De plus, l\u2019int\u00e9gration avec Azure Arc et Azure Stack HCI permet une gestion centralis\u00e9e des environnements locaux et cloud. L\u2019\u00e9dition Datacenter prend en charge jusqu\u2019\u00e0 48 To de RAM, 2048 processeurs logiques et 12 To de RAM par machine virtuelle.<\/p>\n<p data-start=\"1143\" data-end=\"1503\">Windows Server 2025 Datacenter constitue une plateforme p\u00e9renne pour les entreprises recherchant une s\u00e9curit\u00e9 maximale, une haute disponibilit\u00e9 et une connectivit\u00e9 cloud au sein d\u2019une infrastructure performante. Gr\u00e2ce \u00e0 de nouvelles fonctionnalit\u00e9s telles qu\u2019une meilleure int\u00e9gration d\u2019Active Directory, la partition GPU et l\u2019optimisation NVMe, cette version \u00e9tablit de nouveaux standards dans le domaine des syst\u00e8mes d\u2019exploitation serveur.<\/p>\n<p data-start=\"1143\" data-end=\"1503\"><strong>Vous trouverez plus d'informations sur ce produit\u00a0<a href=\"https:\/\/swisssoftware24.ch\/fr\/microsoft-windows-server-2025-datacenter-hoechste-leistung-fuer-hochvirtualisierte-umgebungen\/\">ici<\/a>.<\/strong><\/p>\n<h3 data-start=\"1052\" data-end=\"1311\"><strong>Microsoft Windows Server 2022 Datacenter \u2013 Configuration syst\u00e8me:<\/strong><\/h3>\n<p data-sourcepos=\"9:1-9:263\">Les exigences suivantes sont bas\u00e9es sur les versions pr\u00e9c\u00e9dentes de Windows Server et optimis\u00e9es pour les performances attendues de Windows Server 2025. Les sp\u00e9cifications minimales et recommand\u00e9es suivantes s\u2019appliquent aux versions 16 et 24 c\u0153urs:<\/p>\n<p data-sourcepos=\"11:1-11:13\"><strong>Processeur<\/strong><\/p>\n<ul data-sourcepos=\"12:1-15:0\">\n<li data-sourcepos=\"12:1-12:73\">Au moins un processeur 64 bits de 1,4 GHz, compatible avec le jeu d\u2019instructions x64.<\/li>\n<li data-sourcepos=\"13:1-13:204\">Recommandation pour les syst\u00e8mes 16 et 24 c\u0153urs : pour des performances optimales, notamment sous charge \u00e9lev\u00e9e, un processeur multic\u0153ur avec une fr\u00e9quence de base d\u2019au moins 2,5 GHz par c\u0153ur est recommand\u00e9.<\/li>\n<li data-sourcepos=\"14:1-15:0\">Doit prendre en charge les fonctions suivantes : NX et DEP, CMPXCHG16b, LAHF\/SAHF et pr\u00e9lecture (Prefetching).<\/li>\n<\/ul>\n<p data-sourcepos=\"16:1-16:16\"><strong>M\u00e9moire\/RAM<\/strong><\/p>\n<ul data-sourcepos=\"17:1-20:0\">\n<li data-sourcepos=\"17:1-17:121\">Minimum 512 Mo (installation Server Core) ou 2 Go (installation avec Desktop Experience).<\/li>\n<li data-sourcepos=\"18:1-18:399\">Recommandation forte pour les syst\u00e8mes 16 et 24 c\u0153urs : pour un environnement stable et performant, surtout avec plusieurs services ou VM, au moins 8 Go de RAM sont recommand\u00e9s \u2013 id\u00e9alement 16 Go ou plus, selon les charges de travail pr\u00e9vues.<\/li>\n<li data-sourcepos=\"19:1-20:0\">Il est fortement recommand\u00e9 d'utiliser un code de correction d'erreurs (ECC) ou une technologie similaire pour les d\u00e9ploiements sur des h\u00f4tes physiques afin de garantir l'int\u00e9grit\u00e9 des donn\u00e9es.<\/li>\n<\/ul>\n<p data-sourcepos=\"21:1-21:23\"><strong>Espace disque<\/strong><\/p>\n<ul data-sourcepos=\"22:1-24:0\">\n<li data-sourcepos=\"22:1-22:23\">Minimum 32 Go.<\/li>\n<li data-sourcepos=\"23:1-24:0\">Recommandation: au moins 128 Go SSD\/NVMe pour des performances d\u2019E\/S \u00e9lev\u00e9es, en fonction du volume de donn\u00e9es et des installations.<\/li>\n<\/ul>\n<p data-sourcepos=\"25:1-25:25\"><strong>Exigences r\u00e9seau<\/strong><\/p>\n<ul data-sourcepos=\"26:1-28:0\">\n<li data-sourcepos=\"26:1-26:81\">Adaptateur Ethernet avec une bande passante d'au moins 1 gigabit par seconde.<\/li>\n<li data-sourcepos=\"27:1-28:0\">Doit \u00eatre conforme \u00e0 la sp\u00e9cification de l'architecture PCI Express.<\/li>\n<\/ul>\n<p data-sourcepos=\"29:1-29:29\"><strong>Exigences suppl\u00e9mentaires<\/strong><\/p>\n<ul data-sourcepos=\"30:1-37:0\">\n<li data-sourcepos=\"30:1-30:85\">Syst\u00e8me bas\u00e9 sur UEFI 2.3.1c et micrologiciel prenant en charge le d\u00e9marrage s\u00e9curis\u00e9.<\/li>\n<li data-sourcepos=\"31:1-35:70\">Module de plateforme s\u00e9curis\u00e9e (TPM):\n<ul data-sourcepos=\"32:5-35:70\">\n<li data-sourcepos=\"32:5-32:88\">Les TPM mat\u00e9riels doivent impl\u00e9menter la version 2.0 de la sp\u00e9cification TPM.<\/li>\n<li data-sourcepos=\"33:5-33:210\">Les TPM qui impl\u00e9mentent la version 2.0 doivent avoir un certificat EK pr\u00e9-fourni au TPM par le fabricant du mat\u00e9riel ou pouvant \u00eatre t\u00e9l\u00e9charg\u00e9 par l'appareil lors du premier d\u00e9marrage.<\/li>\n<li data-sourcepos=\"34:5-34:287\">Les TPM qui impl\u00e9mentent la version 2.0 doivent \u00eatre livr\u00e9s avec des banques PCR SHA-256 et impl\u00e9menter les PCR 0 \u00e0 23 pour SHA-256. Il est acceptable de livrer des TPM avec une banque PCR commutable pouvant \u00eatre utilis\u00e9e pour les mesures SHA-1 et SHA-256.<\/li>\n<li data-sourcepos=\"35:5-35:70\">L'option UEFI de d\u00e9sactivation du TPM n'est pas requise.<\/li>\n<\/ul>\n<\/li>\n<li data-sourcepos=\"36:1-37:0\">Un p\u00e9riph\u00e9rique graphique et un moniteur prenant en charge Super VGA (1024 x 768) ou une r\u00e9solution sup\u00e9rieure (principalement pertinent pour l'installation avec Exp\u00e9rience utilisateur).<\/li>\n<\/ul>","protected":false},"excerpt":{"rendered":"<p>Microsoft Windows Server 2025 Datacenter ist die ideale L\u00f6sung f\u00fcr hochvirtualisierte Rechenzentren und Cloud-Infrastrukturen. Die Lizenz f\u00fcr 16 Kerne bietet uneingeschr\u00e4nkten Zugriff auf Windows Server-VMs und Container, wodurch maximale Flexibilit\u00e4t beim Ausbau und Management der IT-Infrastruktur erreicht wird. Dank integrierter Hybridfunktionen und Sicherheitsma\u00dfnahmen der Enterprise-Klasse ist der Server optimal f\u00fcr moderne, skalierbare Workloads geeignet. Zu [&hellip;]<\/p>","protected":false},"featured_media":36883,"template":"","meta":{"_seopress_robots_primary_cat":"none","_seopress_titles_title":"Windows Server 2025 Datacenter 16 , 24 Core","_seopress_titles_desc":"Windows Server 2025 Datacenter mit unbegrenzter VM-Nutzung, Hotpatching, Azure Arc & GPU-Support \u2013 perfekt f\u00fcr hybride Rechenzentren.","_seopress_robots_index":""},"product_brand":[],"product_cat":[78,89],"product_tag":[],"class_list":{"0":"post-36880","1":"product","2":"type-product","3":"status-publish","4":"has-post-thumbnail","6":"product_cat-server-software","7":"product_cat-windows-server","9":"first","10":"instock","11":"taxable","12":"shipping-taxable","13":"purchasable","14":"product-type-variable","15":"has-default-attributes"},"_links":{"self":[{"href":"https:\/\/swisssoftware24.ch\/fr\/wp-json\/wp\/v2\/product\/36880","targetHints":{"allow":["GET"]}}],"collection":[{"href":"https:\/\/swisssoftware24.ch\/fr\/wp-json\/wp\/v2\/product"}],"about":[{"href":"https:\/\/swisssoftware24.ch\/fr\/wp-json\/wp\/v2\/types\/product"}],"wp:featuredmedia":[{"embeddable":true,"href":"https:\/\/swisssoftware24.ch\/fr\/wp-json\/wp\/v2\/media\/36883"}],"wp:attachment":[{"href":"https:\/\/swisssoftware24.ch\/fr\/wp-json\/wp\/v2\/media?parent=36880"}],"wp:term":[{"taxonomy":"product_brand","embeddable":true,"href":"https:\/\/swisssoftware24.ch\/fr\/wp-json\/wp\/v2\/product_brand?post=36880"},{"taxonomy":"product_cat","embeddable":true,"href":"https:\/\/swisssoftware24.ch\/fr\/wp-json\/wp\/v2\/product_cat?post=36880"},{"taxonomy":"product_tag","embeddable":true,"href":"https:\/\/swisssoftware24.ch\/fr\/wp-json\/wp\/v2\/product_tag?post=36880"}],"curies":[{"name":"wp","href":"https:\/\/api.w.org\/{rel}","templated":true}]}}