{"id":36946,"date":"2025-05-30T18:20:03","date_gmt":"2025-05-30T16:20:03","guid":{"rendered":"https:\/\/swisssoftware24.ch\/?post_type=product&#038;p=36946"},"modified":"2025-11-30T00:17:26","modified_gmt":"2025-11-29T23:17:26","slug":"microsoft-windows-server-2022-datacenter-16-core","status":"publish","type":"product","link":"https:\/\/swisssoftware24.ch\/fr\/products\/microsoft-windows-server-2022-datacenter-16-core\/","title":{"rendered":"Microsoft Windows Server 2022 Datacenter 16 Core"},"content":{"rendered":"<p data-start=\"236\" data-end=\"634\">Microsoft Windows Server 2022 Datacenter (16 Core) est la solution la plus compl\u00e8te pour les centres de donn\u00e9es hautement virtualis\u00e9s et les environnements cloud. Cette \u00e9dition offre toutes les fonctionnalit\u00e9s de la version Standard, enrichies par des machines virtuelles prot\u00e9g\u00e9es et une utilisation illimit\u00e9e des VMs Hyper-V. Elle est id\u00e9ale pour les entreprises ayant des exigences \u00e9lev\u00e9es en mati\u00e8re d\u2019\u00e9volutivit\u00e9, de s\u00e9curit\u00e9 et de charges de travail hybrides.<\/p>\n<p data-start=\"636\" data-end=\"1034\">Avec des fonctions telles que Storage Spaces Direct, stockage r\u00e9pliqu\u00e9, machines virtuelles prot\u00e9g\u00e9es, chiffrement BitLocker, int\u00e9gration TPM, Credential Guard, Hotpatching, et prise en charge moderne des conteneurs, cette version offre des performances exceptionnelles. L\u2019int\u00e9gration avec Azure Arc, Azure Stack HCI et AKS permet une modernisation fluide des infrastructures existantes.<\/p>\n<p data-start=\"1036\" data-end=\"1356\">Windows Server 2022 Datacenter prend en charge jusqu\u2019\u00e0 48 To de RAM, 64 sockets et 2048 processeurs logiques, ce qui en fait la plateforme id\u00e9ale pour les services gourmands en ressources tels que SQL Server. Gr\u00e2ce \u00e0 des fonctionnalit\u00e9s r\u00e9seau, de stockage et de s\u00e9curit\u00e9 am\u00e9lior\u00e9es, il garantit une flexibilit\u00e9 maximale et une p\u00e9rennit\u00e9 \u00e0 long terme.<\/p>\n<p data-start=\"1036\" data-end=\"1356\"><strong>Vous trouverez plus d'informations sur ce produit\u00a0<a href=\"https:\/\/swisssoftware24.ch\/fr\/windows-server-2022-datacenter-hoechste-leistung-fuer-virtuelle-infrastrukturen\/\">ici<\/a>.<\/strong><\/p>\n<h3 data-start=\"1052\" data-end=\"1311\"><strong>Microsoft Windows Server 2022 Datacenter \u2013 Configuration syst\u00e8me:<\/strong><\/h3>\n<p data-sourcepos=\"7:1-7:391\">Microsoft Windows Server 2022 Datacenter est un syst\u00e8me d\u2019exploitation avanc\u00e9 con\u00e7u pour les centres de donn\u00e9es hautement virtualis\u00e9s et les environnements cloud. Cette version permet un nombre illimit\u00e9 de machines virtuelles et de conteneurs Windows Server, offrant une gestion flexible des ressources et une \u00e9volutivit\u00e9 selon les besoins de l\u2019entreprise.<\/p>\n<p data-sourcepos=\"9:1-9:13\"><strong>Processeur<\/strong><\/p>\n<ul data-sourcepos=\"10:1-13:0\">\n<li data-sourcepos=\"10:1-10:73\">Au moins un processeur 64 bits de 1,4 GHz, compatible avec le jeu d\u2019instructions x64.<\/li>\n<li data-sourcepos=\"11:1-11:318\">Recommandation forte pour les syst\u00e8mes 16 c\u0153urs : pour des charges de travail intensives, notamment en virtualisation, un processeur multic\u0153ur avec une fr\u00e9quence de base de 2,5 GHz ou plus par c\u0153ur est fortement recommand\u00e9.<\/li>\n<li data-sourcepos=\"12:1-13:0\">Doit prendre en charge les fonctions suivantes : NX et DEP, CMPXCHG16b, LAHF\/SAHF et Prefetching.<\/li>\n<\/ul>\n<p data-sourcepos=\"14:1-14:16\"><strong>M\u00e9moire\/RAM<\/strong><\/p>\n<ul data-sourcepos=\"15:1-18:0\">\n<li data-sourcepos=\"15:1-15:121\">Minimum 512 Mo (installation Server Core) ou 2 Go (installation avec Desktop Experience).<\/li>\n<li data-sourcepos=\"16:1-16:381\">Recommandation forte: pour des environnements hautement virtualis\u00e9s et un grand nombre de VMs, 32 Go de RAM minimum sont recommand\u00e9s, id\u00e9alement 64 Go ou plus.<\/li>\n<li data-sourcepos=\"17:1-18:0\">Il est fortement recommand\u00e9 d'utiliser un code de correction d'erreurs (ECC) ou une technologie similaire pour les d\u00e9ploiements sur des h\u00f4tes physiques afin de garantir l'int\u00e9grit\u00e9 des donn\u00e9es.<\/li>\n<\/ul>\n<p data-sourcepos=\"19:1-19:23\"><strong>Espace disque<\/strong><\/p>\n<ul data-sourcepos=\"20:1-22:0\">\n<li data-sourcepos=\"20:1-20:23\">Minimum 32 Go.<\/li>\n<li data-sourcepos=\"21:1-22:0\">Recommandation : au moins 256 Go SSD\/NVMe, notamment pour Storage Spaces Direct et les environnements \u00e0 forte E\/S, afin de garantir les meilleures performances. Des disques suppl\u00e9mentaires sont n\u00e9cessaires pour le pool Storage Spaces Direct.<\/li>\n<\/ul>\n<p data-sourcepos=\"23:1-23:25\"><strong>Exigences r\u00e9seau<\/strong><\/p>\n<ul data-sourcepos=\"24:1-27:0\">\n<li data-sourcepos=\"24:1-24:81\">Adaptateur Ethernet avec une bande passante d'au moins 1 gigabit par seconde.<\/li>\n<li data-sourcepos=\"25:1-25:69\">Doit \u00eatre conforme \u00e0 la sp\u00e9cification de l'architecture PCI Express.<\/li>\n<li data-sourcepos=\"26:1-27:0\">Pour les environnements Datacenter \u00e0 haut d\u00e9bit r\u00e9seau, des adaptateurs 10 Gigabit Ethernet ou sup\u00e9rieurs sont fortement recommand\u00e9s afin de tirer parti du Software-Defined Networking (SDN) et des autres fonctionnalit\u00e9s intensives en donn\u00e9es.<\/li>\n<\/ul>\n<p data-sourcepos=\"28:1-28:29\"><strong>Exigences suppl\u00e9mentaires<\/strong><\/p>\n<ul data-sourcepos=\"29:1-36:0\">\n<li data-sourcepos=\"29:1-29:85\">Syst\u00e8me bas\u00e9 sur UEFI 2.3.1c et micrologiciel prenant en charge le d\u00e9marrage s\u00e9curis\u00e9.<\/li>\n<li data-sourcepos=\"30:1-34:70\">Module de plateforme s\u00e9curis\u00e9e (TPM):\n<ul data-sourcepos=\"31:5-34:70\">\n<li data-sourcepos=\"31:5-31:88\">Les TPM mat\u00e9riels doivent impl\u00e9menter la version 2.0 de la sp\u00e9cification TPM.<\/li>\n<li data-sourcepos=\"32:5-32:210\">Les TPM qui impl\u00e9mentent la version 2.0 doivent avoir un certificat EK pr\u00e9-fourni au TPM par le fabricant du mat\u00e9riel ou pouvant \u00eatre t\u00e9l\u00e9charg\u00e9 par l'appareil lors du premier d\u00e9marrage.<\/li>\n<li data-sourcepos=\"33:5-33:287\">Les TPM qui impl\u00e9mentent la version 2.0 doivent \u00eatre livr\u00e9s avec des banques PCR SHA-256 et impl\u00e9menter les PCR 0 \u00e0 23 pour SHA-256. Il est acceptable de livrer des TPM avec une banque PCR commutable pouvant \u00eatre utilis\u00e9e pour les mesures SHA-1 et SHA-256.<\/li>\n<li data-sourcepos=\"34:5-34:70\">L'option UEFI de d\u00e9sactivation du TPM n'est pas requise.<\/li>\n<\/ul>\n<\/li>\n<li data-sourcepos=\"35:1-36:0\">Un p\u00e9riph\u00e9rique graphique et un moniteur prenant en charge Super VGA (1024 x 768) ou une r\u00e9solution sup\u00e9rieure (principalement pertinent pour l'installation avec Exp\u00e9rience utilisateur).<\/li>\n<\/ul>","protected":false},"excerpt":{"rendered":"<p>Microsoft Windows Server 2022 Datacenter (16 Core) ist die umfassendste L\u00f6sung f\u00fcr stark virtualisierte Rechenzentren und Cloud-Umgebungen. Die Edition bietet alle Funktionen der Standard-Version, erg\u00e4nzt um gesch\u00fctzte virtuelle Maschinen und unbegrenzte Nutzung von Hyper-V-VMs. Sie eignet sich ideal f\u00fcr Unternehmen mit hohen Anforderungen an Skalierbarkeit, Sicherheit und hybride Workloads. Mit Funktionen wie Storage Spaces Direct, [&hellip;]<\/p>","protected":false},"featured_media":36949,"template":"","meta":{"_seopress_robots_primary_cat":"none","_seopress_titles_title":"Windows Server 2022 Datacenter (16 Core) \u2013 Max. Virtualisierung","_seopress_titles_desc":"Unbegrenzte VMs, Storage Spaces Direct, TPM & Hotpatch \u2013 Windows Server 2022 Datacenter ist ideal f\u00fcr hoch virtualisierte & hybride IT-Infrastrukturen.","_seopress_robots_index":""},"product_brand":[],"product_cat":[78,89],"product_tag":[],"class_list":{"0":"post-36946","1":"product","2":"type-product","3":"status-publish","4":"has-post-thumbnail","6":"product_cat-server-software","7":"product_cat-windows-server","9":"first","10":"onbackorder","11":"virtual","12":"taxable","13":"purchasable","14":"product-type-simple"},"_links":{"self":[{"href":"https:\/\/swisssoftware24.ch\/fr\/wp-json\/wp\/v2\/product\/36946","targetHints":{"allow":["GET"]}}],"collection":[{"href":"https:\/\/swisssoftware24.ch\/fr\/wp-json\/wp\/v2\/product"}],"about":[{"href":"https:\/\/swisssoftware24.ch\/fr\/wp-json\/wp\/v2\/types\/product"}],"wp:featuredmedia":[{"embeddable":true,"href":"https:\/\/swisssoftware24.ch\/fr\/wp-json\/wp\/v2\/media\/36949"}],"wp:attachment":[{"href":"https:\/\/swisssoftware24.ch\/fr\/wp-json\/wp\/v2\/media?parent=36946"}],"wp:term":[{"taxonomy":"product_brand","embeddable":true,"href":"https:\/\/swisssoftware24.ch\/fr\/wp-json\/wp\/v2\/product_brand?post=36946"},{"taxonomy":"product_cat","embeddable":true,"href":"https:\/\/swisssoftware24.ch\/fr\/wp-json\/wp\/v2\/product_cat?post=36946"},{"taxonomy":"product_tag","embeddable":true,"href":"https:\/\/swisssoftware24.ch\/fr\/wp-json\/wp\/v2\/product_tag?post=36946"}],"curies":[{"name":"wp","href":"https:\/\/api.w.org\/{rel}","templated":true}]}}