{"id":36955,"date":"2025-05-30T18:36:52","date_gmt":"2025-05-30T16:36:52","guid":{"rendered":"https:\/\/swisssoftware24.ch\/?post_type=product&#038;p=36955"},"modified":"2025-11-30T00:17:26","modified_gmt":"2025-11-29T23:17:26","slug":"windows-server-datacenter-2019-16-core","status":"publish","type":"product","link":"https:\/\/swisssoftware24.ch\/fr\/products\/windows-server-datacenter-2019-16-core\/","title":{"rendered":"Windows Server Datacenter 2019 16 Core"},"content":{"rendered":"<p data-start=\"320\" data-end=\"716\">Microsoft Windows Server 2019 Datacenter (16 Core) est la version la plus compl\u00e8te du syst\u00e8me d\u2019exploitation serveur de Microsoft, destin\u00e9e aux grandes entreprises disposant d\u2019infrastructures hautement virtualis\u00e9es ou hybrides. Cette \u00e9dition offre des capacit\u00e9s quasi illimit\u00e9es, notamment un nombre illimit\u00e9 d\u2019instances Hyper-V et des fonctionnalit\u00e9s de s\u00e9curit\u00e9 avanc\u00e9es de niveau entreprise.<\/p>\n<p data-start=\"718\" data-end=\"1074\">Gr\u00e2ce \u00e0 l\u2019int\u00e9gration \u00e9troite avec Microsoft Azure, les entreprises peuvent facilement mettre en \u0153uvre des sc\u00e9narios hybrides et faire \u00e9voluer leur infrastructure de mani\u00e8re flexible. Les fonctionnalit\u00e9s telles que Windows Defender ATP, les machines virtuelles prot\u00e9g\u00e9es, le syst\u00e8me de fichiers ReFS et les solutions de stockage d\u00e9finies par logiciel assurent un contr\u00f4le maximal, une grande disponibilit\u00e9 et la protection des donn\u00e9es sensibles.<\/p>\n<p data-start=\"1076\" data-end=\"1453\">Avec Windows Server 2019 Datacenter, vous disposez d\u2019une plateforme con\u00e7ue pour des performances \u00e9lev\u00e9es, une flexibilit\u00e9 maximale et une gestion serveur p\u00e9renne. Gr\u00e2ce \u00e0 des fonctions telles que Storage Spaces Direct, le r\u00e9seau d\u00e9fini par logiciel (SDN), les conteneurs Hyper-V prot\u00e9g\u00e9s et la virtualisation imbriqu\u00e9e, cette \u00e9dition r\u00e9pond \u00e0 toutes les exigences des infrastructures informatiques modernes.<\/p>\n<p data-start=\"1076\" data-end=\"1453\"><strong>Vous trouverez plus d'informations sur ce produit\u00a0<a href=\"https:\/\/swisssoftware24.ch\/fr\/windows-server-2019-datacenter-das-flaggschiff-fuer-virtualisierte-umgebungen\/\">ici<\/a>.<\/strong><\/p>\n<h3 data-start=\"1052\" data-end=\"1311\"><strong>Microsoft Windows Server 2019 Datacenter \u2013 Configuration syst\u00e8me:<\/strong><\/h3>\n<p data-sourcepos=\"7:1-7:323\">Microsoft Windows Server 2019 Datacenter est le syst\u00e8me d\u2019exploitation de r\u00e9f\u00e9rence pour les centres de donn\u00e9es hautement virtualis\u00e9s et les environnements cloud. Il offre un nombre illimit\u00e9 de machines virtuelles et de conteneurs Windows Server, garantissant une flexibilit\u00e9 maximale dans la gestion et l\u2019\u00e9volution de l\u2019infrastructure.<\/p>\n<p data-sourcepos=\"9:1-9:13\"><strong>Processeur<\/strong><\/p>\n<ul data-sourcepos=\"10:1-13:0\">\n<li data-sourcepos=\"10:1-10:73\">Au moins un processeur 64 bits de 1,4 GHz, compatible avec le jeu d\u2019instructions x64.<\/li>\n<li data-sourcepos=\"11:1-11:497\">Recommandation: pour les charges de travail exigeantes des datacenters (virtualisation intensive, Storage Spaces Direct, SDN), un processeur multic\u0153ur avec une fr\u00e9quence d\u2019au moins 2,5 GHz par c\u0153ur est recommand\u00e9. Les CPU puissants avec 16 c\u0153urs ou plus sont courants.<\/li>\n<li data-sourcepos=\"12:1-13:0\">Doit prendre en charge les fonctions suivantes : NX et DEP, CMPXCHG16b, LAHF\/SAHF et Prefetching.<\/li>\n<\/ul>\n<p data-sourcepos=\"14:1-14:16\"><strong>M\u00e9moire\/RAM<\/strong><\/p>\n<ul data-sourcepos=\"15:1-18:0\">\n<li data-sourcepos=\"15:1-15:121\">Minimum 512 Mo (installation Server Core) ou 2 Go (installation avec Desktop Experience).<\/li>\n<li data-sourcepos=\"16:1-16:361\">Recommandation: pour prendre en charge un nombre illimit\u00e9 de VM et de conteneurs, au moins 64 Go de RAM (id\u00e9alement 128 Go ou plus) sont conseill\u00e9s.<\/li>\n<li data-sourcepos=\"17:1-18:0\">Il est fortement recommand\u00e9 d'utiliser un code de correction d'erreurs (ECC) ou une technologie similaire pour les d\u00e9ploiements sur des h\u00f4tes physiques afin de garantir l'int\u00e9grit\u00e9 des donn\u00e9es.<\/li>\n<\/ul>\n<p data-sourcepos=\"19:1-19:23\"><strong>Espace disque<\/strong><\/p>\n<ul data-sourcepos=\"20:1-22:0\">\n<li data-sourcepos=\"20:1-20:23\">Minimum 32 Go.<\/li>\n<li data-sourcepos=\"21:1-22:0\">Recommandation: au moins 256 Go SSD\/NVMe pour le syst\u00e8me et les partitions, avec des disques suppl\u00e9mentaires pour Storage Spaces Direct, selon la capacit\u00e9 et les performances souhait\u00e9es.<\/li>\n<\/ul>\n<p data-sourcepos=\"23:1-23:25\"><strong>Exigences r\u00e9seau<\/strong><\/p>\n<ul data-sourcepos=\"24:1-27:0\">\n<li data-sourcepos=\"24:1-24:81\">Adaptateur Ethernet avec une bande passante d'au moins 1 gigabit par seconde.<\/li>\n<li data-sourcepos=\"25:1-25:69\">Doit \u00eatre conforme \u00e0 la sp\u00e9cification de l'architecture PCI Express.<\/li>\n<li data-sourcepos=\"26:1-27:0\">Recommandation: adaptateurs Ethernet 10 Gbit\/s ou plus (25G, 40G, 100G) pour les environnements SDN haut d\u00e9bit et le trafic Storage Spaces Direct.<\/li>\n<\/ul>\n<p data-sourcepos=\"28:1-28:29\"><strong>Exigences suppl\u00e9mentaires<\/strong><\/p>\n<ul data-sourcepos=\"29:1-36:0\">\n<li data-sourcepos=\"29:1-29:85\">Syst\u00e8me bas\u00e9 sur UEFI 2.3.1c et micrologiciel prenant en charge le d\u00e9marrage s\u00e9curis\u00e9.<\/li>\n<li data-sourcepos=\"30:1-34:70\">Module de plateforme s\u00e9curis\u00e9e (TPM):\n<ul data-sourcepos=\"31:5-34:70\">\n<li data-sourcepos=\"31:5-31:171\">Si votre ordinateur utilise un TPM, il doit r\u00e9pondre aux exigences suivantes: les TPM mat\u00e9riels doivent impl\u00e9menter la version 2.0 de la sp\u00e9cification TPM.<\/li>\n<li data-sourcepos=\"32:5-32:206\">Les TPM qui impl\u00e9mentent la version 2.0 doivent avoir un certificat EK pr\u00e9-fourni au TPM par le fabricant du mat\u00e9riel ou pouvant \u00eatre t\u00e9l\u00e9charg\u00e9 par l'appareil lors du premier d\u00e9marrage.<\/li>\n<li data-sourcepos=\"33:5-33:283\">Les TPM qui impl\u00e9mentent la version 2.0 doivent \u00eatre livr\u00e9s avec des banques PCR SHA-256 et impl\u00e9menter les PCR 0 \u00e0 23 pour SHA-256. Il est acceptable de livrer des TPM avec une banque PCR commutable pouvant \u00eatre utilis\u00e9e pour les mesures SHA-1 et SHA-256.<\/li>\n<li data-sourcepos=\"34:5-34:70\">L'option UEFI de d\u00e9sactivation du TPM n'est pas requise.<\/li>\n<\/ul>\n<\/li>\n<li data-sourcepos=\"35:1-36:0\">Un p\u00e9riph\u00e9rique graphique et un moniteur prenant en charge Super VGA (1024 x 768) ou une r\u00e9solution sup\u00e9rieure (principalement pertinent pour l'installation avec Exp\u00e9rience utilisateur).<\/li>\n<\/ul>","protected":false},"excerpt":{"rendered":"<p>Microsoft Windows Server 2019 Datacenter (16 Core) ist die umfassendste Version des Serverbetriebssystems von Microsoft und richtet sich an gro\u00dfe Unternehmen mit stark virtualisierten oder hybriden Cloud-Infrastrukturen. Diese Edition bietet nahezu unbegrenzte M\u00f6glichkeiten, darunter eine unbegrenzte Anzahl an Hyper-V-Instanzen und fortschrittliche Sicherheitsfunktionen auf Unternehmensniveau. Durch die enge Integration mit Microsoft Azure k\u00f6nnen Unternehmen nahtlos hybride [&hellip;]<\/p>","protected":false},"featured_media":36957,"template":"","meta":{"_seopress_robots_primary_cat":"none","_seopress_titles_title":"Windows Server 2019 Datacenter \u2013 16 Core f\u00fcr Unternehmen","_seopress_titles_desc":"Maximale Virtualisierung & Azure-Integration: Windows Server 2019 Datacenter 16 Core bietet unbegrenzte Hyper-V-VMs & h\u00f6chste Datensicherheit f\u00fcr Ihr Unternehmen.","_seopress_robots_index":""},"product_brand":[],"product_cat":[78,89],"product_tag":[],"class_list":{"0":"post-36955","1":"product","2":"type-product","3":"status-publish","4":"has-post-thumbnail","6":"product_cat-server-software","7":"product_cat-windows-server","9":"first","10":"onbackorder","11":"virtual","12":"taxable","13":"purchasable","14":"product-type-simple"},"_links":{"self":[{"href":"https:\/\/swisssoftware24.ch\/fr\/wp-json\/wp\/v2\/product\/36955","targetHints":{"allow":["GET"]}}],"collection":[{"href":"https:\/\/swisssoftware24.ch\/fr\/wp-json\/wp\/v2\/product"}],"about":[{"href":"https:\/\/swisssoftware24.ch\/fr\/wp-json\/wp\/v2\/types\/product"}],"wp:featuredmedia":[{"embeddable":true,"href":"https:\/\/swisssoftware24.ch\/fr\/wp-json\/wp\/v2\/media\/36957"}],"wp:attachment":[{"href":"https:\/\/swisssoftware24.ch\/fr\/wp-json\/wp\/v2\/media?parent=36955"}],"wp:term":[{"taxonomy":"product_brand","embeddable":true,"href":"https:\/\/swisssoftware24.ch\/fr\/wp-json\/wp\/v2\/product_brand?post=36955"},{"taxonomy":"product_cat","embeddable":true,"href":"https:\/\/swisssoftware24.ch\/fr\/wp-json\/wp\/v2\/product_cat?post=36955"},{"taxonomy":"product_tag","embeddable":true,"href":"https:\/\/swisssoftware24.ch\/fr\/wp-json\/wp\/v2\/product_tag?post=36955"}],"curies":[{"name":"wp","href":"https:\/\/api.w.org\/{rel}","templated":true}]}}