{"id":38200,"date":"2025-07-28T15:39:09","date_gmt":"2025-07-28T13:39:09","guid":{"rendered":"https:\/\/swisssoftware24.ch\/?post_type=product&#038;p=38200"},"modified":"2026-02-19T14:18:41","modified_gmt":"2026-02-19T13:18:41","slug":"ashampoo-pdf-pro-4","status":"publish","type":"product","link":"https:\/\/swisssoftware24.ch\/fr\/products\/ashampoo-pdf-pro-4\/","title":{"rendered":"Ashampoo PDF Pro 4"},"content":{"rendered":"<p data-start=\"0\" data-end=\"326\">Ashampoo PDF Pro 4 est la solution tout-en-un pour cr\u00e9er, modifier et convertir des PDF aussi facilement que des documents Word. La nouvelle vue \u00e0 onglets, le plein \u00e9cran et le mode sombre vous aident \u00e0 g\u00e9rer de gros projets.<\/p>\n<p data-start=\"328\" data-end=\"713\">Parmi les points forts: correcteur orthographique et c\u00e9sure remani\u00e9s, suivi des modifications color\u00e9 et outil Capture qui copie des zones de PDF directement dans le presse-papiers. Concevez des formulaires par glisser-d\u00e9poser, laissez l\u2019OCR transformer les scans en texte \u00e9ditable et prot\u00e9gez les contenus sensibles avec l\u2019AES 128 bits.<\/p>\n<p data-start=\"715\" data-end=\"1043\">Autres atouts: num\u00e9rotation Bates pour dossiers juridiques, Recherche &amp; Remplacement global des couleurs, polices ou liens, \u00e9dition transparente des images int\u00e9gr\u00e9es dans des \u00e9diteurs externes et export PDF\/A pour l\u2019archivage longue dur\u00e9e. Compatible Windows 7\u201311 et propos\u00e9 en licence \u00e0 vie.<\/p>\n<p data-start=\"715\" data-end=\"1043\"><strong>Vous trouverez plus d'informations sur ce produit\u00a0<a href=\"https:\/\/swisssoftware24.ch\/fr\/ashampoo-pdf-pro-4-ihr-profi-werkzeug-fuer-pdfs\/\">ici<\/a>.<\/strong><\/p>\n<h2>Ashampoo PDF Pro 4 \u2013 optimisation du syst\u00e8me<\/h2>\n<ul>\n<li><b>Syst\u00e8me d'exploitation<\/b> Windows 10, 11 (x64)<\/li>\n<li><b>Configuration requise:<\/b> Tout appareil prenant en charge les syst\u00e8mes d'exploitation mentionn\u00e9s ci-dessus<\/li>\n<li><b>Autres:<\/b> Une connexion Internet est n\u00e9cessaire pour activer le programme.\nLa licence du programme est v\u00e9rifi\u00e9e r\u00e9guli\u00e8rement.<\/li>\n<\/ul>","protected":false},"excerpt":{"rendered":"<p>Ashampoo PDF Pro 4 ist die All-in-One-L\u00f6sung, um PDFs wie Word-Dokumente zu erstellen, zu bearbeiten und zu konvertieren. Dank neuer Registerkarten-Ansicht, Vollbild-Modus und Dark Mode behalten Sie selbst bei gro\u00dfen Projekten den \u00dcberblick. Zu den Highlights geh\u00f6ren eine \u00fcberarbeitete Rechtschreib- und Silbentrennung, farbig hervorgehobener \u00c4nderungs\u00adnachweis sowie ein Schnappschuss-Werkzeug, das PDF-Ausschnitte direkt in die Zwischenablage kopiert. [&hellip;]<\/p>","protected":false},"featured_media":38207,"template":"","meta":{"_seopress_robots_primary_cat":"none","_seopress_titles_title":"Ashampoo PDF Pro 4 \u2013 PDFs bearbeiten, konvertieren & sch\u00fctzen","_seopress_titles_desc":"PDF Editor f\u00fcr Windows: Ashampoo PDF Pro 4 mit OCR, Formularen, Farbe-\u201cSuchen & Ersetzen\u201c, Bates-Nummern & 128-Bit-Verschl\u00fcsselung. Jetzt gratis testen.","_seopress_robots_index":""},"product_brand":[],"product_cat":[131,83],"product_tag":[],"class_list":{"0":"post-38200","1":"product","2":"type-product","3":"status-publish","4":"has-post-thumbnail","6":"product_cat-andere","7":"product_cat-video-grafik-andere","9":"first","10":"onbackorder","11":"virtual","12":"taxable","13":"purchasable","14":"product-type-simple"},"_links":{"self":[{"href":"https:\/\/swisssoftware24.ch\/fr\/wp-json\/wp\/v2\/product\/38200","targetHints":{"allow":["GET"]}}],"collection":[{"href":"https:\/\/swisssoftware24.ch\/fr\/wp-json\/wp\/v2\/product"}],"about":[{"href":"https:\/\/swisssoftware24.ch\/fr\/wp-json\/wp\/v2\/types\/product"}],"wp:featuredmedia":[{"embeddable":true,"href":"https:\/\/swisssoftware24.ch\/fr\/wp-json\/wp\/v2\/media\/38207"}],"wp:attachment":[{"href":"https:\/\/swisssoftware24.ch\/fr\/wp-json\/wp\/v2\/media?parent=38200"}],"wp:term":[{"taxonomy":"product_brand","embeddable":true,"href":"https:\/\/swisssoftware24.ch\/fr\/wp-json\/wp\/v2\/product_brand?post=38200"},{"taxonomy":"product_cat","embeddable":true,"href":"https:\/\/swisssoftware24.ch\/fr\/wp-json\/wp\/v2\/product_cat?post=38200"},{"taxonomy":"product_tag","embeddable":true,"href":"https:\/\/swisssoftware24.ch\/fr\/wp-json\/wp\/v2\/product_tag?post=38200"}],"curies":[{"name":"wp","href":"https:\/\/api.w.org\/{rel}","templated":true}]}}