{"id":38700,"date":"2025-08-26T11:54:42","date_gmt":"2025-08-26T09:54:42","guid":{"rendered":"https:\/\/swisssoftware24.ch\/?post_type=product&#038;p=38700"},"modified":"2025-11-30T00:17:26","modified_gmt":"2025-11-29T23:17:26","slug":"ashampoo-3d-cad-architecture-12","status":"publish","type":"product","link":"https:\/\/swisssoftware24.ch\/fr\/products\/ashampoo-3d-cad-architecture-12\/","title":{"rendered":"Ashampoo 3D CAD Architecture 12"},"content":{"rendered":"<p data-start=\"361\" data-end=\"1328\">Concevez votre maison du plan initial \u00e0 un rendu 3D r\u00e9aliste. Des assistants pour murs, portes, fen\u00eatres et escaliers facilitent la prise en main tout en garantissant la pr\u00e9cision. La nouvelle planification \u00e9lectrique aide \u00e0 positionner prises, interrupteurs et c\u00e2blage et \u00e0 \u00e9viter les conflits.<\/p>\n<p data-start=\"361\" data-end=\"1328\">Alternez entre vues 2D, 3D et coupes pour garder le contr\u00f4le \u00e0 chaque \u00e9tape. De vastes catalogues d\u2019objets, de mat\u00e9riaux et de textures permettent des am\u00e9nagements convaincants. Les mesures et calculs de surfaces\/volumes fluidifient l\u2019\u00e9change avec les artisans.<\/p>\n<p data-start=\"361\" data-end=\"1328\">L\u2019interface ruban garde les outils essentiels \u00e0 port\u00e9e de main. Les entr\u00e9es num\u00e9riques et aides intelligentes acc\u00e9l\u00e8rent la construction. Vous vous concentrez sur le design, le logiciel s\u2019occupe du reste.<\/p>\n<p data-start=\"361\" data-end=\"1328\"><strong>Vous trouverez plus d'informations sur ce produit\u00a0<a href=\"https:\/\/swisssoftware24.ch\/fr\/ashampoo-3d-cad-architecture-12-von-der-idee-zum-klaren-plan\/\">ici<\/a>.<\/strong><\/p>\n<h3 data-start=\"1330\" data-end=\"1737\"><strong data-start=\"1330\" data-end=\"1387\">Ashampoo 3D CAD Architecture 12 \u2013 Configuration requise<\/strong><\/h3>\n<ul>\n<li data-start=\"1330\" data-end=\"1737\">Syst\u00e8me d\u2019exploitation: Windows 10, 11 (x64)<\/li>\n<li data-start=\"1330\" data-end=\"1737\">Pr\u00e9requis: Tout appareil compatible avec les syst\u00e8mes d\u2019exploitation ci-dessus.<\/li>\n<li data-start=\"1330\" data-end=\"1737\">Autre: Connexion Internet pour l\u2019activation; licence v\u00e9rifi\u00e9e p\u00e9riodiquement; droits administrateur requis; syst\u00e8mes ARM non pris en charge.<\/li>\n<\/ul>","protected":false},"excerpt":{"rendered":"<p>Planen Sie Ihr Zuhause Schritt f\u00fcr Schritt \u2013 vom Grundriss bis zur realistischen 3D-Ansicht. Assistenten f\u00fcr W\u00e4nde, T\u00fcren, Fenster und Treppen erleichtern den Einstieg und sorgen f\u00fcr pr\u00e4zise Ergebnisse. Neu ist die Elektro-Planung, mit der sich Steckdosen, Schalter und Leitungen sauber platzieren und Konflikte fr\u00fchzeitig vermeiden lassen. Zwischen 2D-, 3D- und Schnittansichten wechseln Sie nahtlos, [&hellip;]<\/p>","protected":false},"featured_media":38706,"template":"","meta":{"_seopress_robots_primary_cat":"none","_seopress_titles_title":"Ashampoo 3D CAD Architecture 12 \u2013 Hausplanung in 2D\/3D","_seopress_titles_desc":"Einfache 2D\/3D-Hausplanung mit Assistenten, Elektro-Planung und realistischen Visualisierungen \u2013 ideal f\u00fcr Neubau und Renovierung.","_seopress_robots_index":""},"product_brand":[],"product_cat":[131,97,83],"product_tag":[],"class_list":{"0":"post-38700","1":"product","2":"type-product","3":"status-publish","4":"has-post-thumbnail","6":"product_cat-andere","7":"product_cat-grafik-design","8":"product_cat-video-grafik-andere","10":"first","11":"onbackorder","12":"virtual","13":"taxable","14":"purchasable","15":"product-type-simple"},"_links":{"self":[{"href":"https:\/\/swisssoftware24.ch\/fr\/wp-json\/wp\/v2\/product\/38700","targetHints":{"allow":["GET"]}}],"collection":[{"href":"https:\/\/swisssoftware24.ch\/fr\/wp-json\/wp\/v2\/product"}],"about":[{"href":"https:\/\/swisssoftware24.ch\/fr\/wp-json\/wp\/v2\/types\/product"}],"wp:featuredmedia":[{"embeddable":true,"href":"https:\/\/swisssoftware24.ch\/fr\/wp-json\/wp\/v2\/media\/38706"}],"wp:attachment":[{"href":"https:\/\/swisssoftware24.ch\/fr\/wp-json\/wp\/v2\/media?parent=38700"}],"wp:term":[{"taxonomy":"product_brand","embeddable":true,"href":"https:\/\/swisssoftware24.ch\/fr\/wp-json\/wp\/v2\/product_brand?post=38700"},{"taxonomy":"product_cat","embeddable":true,"href":"https:\/\/swisssoftware24.ch\/fr\/wp-json\/wp\/v2\/product_cat?post=38700"},{"taxonomy":"product_tag","embeddable":true,"href":"https:\/\/swisssoftware24.ch\/fr\/wp-json\/wp\/v2\/product_tag?post=38700"}],"curies":[{"name":"wp","href":"https:\/\/api.w.org\/{rel}","templated":true}]}}