{"id":38715,"date":"2025-08-26T12:05:57","date_gmt":"2025-08-26T10:05:57","guid":{"rendered":"https:\/\/swisssoftware24.ch\/?post_type=product&#038;p=38715"},"modified":"2025-12-05T13:59:22","modified_gmt":"2025-12-05T12:59:22","slug":"ashampoo-backup-pro-26","status":"publish","type":"product","link":"https:\/\/swisssoftware24.ch\/fr\/products\/ashampoo-backup-pro-26\/","title":{"rendered":"Ashampoo Backup Pro 26"},"content":{"rendered":"<p data-start=\"14347\" data-end=\"15167\">Sauvegardez fichiers, partitions et syst\u00e8mes entiers en toute simplicit\u00e9 et avec une faible charge. Easy Backup prot\u00e8ge en deux \u00e9tapes et un tableau de bord clair affiche tous les plans. Un syst\u00e8me de secours moderne vous aide en cas de panne majeure.<\/p>\n<p data-start=\"14347\" data-end=\"15167\">Sauvegardes en temps r\u00e9el, p\u00e9riph\u00e9riques plug-and-play et cibles cloud offrent une grande souplesse. D\u00e9verrouillage BitLocker directement dans l\u2019application et navigation simplifi\u00e9e. La restauration compl\u00e8te reste accessible.<\/p>\n<p data-start=\"14347\" data-end=\"15167\">Le programme fonctionne discr\u00e8tement en arri\u00e8re-plan pour ne pas g\u00eaner votre travail. Vos donn\u00e9es restent prot\u00e9g\u00e9es en continu, du simple retour de fichier \u00e0 la restauration totale.<\/p>\n<p data-start=\"14347\" data-end=\"15167\"><strong>Vous trouverez plus d'informations sur ce produit\u00a0<a href=\"https:\/\/swisssoftware24.ch\/fr\/ashampoo-backup-pro-26-datensicherheit-ohne-umwege\/\">ici<\/a>.<\/strong><\/p>\n<h3 data-start=\"15169\" data-end=\"15534\"><strong data-start=\"15169\" data-end=\"15217\">Ashampoo Backup Pro 26 \u2013 Configuration requise<\/strong><\/h3>\n<ul>\n<li data-start=\"15169\" data-end=\"15534\">Syst\u00e8me d\u2019exploitation: Windows 10, 11 (x64)<\/li>\n<li data-start=\"15169\" data-end=\"15534\">Pr\u00e9requis: Tout appareil compatible avec les syst\u00e8mes d\u2019exploitation ci-dessus.<\/li>\n<li data-start=\"15169\" data-end=\"15534\">Autre: 500 Mo d\u2019espace disque pour l\u2019installation; connexion Internet pour l\u2019activation; licence v\u00e9rifi\u00e9e p\u00e9riodiquement; syst\u00e8mes ARM non pris en charge.<\/li>\n<\/ul>","protected":false},"excerpt":{"rendered":"<p>Sichern Sie Dateien, Partitionen und ganze Systeme \u2013 komfortabel und ressourcenschonend. Easy Backup sch\u00fctzt in zwei Schritten, w\u00e4hrend das \u00fcbersichtliche Dashboard alle Sicherungspl\u00e4ne pr\u00e4sentiert. Ein modernes Rettungssystem hilft bei schweren Systemfehlern. Echtzeit-Backups, Plug-&amp;-Play-Sicherungen und Cloud-Ziele sorgen f\u00fcr Flexibilit\u00e4t. BitLocker-Laufwerke lassen sich direkt im Programm entsperren. Navigation und Bedienung wurden weiter vereinfacht. Die L\u00f6sung l\u00e4uft leise [&hellip;]<\/p>","protected":false},"featured_media":38718,"template":"","meta":{"_seopress_robots_primary_cat":"none","_seopress_titles_title":"Ashampoo Backup Pro 26 \u2013 Datensicherung f\u00fcr Windows","_seopress_titles_desc":"Sichert Dateien, Partitionen und ganze Systeme. Easy Backup, Rescue-System, Cloud-Ziele und BitLocker-Support \u2013 zuverl\u00e4ssiger Schutz vor Datenverlust.","_seopress_robots_index":""},"product_brand":[],"product_cat":[94,63,64,65],"product_tag":[],"class_list":{"0":"post-38715","1":"product","2":"type-product","3":"status-publish","4":"has-post-thumbnail","6":"product_cat-antivirus-security-fur-unternehmen","7":"product_cat-antivirus-security","8":"product_cat-backup","9":"product_cat-fur-unternehmen","11":"first","12":"onbackorder","13":"virtual","14":"taxable","15":"purchasable","16":"product-type-simple"},"_links":{"self":[{"href":"https:\/\/swisssoftware24.ch\/fr\/wp-json\/wp\/v2\/product\/38715","targetHints":{"allow":["GET"]}}],"collection":[{"href":"https:\/\/swisssoftware24.ch\/fr\/wp-json\/wp\/v2\/product"}],"about":[{"href":"https:\/\/swisssoftware24.ch\/fr\/wp-json\/wp\/v2\/types\/product"}],"wp:featuredmedia":[{"embeddable":true,"href":"https:\/\/swisssoftware24.ch\/fr\/wp-json\/wp\/v2\/media\/38718"}],"wp:attachment":[{"href":"https:\/\/swisssoftware24.ch\/fr\/wp-json\/wp\/v2\/media?parent=38715"}],"wp:term":[{"taxonomy":"product_brand","embeddable":true,"href":"https:\/\/swisssoftware24.ch\/fr\/wp-json\/wp\/v2\/product_brand?post=38715"},{"taxonomy":"product_cat","embeddable":true,"href":"https:\/\/swisssoftware24.ch\/fr\/wp-json\/wp\/v2\/product_cat?post=38715"},{"taxonomy":"product_tag","embeddable":true,"href":"https:\/\/swisssoftware24.ch\/fr\/wp-json\/wp\/v2\/product_tag?post=38715"}],"curies":[{"name":"wp","href":"https:\/\/api.w.org\/{rel}","templated":true}]}}