{"id":38719,"date":"2025-08-26T12:18:01","date_gmt":"2025-08-26T10:18:01","guid":{"rendered":"https:\/\/swisssoftware24.ch\/?post_type=product&#038;p=38719"},"modified":"2025-11-30T00:17:26","modified_gmt":"2025-11-29T23:17:26","slug":"ashampoo-burning-studio-26","status":"publish","type":"product","link":"https:\/\/swisssoftware24.ch\/fr\/products\/ashampoo-burning-studio-26\/","title":{"rendered":"Ashampoo Burning Studio 26"},"content":{"rendered":"<p data-start=\"19076\" data-end=\"19958\">Suite compl\u00e8te pour graver, copier et archiver \u2014 des CD audio aux Blu-ray. Des flux de travail affin\u00e9s facilitent la cr\u00e9ation de films, diaporamas et projets de donn\u00e9es. La recherche de jaquettes et le meilleur support autoradio ajoutent du confort.<\/p>\n<p data-start=\"19076\" data-end=\"19958\">Gr\u00e2ce \u00e0 la prise en charge de MPEG-4\/H.265 (HEVC) et AAC, vos vid\u00e9os sont converties dans le bon format pour les lecteurs de salon. Gravez tout, du clip mobile au film amateur exigeant, de fa\u00e7on s\u00fbre et \u00e9l\u00e9gante. R\u00e9sultat : des disques compatibles en un minimum d\u2019\u00e9tapes.<\/p>\n<p data-start=\"19076\" data-end=\"19958\">Une interface claire vous m\u00e8ne rapidement au but, m\u00eame sur de grands projets. Le tampon interm\u00e9diaire accro\u00eet la flexibilit\u00e9 et assure des processus fluides. Des modules pratiques, comme l\u2019outil livre audio, font gagner du temps.<\/p>\n<p data-start=\"19076\" data-end=\"19958\"><strong>Vous trouverez plus d'informations sur ce produit\u00a0<a href=\"https:\/\/swisssoftware24.ch\/fr\/ashampoo-burning-studio-26-einfach-brennen-was-wichtig-ist\/\">ici<\/a>.<\/strong><\/p>\n<h3 data-start=\"19960\" data-end=\"20325\"><strong data-start=\"19960\" data-end=\"20012\">Ashampoo Burning Studio 26 \u2013 Configuration requise<\/strong><\/h3>\n<ul>\n<li data-start=\"19960\" data-end=\"20325\">Syst\u00e8me d\u2019exploitation: Windows 10, 11 (x64)<\/li>\n<li data-start=\"19960\" data-end=\"20325\">Pr\u00e9requis: Tout appareil compatible avec les syst\u00e8mes d\u2019exploitation ci-dessus.<\/li>\n<li data-start=\"19960\" data-end=\"20325\">Autre: Microsoft .NET Framework 4.5; 2 Go de RAM \\; 250 Mo pour l\u2019installation; espace temporaire jusqu\u2019\u00e0 9 Go (DVD), 25\/50 Go (Blu-ray), 100 Go (Blu-ray XL).<\/li>\n<\/ul>","protected":false},"excerpt":{"rendered":"<p>Die Komplettl\u00f6sung zum Brennen, Kopieren und Archivieren \u2013 von Musik-CDs bis Blu-ray-Discs. Optimierte Workflows erleichtern das Erstellen von Filmen, Slideshows und Datenprojekten. Cover-Suche und verbesserte Autoradio-Unterst\u00fctzung runden den Funktionsumfang ab. Dank Unterst\u00fctzung f\u00fcr Formate wie MPEG-4\/H.265 (HEVC) und AAC bringt das Programm Ihre Videos in das richtige Player-Format. So brennen Sie vom Smartphone-Clip bis zum [&hellip;]<\/p>","protected":false},"featured_media":38723,"template":"","meta":{"_seopress_robots_primary_cat":"none","_seopress_titles_title":"","_seopress_titles_desc":"","_seopress_robots_index":""},"product_brand":[],"product_cat":[131,83],"product_tag":[],"class_list":{"0":"post-38719","1":"product","2":"type-product","3":"status-publish","4":"has-post-thumbnail","6":"product_cat-andere","7":"product_cat-video-grafik-andere","9":"first","10":"onbackorder","11":"virtual","12":"taxable","13":"purchasable","14":"product-type-simple"},"_links":{"self":[{"href":"https:\/\/swisssoftware24.ch\/fr\/wp-json\/wp\/v2\/product\/38719","targetHints":{"allow":["GET"]}}],"collection":[{"href":"https:\/\/swisssoftware24.ch\/fr\/wp-json\/wp\/v2\/product"}],"about":[{"href":"https:\/\/swisssoftware24.ch\/fr\/wp-json\/wp\/v2\/types\/product"}],"wp:featuredmedia":[{"embeddable":true,"href":"https:\/\/swisssoftware24.ch\/fr\/wp-json\/wp\/v2\/media\/38723"}],"wp:attachment":[{"href":"https:\/\/swisssoftware24.ch\/fr\/wp-json\/wp\/v2\/media?parent=38719"}],"wp:term":[{"taxonomy":"product_brand","embeddable":true,"href":"https:\/\/swisssoftware24.ch\/fr\/wp-json\/wp\/v2\/product_brand?post=38719"},{"taxonomy":"product_cat","embeddable":true,"href":"https:\/\/swisssoftware24.ch\/fr\/wp-json\/wp\/v2\/product_cat?post=38719"},{"taxonomy":"product_tag","embeddable":true,"href":"https:\/\/swisssoftware24.ch\/fr\/wp-json\/wp\/v2\/product_tag?post=38719"}],"curies":[{"name":"wp","href":"https:\/\/api.w.org\/{rel}","templated":true}]}}