{"id":38730,"date":"2025-08-26T12:44:34","date_gmt":"2025-08-26T10:44:34","guid":{"rendered":"https:\/\/swisssoftware24.ch\/?post_type=product&#038;p=38730"},"modified":"2025-11-30T00:17:26","modified_gmt":"2025-11-29T23:17:26","slug":"ashampoo-home-design-10","status":"publish","type":"product","link":"https:\/\/swisssoftware24.ch\/fr\/products\/ashampoo-home-design-10\/","title":{"rendered":"Ashampoo Home Design 10"},"content":{"rendered":"<p data-start=\"28369\" data-end=\"29227\">Concevez, r\u00e9novez et meublez \u2014 du plan au rendu 3D r\u00e9aliste. Home Design 10 s\u2019adresse aux propri\u00e9taires, r\u00e9novateurs et passionn\u00e9s d\u2019int\u00e9rieur, sans besoin d\u2019exp\u00e9rience CAD. Les catalogues d\u2019objets et de mat\u00e9riaux aident \u00e0 visualiser cr\u00e9diblement les espaces.<\/p>\n<p data-start=\"28369\" data-end=\"29227\">Des assistants acc\u00e9l\u00e8rent la construction tandis que mesures, surfaces et volumes restent clairs. Les vues 2D, 3D et en coupe permettent de ma\u00eetriser chaque \u00e9tape. Vos id\u00e9es prennent forme avant les travaux.<\/p>\n<p data-start=\"28369\" data-end=\"29227\">Une interface claire assure des flux de travail fluides. Les fonctions d\u2019import\/export facilitent la collaboration et la pr\u00e9sentation.<\/p>\n<p data-start=\"28369\" data-end=\"29227\"><strong>Vous trouverez plus d'informations sur ce produit\u00a0<a href=\"https:\/\/swisssoftware24.ch\/fr\/ashampoo-home-design-10-von-der-idee-zum-begehbaren-entwurf\/\">ici<\/a>.<\/strong><\/p>\n<h3 data-start=\"29229\" data-end=\"29579\"><strong data-start=\"29229\" data-end=\"29278\">Ashampoo Home Design 10 \u2013 Configuration requise<\/strong><\/h3>\n<ul>\n<li data-start=\"29229\" data-end=\"29579\">Syst\u00e8me d\u2019exploitation: Windows 10, 11 (x64)<\/li>\n<li data-start=\"29229\" data-end=\"29579\">Pr\u00e9requis: Tout appareil compatible avec les syst\u00e8mes d\u2019exploitation ci-dessus.<\/li>\n<li data-start=\"29229\" data-end=\"29579\">Autre: Connexion Internet pour l\u2019activation; licence v\u00e9rifi\u00e9e p\u00e9riodiquement; droits administrateur requis; syst\u00e8mes ARM non pris en charge.<\/li>\n<\/ul>","protected":false},"excerpt":{"rendered":"<p>Planen, umgestalten und einrichten \u2013 vom Grundriss bis zu realistischen 3D-Ansichten. Home Design 10 richtet sich an Hausbesitzer, Renovierer und Interior-Fans, die ohne CAD-Vorkenntnisse starten m\u00f6chten. Objekt- und Materialkataloge helfen, R\u00e4ume schnell \u00fcberzeugend zu visualisieren. Assistenten f\u00fcr Bauelemente beschleunigen die Konstruktion, w\u00e4hrend Ma\u00dfe, Fl\u00e4chen und Volumen stets im Blick bleiben. 2D-, 3D- und Schnittansichten sorgen [&hellip;]<\/p>","protected":false},"featured_media":38734,"template":"","meta":{"_seopress_robots_primary_cat":"none","_seopress_titles_title":"Ashampoo Home Design 10 \u2013 Wohndesign in 2D\/3D","_seopress_titles_desc":"Planen, umgestalten, einrichten: Grundrisse, 2D\/3D-Ansichten, Objekt- & Materialkataloge und Assistenten \u2013 ideal f\u00fcr Hausbesitzer und Renovierer.","_seopress_robots_index":""},"product_brand":[],"product_cat":[97,83],"product_tag":[],"class_list":{"0":"post-38730","1":"product","2":"type-product","3":"status-publish","4":"has-post-thumbnail","6":"product_cat-grafik-design","7":"product_cat-video-grafik-andere","9":"first","10":"onbackorder","11":"virtual","12":"taxable","13":"purchasable","14":"product-type-simple"},"_links":{"self":[{"href":"https:\/\/swisssoftware24.ch\/fr\/wp-json\/wp\/v2\/product\/38730","targetHints":{"allow":["GET"]}}],"collection":[{"href":"https:\/\/swisssoftware24.ch\/fr\/wp-json\/wp\/v2\/product"}],"about":[{"href":"https:\/\/swisssoftware24.ch\/fr\/wp-json\/wp\/v2\/types\/product"}],"wp:featuredmedia":[{"embeddable":true,"href":"https:\/\/swisssoftware24.ch\/fr\/wp-json\/wp\/v2\/media\/38734"}],"wp:attachment":[{"href":"https:\/\/swisssoftware24.ch\/fr\/wp-json\/wp\/v2\/media?parent=38730"}],"wp:term":[{"taxonomy":"product_brand","embeddable":true,"href":"https:\/\/swisssoftware24.ch\/fr\/wp-json\/wp\/v2\/product_brand?post=38730"},{"taxonomy":"product_cat","embeddable":true,"href":"https:\/\/swisssoftware24.ch\/fr\/wp-json\/wp\/v2\/product_cat?post=38730"},{"taxonomy":"product_tag","embeddable":true,"href":"https:\/\/swisssoftware24.ch\/fr\/wp-json\/wp\/v2\/product_tag?post=38730"}],"curies":[{"name":"wp","href":"https:\/\/api.w.org\/{rel}","templated":true}]}}