{"id":38735,"date":"2025-08-26T12:47:28","date_gmt":"2025-08-26T10:47:28","guid":{"rendered":"https:\/\/swisssoftware24.ch\/?post_type=product&#038;p=38735"},"modified":"2025-11-30T00:17:26","modified_gmt":"2025-11-29T23:17:26","slug":"ashampoo-music-studio-12","status":"publish","type":"product","link":"https:\/\/swisssoftware24.ch\/fr\/products\/ashampoo-music-studio-12\/","title":{"rendered":"Ashampoo Music Studio 12"},"content":{"rendered":"<p data-start=\"32893\" data-end=\"33770\">Solution tout-en-un pour enregistrer, couper, convertir, graver et organiser la musique. La version 12 am\u00e9liore fortement la reconnaissance des CD avec fusion intelligente des m\u00e9tadonn\u00e9es et d\u00e9tection automatique des titres pour les flux. La liste d\u2019enregistrement a \u00e9t\u00e9 repens\u00e9e et devient triable.<\/p>\n<p data-start=\"32893\" data-end=\"33770\">Extrayez vos CD audio avec m\u00e9tadonn\u00e9es (album, artiste), puis \u00e9ditez: coupe pr\u00e9cise, normalisation et conversion vers les formats courants. La cr\u00e9ation de jaquettes et la gravure sont int\u00e9gr\u00e9es.<\/p>\n<p data-start=\"32893\" data-end=\"33770\">Une interface soign\u00e9e permet d\u2019obtenir des r\u00e9sultats en peu de clics. D\u00e9butants comme avanc\u00e9s gardent la main, de la capture \u00e0 la playlist finalis\u00e9e.<\/p>\n<p data-start=\"32893\" data-end=\"33770\"><strong>Vous trouverez plus d'informations sur ce produit\u00a0<a href=\"https:\/\/swisssoftware24.ch\/fr\/ashampoo-music-studio-12-vom-ersten-take-bis-zur-fertigen-playlist\/\">ici<\/a>.<\/strong><\/p>\n<p data-start=\"33772\" data-end=\"34141\"><strong data-start=\"33772\" data-end=\"33822\">Ashampoo Music Studio 12 \u2013 Configuration requise<\/strong><\/p>\n<ul>\n<li data-start=\"33772\" data-end=\"34141\">Syst\u00e8me d\u2019exploitation: Windows 10, 11 (x64)<\/li>\n<li data-start=\"33772\" data-end=\"34141\">Pr\u00e9requis: Tout appareil compatible avec les syst\u00e8mes d\u2019exploitation ci-dessus.<\/li>\n<li data-start=\"33772\" data-end=\"34141\">Autre: Connexion Internet pour l\u2019activation; licence v\u00e9rifi\u00e9e p\u00e9riodiquement; certains services n\u00e9cessitent Internet.<\/li>\n<\/ul>","protected":false},"excerpt":{"rendered":"<p>Die All-in-One-L\u00f6sung zum Aufnehmen, Schneiden, Konvertieren, Brennen und Verwalten von Musik. Die Version 12 bringt deutlich bessere CD-Erkennung mit intelligenter Metadaten-Zusammenf\u00fchrung und automatische Titel-Erkennung bei Streams. Die Aufnahmeverwaltung wurde \u00fcberarbeitet und ist sortierbar. Mit dem integrierten Ripper importieren Sie Musik-CDs inklusive Metadaten wie Album und K\u00fcnstler. Bearbeitungswerkzeuge helfen beim exakten Schneiden, bei Lautst\u00e4rke-Anpassungen und beim [&hellip;]<\/p>","protected":false},"featured_media":38738,"template":"","meta":{"_seopress_robots_primary_cat":"none","_seopress_titles_title":"Ashampoo Music Studio 12 \u2013 Aufnehmen, Schneiden, Konvertieren","_seopress_titles_desc":"All-in-One f\u00fcr Musik: CD-Rippen mit Metadaten, pr\u00e4ziser Editor, Lautst\u00e4rke-Anpassung, Format-Konverter, Cover-Design und Brennen \u2013 Ordnung f\u00fcr Ihre Songs.","_seopress_robots_index":""},"product_brand":[],"product_cat":[131,83],"product_tag":[],"class_list":{"0":"post-38735","1":"product","2":"type-product","3":"status-publish","4":"has-post-thumbnail","6":"product_cat-andere","7":"product_cat-video-grafik-andere","9":"first","10":"onbackorder","11":"virtual","12":"taxable","13":"purchasable","14":"product-type-simple"},"_links":{"self":[{"href":"https:\/\/swisssoftware24.ch\/fr\/wp-json\/wp\/v2\/product\/38735","targetHints":{"allow":["GET"]}}],"collection":[{"href":"https:\/\/swisssoftware24.ch\/fr\/wp-json\/wp\/v2\/product"}],"about":[{"href":"https:\/\/swisssoftware24.ch\/fr\/wp-json\/wp\/v2\/types\/product"}],"wp:featuredmedia":[{"embeddable":true,"href":"https:\/\/swisssoftware24.ch\/fr\/wp-json\/wp\/v2\/media\/38738"}],"wp:attachment":[{"href":"https:\/\/swisssoftware24.ch\/fr\/wp-json\/wp\/v2\/media?parent=38735"}],"wp:term":[{"taxonomy":"product_brand","embeddable":true,"href":"https:\/\/swisssoftware24.ch\/fr\/wp-json\/wp\/v2\/product_brand?post=38735"},{"taxonomy":"product_cat","embeddable":true,"href":"https:\/\/swisssoftware24.ch\/fr\/wp-json\/wp\/v2\/product_cat?post=38735"},{"taxonomy":"product_tag","embeddable":true,"href":"https:\/\/swisssoftware24.ch\/fr\/wp-json\/wp\/v2\/product_tag?post=38735"}],"curies":[{"name":"wp","href":"https:\/\/api.w.org\/{rel}","templated":true}]}}