{"id":38805,"date":"2025-08-29T11:13:19","date_gmt":"2025-08-29T09:13:19","guid":{"rendered":"https:\/\/swisssoftware24.ch\/?post_type=product&#038;p=38805"},"modified":"2025-11-29T23:56:54","modified_gmt":"2025-11-29T22:56:54","slug":"eset-home-security-essential","status":"publish","type":"product","link":"https:\/\/swisssoftware24.ch\/fr\/products\/eset-home-security-essential\/","title":{"rendered":"ESET HOME Security Essential"},"content":{"rendered":"<p data-start=\"356\" data-end=\"1480\">ESET HOME Security Essential prot\u00e8ge votre vie num\u00e9rique avec une d\u00e9fense en temps r\u00e9el et multi-couches contre malware, ransomware, spyware et hame\u00e7onnage. Bas\u00e9e sur la technologie \u00e9prouv\u00e9e d\u2019ESET, l\u2019offre couvre Windows, macOS et Android sous un seul abonnement. L\u00e9g\u00e8re et discr\u00e8te, elle analyse rapidement sans g\u00eaner vos activit\u00e9s.<\/p>\n<p data-start=\"356\" data-end=\"1480\">Le Mode de navigation s\u00e9curis\u00e9 (Safe Banking) prot\u00e8ge paiements et achats. Pare-feu, anti-phishing et Network Inspector testent votre routeur et affichent les appareils connect\u00e9s, tandis que la protection webcam emp\u00eache les acc\u00e8s non autoris\u00e9s. Contr\u00f4le parental et Mode joueur compl\u00e8tent l\u2019ensemble.Pr\u00e9requis : Tout appareil compatible avec les syst\u00e8mes ci-dessus. Les fonctionnalit\u00e9s peuvent varier selon la plate-forme.<\/p>\n<p data-start=\"356\" data-end=\"1480\">Avec l\u2019app gratuite ESET HOME, g\u00e9rez l\u2019\u00e9tat de s\u00e9curit\u00e9, les licences et vos appareils en un seul endroit. La fonction Anti-vol aide \u00e0 localiser et verrouiller les appareils \u00e9gar\u00e9s. Une solution claire et \u00e9volutive pour s\u00e9curiser tout le foyer.<\/p>\n<p data-start=\"356\" data-end=\"1480\"><strong>Vous trouverez plus d'informations sur ce produit\u00a0<a href=\"https:\/\/swisssoftware24.ch\/fr\/eset-home-security-essential-alltagssicherheit-ohne-ballast\/\">ici<\/a>.<\/strong><\/p>\n<p data-start=\"1482\" data-end=\"1997\"><strong data-start=\"1482\" data-end=\"1536\">ESET HOME Security Essential \u2013 Configuration requise<\/strong><\/p>\n<ul>\n<li data-start=\"1482\" data-end=\"1997\">Syst\u00e8mes d\u2019exploitation: Windows 10, 11; macOS 12+; Android 8.0+; iOS 13+ (ESET HOME \u00e0 partir d\u2019iOS 14).<\/li>\n<li data-start=\"1482\" data-end=\"1997\">Pr\u00e9requis: Tout appareil compatible avec les syst\u00e8mes ci-dessus. Les fonctionnalit\u00e9s peuvent varier selon la plate-forme.<\/li>\n<li data-start=\"1482\" data-end=\"1997\">Autre: Connexion Internet n\u00e9cessaire pour l\u2019activation et les mises \u00e0 jour; certaines fonctionnalit\u00e9s indisponibles avec Windows on ARM.<\/li>\n<\/ul>","protected":false},"excerpt":{"rendered":"<p>ESET HOME Security Essential sch\u00fctzt Ihren digitalen Alltag mit mehrschichtigem Echtzeitschutz vor Malware, Ransomware, Spyware und Phishing. Die L\u00f6sung basiert auf der bew\u00e4hrten ESET-Technologie und deckt Windows, macOS und Android in einem Abonnement ab. Sie ist leichtgewichtig, scannt schnell und arbeitet unauff\u00e4llig im Hintergrund. Ideal, wenn Sie zuverl\u00e4ssige Sicherheit ohne sp\u00fcrbare Systembremse suchen. F\u00fcr sicheres [&hellip;]<\/p>","protected":false},"featured_media":38808,"template":"","meta":{"_seopress_robots_primary_cat":"none","_seopress_titles_title":"ESET HOME Security Essential \u2013 Echtzeitschutz","_seopress_titles_desc":"Leichtgewichtiges Antivirus mit gesichertem Banking-Browser, Firewall, Anti-Phishing, Network Inspector, Webcam-Schutz, Elternkontrolle und Gamer-Modus \u2013 zentral verwaltbar mit der ESET HOME App.","_seopress_robots_index":""},"product_brand":[],"product_cat":[93,94,114,65],"product_tag":[],"class_list":{"0":"post-38805","1":"product","2":"type-product","3":"status-publish","4":"has-post-thumbnail","6":"product_cat-antivirus","7":"product_cat-antivirus-security-fur-unternehmen","8":"product_cat-eset","9":"product_cat-fur-unternehmen","11":"first","12":"instock","13":"taxable","14":"shipping-taxable","15":"purchasable","16":"product-type-variable"},"_links":{"self":[{"href":"https:\/\/swisssoftware24.ch\/fr\/wp-json\/wp\/v2\/product\/38805","targetHints":{"allow":["GET"]}}],"collection":[{"href":"https:\/\/swisssoftware24.ch\/fr\/wp-json\/wp\/v2\/product"}],"about":[{"href":"https:\/\/swisssoftware24.ch\/fr\/wp-json\/wp\/v2\/types\/product"}],"wp:featuredmedia":[{"embeddable":true,"href":"https:\/\/swisssoftware24.ch\/fr\/wp-json\/wp\/v2\/media\/38808"}],"wp:attachment":[{"href":"https:\/\/swisssoftware24.ch\/fr\/wp-json\/wp\/v2\/media?parent=38805"}],"wp:term":[{"taxonomy":"product_brand","embeddable":true,"href":"https:\/\/swisssoftware24.ch\/fr\/wp-json\/wp\/v2\/product_brand?post=38805"},{"taxonomy":"product_cat","embeddable":true,"href":"https:\/\/swisssoftware24.ch\/fr\/wp-json\/wp\/v2\/product_cat?post=38805"},{"taxonomy":"product_tag","embeddable":true,"href":"https:\/\/swisssoftware24.ch\/fr\/wp-json\/wp\/v2\/product_tag?post=38805"}],"curies":[{"name":"wp","href":"https:\/\/api.w.org\/{rel}","templated":true}]}}