{"id":39133,"date":"2025-09-07T18:39:09","date_gmt":"2025-09-07T16:39:09","guid":{"rendered":"https:\/\/swisssoftware24.ch\/?post_type=product&#038;p=39133"},"modified":"2025-11-29T23:56:54","modified_gmt":"2025-11-29T22:56:54","slug":"eset-home-security-premium","status":"publish","type":"product","link":"https:\/\/swisssoftware24.ch\/fr\/products\/eset-home-security-premium\/","title":{"rendered":"ESET HOME Security Premium"},"content":{"rendered":"<p data-start=\"279\" data-end=\"1210\">ESET HOME Security Premium prot\u00e8ge votre vie num\u00e9rique gr\u00e2ce \u00e0 une d\u00e9fense multicouche en temps r\u00e9el contre malwares, ransomwares, spywares et hame\u00e7onnage sur Windows, macOS et Android. Le navigateur s\u00e9curis\u00e9 pour les paiements et l\u2019empreinte syst\u00e8me l\u00e9g\u00e8re offrent une protection discr\u00e8te et efficace. Travail, jeu et streaming restent fluides.<\/p>\n<p data-start=\"279\" data-end=\"1210\">La formule Premium ajoute Password Manager et Secure Data (chiffrement) pour s\u00e9curiser identifiants et fichiers sensibles. Pare-feu, anti-phishing, Network Inspector, protection webcam ainsi que ESET LiveGuard et Folder Guard renforcent la d\u00e9fense.<\/p>\n<p data-start=\"279\" data-end=\"1210\">G\u00e9rez tous vos appareils depuis le tableau de bord ESET HOME. Anti-vol, mode joueur et contr\u00f4le parental compl\u00e8tent l\u2019ensemble, avec un abonnement valable sur plusieurs plates-formes.<\/p>\n<p data-start=\"279\" data-end=\"1210\"><strong>Vous trouverez plus d'informations sur ce produit\u00a0<a href=\"https:\/\/swisssoftware24.ch\/fr\/eset-home-security-premium-sicherheit-ohne-bremse-komfort-inklusive\/\">ici<\/a>.<\/strong><\/p>\n<h3 data-start=\"1212\" data-end=\"1743\"><strong data-start=\"1212\" data-end=\"1264\">ESET HOME Security Premium \u2013 Configuration requise<\/strong><\/h3>\n<ul>\n<li data-start=\"1212\" data-end=\"1743\">Syst\u00e8mes: Windows 10\/11; macOS 11\u201314 (Big Sur, Monterey, Ventura, Sonoma); Android 6.0+.*<\/li>\n<li data-start=\"1212\" data-end=\"1743\">Remarques: Certaines fonctions ne sont pas disponibles sur Windows on ARM. Sur iOS, pas d\u2019antivirus; Password Manager est pris en charge \u00e0 partir d\u2019iOS 13+, l\u2019app ESET HOME \u00e0 partir d\u2019iOS 14+  Password Manager sur Android n\u00e9cessite 8.0+. Connexion Internet requise pour l\u2019activation et les mises \u00e0 jour.<\/li>\n<\/ul>","protected":false},"excerpt":{"rendered":"<p>ESET HOME Security Premium sch\u00fctzt Ihren digitalen Alltag mit mehrschichtigem Echtzeitschutz vor Malware, Ransomware, Spyware und Phishing \u2013 auf Windows, macOS und Android. Der gesicherte Browser f\u00fcr Banking &amp; Shopping sowie die geringe Systemlast sorgen f\u00fcr Sicherheit ohne Bremse. So bleiben Sie beim Arbeiten, Spielen und Streamen ungest\u00f6rt. Die Premium-Stufe erg\u00e4nzt den Schutz um Password [&hellip;]<\/p>","protected":false},"featured_media":39144,"template":"","meta":{"_seopress_robots_primary_cat":"none","_seopress_titles_title":"ESET HOME Security Premium \u2013 Schutz & Privatsph\u00e4re","_seopress_titles_desc":"Mehrschichtiger Schutz f\u00fcr Windows, macOS & Android: sicheres Banking, Firewall, Anti-Phishing plus Passwortmanager & Dateiverschl\u00fcsselung.","_seopress_robots_index":""},"product_brand":[],"product_cat":[93,94,63,114,65,79],"product_tag":[],"class_list":{"0":"post-39133","1":"product","2":"type-product","3":"status-publish","4":"has-post-thumbnail","6":"product_cat-antivirus","7":"product_cat-antivirus-security-fur-unternehmen","8":"product_cat-antivirus-security","9":"product_cat-eset","10":"product_cat-fur-unternehmen","11":"product_cat-sicherheit-fur-firmen","13":"first","14":"instock","15":"taxable","16":"shipping-taxable","17":"purchasable","18":"product-type-variable"},"_links":{"self":[{"href":"https:\/\/swisssoftware24.ch\/fr\/wp-json\/wp\/v2\/product\/39133","targetHints":{"allow":["GET"]}}],"collection":[{"href":"https:\/\/swisssoftware24.ch\/fr\/wp-json\/wp\/v2\/product"}],"about":[{"href":"https:\/\/swisssoftware24.ch\/fr\/wp-json\/wp\/v2\/types\/product"}],"wp:featuredmedia":[{"embeddable":true,"href":"https:\/\/swisssoftware24.ch\/fr\/wp-json\/wp\/v2\/media\/39144"}],"wp:attachment":[{"href":"https:\/\/swisssoftware24.ch\/fr\/wp-json\/wp\/v2\/media?parent=39133"}],"wp:term":[{"taxonomy":"product_brand","embeddable":true,"href":"https:\/\/swisssoftware24.ch\/fr\/wp-json\/wp\/v2\/product_brand?post=39133"},{"taxonomy":"product_cat","embeddable":true,"href":"https:\/\/swisssoftware24.ch\/fr\/wp-json\/wp\/v2\/product_cat?post=39133"},{"taxonomy":"product_tag","embeddable":true,"href":"https:\/\/swisssoftware24.ch\/fr\/wp-json\/wp\/v2\/product_tag?post=39133"}],"curies":[{"name":"wp","href":"https:\/\/api.w.org\/{rel}","templated":true}]}}