{"id":39917,"date":"2025-10-03T13:15:47","date_gmt":"2025-10-03T11:15:47","guid":{"rendered":"https:\/\/swisssoftware24.ch\/?post_type=product&#038;p=39917"},"modified":"2026-04-06T14:22:57","modified_gmt":"2026-04-06T12:22:57","slug":"office-2024-standard-2-user","status":"publish","type":"product","link":"https:\/\/swisssoftware24.ch\/fr\/products\/office-2024-standard-2-user\/","title":{"rendered":"Office 2024 Standard 2 User"},"content":{"rendered":"<h1><span style=\"font-weight: 400;\">Office 2024 Standard 2 User \u2013 applications Office de bureau classiques pour deux utilisateurs<\/span><\/h1>\n<p><span style=\"font-weight: 400;\">Au quotidien, ce sont rarement les \u201cgros projets\u201d qui font perdre du temps. Le plus souvent, c\u2019est un devis avec la derni\u00e8re retouche, un tableau qui doit \u00eatre juste rapidement, ou une pr\u00e9sentation qui doit s\u2019exporter exactement comme pr\u00e9vu. Office 2024 Standard 2 User est fait pour ces situations : des applications de bureau famili\u00e8res qui ne te freinent pas, mais t\u2019aident \u00e0 avancer vite.<\/span><\/p>\n<p><span style=\"font-weight: 400;\">Par rapport \u00e0 Office 2021 Standard, la g\u00e9n\u00e9ration 2024 te propose la m\u00eame fa\u00e7on de travailler, mais sur une base plus r\u00e9cente. Cela se remarque \u043e\u0441\u043e\u0431\u0435\u043d\u043d\u043e quand tu \u00e9changes souvent des fichiers, utilises des mod\u00e8les, ou veux simplement \u00e9viter de devoir t\u2019adapter \u00e0 une \u201clogique Office plus ancienne\u201d alors que ton quotidien a d\u00e9j\u00e0 \u00e9volu\u00e9.<\/span><\/p>\n<p><span style=\"font-weight: 400;\">Et comme c\u2019est une version 2 utilisateurs, elle est parfaite pour un duo : deux personnes, une configuration coh\u00e9rente, les m\u00eames standards. R\u00e9sultat : moins de discussions sur la mise en forme, moins de \u201cchez moi \u00e7a s\u2019affiche autrement\u201d, et plus de tranquillit\u00e9 dans les process.<\/span><\/p>\n<p><span style=\"font-weight: 400;\">Si tu ach\u00e8tes Office 2024 Standard 2 User chez SwissSoftware24, tu re\u00e7ois rapidement ton produit num\u00e9rique par e-mail, avec la cl\u00e9 d\u2019activation, le lien officiel de t\u00e9l\u00e9chargement et une facture suisse adapt\u00e9e \u00e0 la comptabilit\u00e9. Tu profites aussi de processus clairs pour les particuliers et les entreprises, afin que l\u2019activation et l\u2019installation se d\u00e9roulent sans accroc, du d\u00e9but \u00e0 la fin.<\/span><\/p>\n<h2><span style=\"font-weight: 400;\">Qu\u2019est-ce que Office 2024 Standard 2 User ?<\/span><\/h2>\n<p><span style=\"font-weight: 400;\">Office 2024 Standard 2 User est une suite Office de bureau pour deux utilisateurs. Elle s\u2019adresse \u00e0 tous ceux qui veulent utiliser des programmes Office classiques install\u00e9s localement \u2013 pour des documents, des tableaux, des pr\u00e9sentations, des e-mails et des notes \u2013 plut\u00f4t que de d\u00e9pendre uniquement d\u2019outils web.<\/span><\/p>\n<h2><span style=\"font-weight: 400;\">Que contient Office 2024 Standard 2 User ?<\/span><\/h2>\n<h3><span style=\"font-weight: 400;\">Applications incluses (\u00e9dition Standard)<\/span><\/h3>\n<ul>\n<li style=\"font-weight: 400;\" aria-level=\"1\"><span style=\"font-weight: 400;\">Word<\/span><span style=\"font-weight: 400;\"><br \/>\n<\/span><\/li>\n<li style=\"font-weight: 400;\" aria-level=\"1\"><span style=\"font-weight: 400;\">Excel<\/span><span style=\"font-weight: 400;\"><br \/>\n<\/span><\/li>\n<li style=\"font-weight: 400;\" aria-level=\"1\"><span style=\"font-weight: 400;\">PowerPoint<\/span><span style=\"font-weight: 400;\"><br \/>\n<\/span><\/li>\n<li style=\"font-weight: 400;\" aria-level=\"1\"><span style=\"font-weight: 400;\">Outlook<\/span><span style=\"font-weight: 400;\"><br \/>\n<\/span><\/li>\n<li style=\"font-weight: 400;\" aria-level=\"1\"><span style=\"font-weight: 400;\">OneNote<\/span><span style=\"font-weight: 400;\"><br \/>\n<\/span><\/li>\n<\/ul>\n<h3><span style=\"font-weight: 400;\">Points forts au quotidien<\/span><\/h3>\n<ul>\n<li style=\"font-weight: 400;\" aria-level=\"1\"><span style=\"font-weight: 400;\">Applications de bureau fiables pour les t\u00e2ches quotidiennes et les workflows r\u00e9currents<\/span><span style=\"font-weight: 400;\"><br \/>\n<\/span><\/li>\n<li style=\"font-weight: 400;\" aria-level=\"1\"><span style=\"font-weight: 400;\">Environnement de travail uniforme pour deux utilisateurs avec les m\u00eames standards et mod\u00e8les<\/span><span style=\"font-weight: 400;\"><br \/>\n<\/span><\/li>\n<li style=\"font-weight: 400;\" aria-level=\"1\"><span style=\"font-weight: 400;\">Bonne compatibilit\u00e9 pour les fichiers business courants et l\u2019\u00e9change avec des clients ou des \u00e9quipes<\/span><span style=\"font-weight: 400;\"><br \/>\n<\/span><\/li>\n<li style=\"font-weight: 400;\" aria-level=\"1\"><span style=\"font-weight: 400;\">Outlook inclus si e-mail et calendrier font partie int\u00e9grante de ta journ\u00e9e<\/span><span style=\"font-weight: 400;\"><br \/>\n<\/span><\/li>\n<\/ul>\n<h2><span style=\"font-weight: 400;\">Office 2024 Standard vs Office 2021 Standard \u2013 quelles diff\u00e9rences ?<\/span><\/h2>\n<ul>\n<li style=\"font-weight: 400;\" aria-level=\"1\"><span style=\"font-weight: 400;\">G\u00e9n\u00e9ration Office plus r\u00e9cente avec une base technique plus actuelle<\/span><span style=\"font-weight: 400;\"><br \/>\n<\/span><\/li>\n<li style=\"font-weight: 400;\" aria-level=\"1\"><span style=\"font-weight: 400;\">Mieux adapt\u00e9 aux workflows d\u2019aujourd\u2019hui si tu partages plus souvent des fichiers et utilises des configurations plus modernes<\/span><span style=\"font-weight: 400;\"><br \/>\n<\/span><\/li>\n<li style=\"font-weight: 400;\" aria-level=\"1\"><span style=\"font-weight: 400;\">Plus de s\u00e9r\u00e9nit\u00e9 avec les mod\u00e8les et les \u00e9changes, car tu ne restes pas \u201cbloqu\u00e9\u201d sur la base 2021<\/span><span style=\"font-weight: 400;\"><br \/>\n<\/span><\/li>\n<li style=\"font-weight: 400;\" aria-level=\"1\"><span style=\"font-weight: 400;\">Une mise \u00e0 niveau logique si tu veux standardiser tes appareils et tes outils<\/span><span style=\"font-weight: 400;\"><br \/>\n<\/span><\/li>\n<\/ul>\n<h2><span style=\"font-weight: 400;\">2 utilisateurs vs 5 utilisateurs \u2013 guide de choix<\/span><\/h2>\n<ul>\n<li style=\"font-weight: 400;\" aria-level=\"1\"><span style=\"font-weight: 400;\">Choisis 2 utilisateurs si tu veux couvrir un duo (deux utilisateurs fixes \/ deux postes).<\/span><span style=\"font-weight: 400;\"><br \/>\n<\/span><\/li>\n<li style=\"font-weight: 400;\" aria-level=\"1\"><span style=\"font-weight: 400;\">Choisis 5 utilisateurs si tu veux \u00e9quiper une petite \u00e9quipe avec plusieurs postes de fa\u00e7on uniforme.<\/span><span style=\"font-weight: 400;\"><br \/>\n<\/span><\/li>\n<li style=\"font-weight: 400;\" aria-level=\"1\"><span style=\"font-weight: 400;\">Si tu penses que d\u2019autres personnes vont bient\u00f4t rejoindre, 5 utilisateurs est souvent le choix le plus confortable.<\/span><span style=\"font-weight: 400;\"><br \/>\n<\/span><\/li>\n<\/ul>\n<h2><span style=\"font-weight: 400;\">Cas d\u2019usage typiques<\/span><\/h2>\n<ul>\n<li style=\"font-weight: 400;\" aria-level=\"1\"><span style=\"font-weight: 400;\">Configuration \u00e0 deux (dirigeant + assistante, deux fondateurs, petit back-office)<\/span><span style=\"font-weight: 400;\"><br \/>\n<\/span><\/li>\n<li style=\"font-weight: 400;\" aria-level=\"1\"><span style=\"font-weight: 400;\">Travail bas\u00e9 sur des mod\u00e8les (devis, factures, rapports, pr\u00e9sentations)<\/span><span style=\"font-weight: 400;\"><br \/>\n<\/span><\/li>\n<li style=\"font-weight: 400;\" aria-level=\"1\"><span style=\"font-weight: 400;\">Quotidien centr\u00e9 sur Outlook avec e-mails, rendez-vous et t\u00e2ches<\/span><span style=\"font-weight: 400;\"><br \/>\n<\/span><\/li>\n<li style=\"font-weight: 400;\" aria-level=\"1\"><span style=\"font-weight: 400;\">Standardisation des outils pour garder des fichiers et des mises en page coh\u00e9rents<\/span><span style=\"font-weight: 400;\"><br \/>\n<\/span><\/li>\n<\/ul>\n<h2><span style=\"font-weight: 400;\">Exigences syst\u00e8me:<\/span><\/h2>\n<h3><span style=\"font-weight: 400;\">Windows<\/span><\/h3>\n<ul>\n<li style=\"font-weight: 400;\" aria-level=\"1\"><span style=\"font-weight: 400;\">Syst\u00e8me d\u2019exploitation : Windows 11, Windows 10<\/span><span style=\"font-weight: 400;\"><br \/>\n<\/span><\/li>\n<li style=\"font-weight: 400;\" aria-level=\"1\"><span style=\"font-weight: 400;\">Processeur : au moins 1,1 GHz, 2 c\u0153urs<\/span><span style=\"font-weight: 400;\"><br \/>\n<\/span><\/li>\n<li style=\"font-weight: 400;\" aria-level=\"1\"><span style=\"font-weight: 400;\">M\u00e9moire : 4 Go de RAM<\/span><span style=\"font-weight: 400;\"><br \/>\n<\/span><\/li>\n<li style=\"font-weight: 400;\" aria-level=\"1\"><span style=\"font-weight: 400;\">Espace disque : au moins 4 Go libres<\/span><span style=\"font-weight: 400;\"><br \/>\n<\/span><\/li>\n<li style=\"font-weight: 400;\" aria-level=\"1\"><span style=\"font-weight: 400;\">Connexion Internet : requise pour le t\u00e9l\u00e9chargement, l\u2019installation, l\u2019activation et les fonctions en ligne<\/span><\/li>\n<\/ul>\n<h3><span style=\"font-weight: 400;\">macOS<\/span><\/h3>\n<ul>\n<li data-start=\"7\" data-end=\"170\">Syst\u00e8me d\u2019exploitation : les trois versions les plus r\u00e9centes de macOS ; pour une nouvelle installation d\u2019Office 2024 pour Mac, macOS Sonoma au minimum.<\/li>\n<li data-start=\"172\" data-end=\"275\">Processeur : au moins 1,1 GHz, 2 c\u0153urs, Intel ou Apple Silicon.<\/li>\n<li data-start=\"277\" data-end=\"341\">M\u00e9moire vive : 4 Go de RAM.<\/li>\n<li data-start=\"343\" data-end=\"435\">Espace de stockage : au moins 10 Go d\u2019espace disque disponible.<\/li>\n<li data-start=\"437\" data-end=\"570\">Connexion Internet : requise pour le t\u00e9l\u00e9chargement, l\u2019installation, l\u2019activation et les fonctionnalit\u00e9s en ligne.<\/li>\n<\/ul>\n<h2><span style=\"font-weight: 400;\">FAQ<\/span><\/h2>\n<h3><span style=\"font-weight: 400;\">\u00c0 qui s\u2019adresse Office 2024 Standard 2 User ?<\/span><span style=\"font-weight: 400;\"><br \/>\n<\/span><\/h3>\n<p><span style=\"font-weight: 400;\">\u00c0 deux utilisateurs qui veulent des applications Office de bureau classiques pour documents, tableaux, pr\u00e9sentations, e-mails et notes. Id\u00e9al si vous travaillez avec les m\u00eames mod\u00e8les et standards et souhaitez une configuration uniforme. Tr\u00e8s pertinent pour un petit bureau ou un duo avec des t\u00e2ches r\u00e9currentes.<\/span><\/p>\n<h3><span style=\"font-weight: 400;\">Qu\u2019est-ce qui diff\u00e9rencie Office 2024 Standard 2 User des autres solutions Office ?<\/span><span style=\"font-weight: 400;\"><br \/>\n<\/span><\/h3>\n<p><span style=\"font-weight: 400;\">Tu obtiens les applications de bureau connues dans un seul pack, sans d\u00e9pendre uniquement d\u2019outils web. Outlook est inclus, ce qui est d\u00e9cisif pour beaucoup de workflows. Le produit est clairement pens\u00e9 pour une utilisation quotidienne fiable.<\/span><\/p>\n<h3><span style=\"font-weight: 400;\">Quels sont les principaux avantages de Office 2024 Standard 2 User ?<\/span><span style=\"font-weight: 400;\"><br \/>\n<\/span><\/h3>\n<p><span style=\"font-weight: 400;\">La suite compl\u00e8te (Word, Excel, PowerPoint, Outlook, OneNote) et la couverture pour deux utilisateurs. Vous travaillez avec les m\u00eames standards et r\u00e9duisez les frictions typiques sur la mise en forme. Et tu passes \u00e0 une g\u00e9n\u00e9ration Office plus r\u00e9cente qu\u2019Office 2021 Standard.<\/span><\/p>\n<h3><span style=\"font-weight: 400;\">Quelle est la diff\u00e9rence entre Office 2024 Standard et Office 2021 Standard ?<\/span><span style=\"font-weight: 400;\"><br \/>\n<\/span><\/h3>\n<p><span style=\"font-weight: 400;\">Office 2024 Standard est la g\u00e9n\u00e9ration la plus r\u00e9cente avec une base technique plus actuelle. Pour beaucoup, c\u2019est un meilleur choix s\u2019ils veulent standardiser maintenant plut\u00f4t que rester sur la base 2021. Les applications restent famili\u00e8res, mais la base est plus moderne.<\/span><\/p>\n<h3><span style=\"font-weight: 400;\">La version 2 utilisateurs couvre-t-elle vraiment deux utilisateurs ?<\/span><span style=\"font-weight: 400;\"><br \/>\n<\/span><\/h3>\n<p><span style=\"font-weight: 400;\">Oui, cette version est pr\u00e9vue pour deux utilisateurs. Si tu veux \u00e9quiper davantage de personnes dans une petite \u00e9quipe, la version 5 utilisateurs est g\u00e9n\u00e9ralement plus adapt\u00e9e.<\/span><\/p>\n<p><strong>Si tu constates que ton besoin est un peu diff\u00e9rent, ces alternatives peuvent mieux correspondre \u00e0 ta configuration.<\/strong><\/p>\n<p><a href=\"https:\/\/swisssoftware24.ch\/fr\/products\/office-2024-standard-5-user\/\"><span style=\"font-weight: 400;\">Office 2024 Standard 5 User<\/span><\/a><span style=\"font-weight: 400;\"><br \/>\n<\/span><span style=\"font-weight: 400;\"> M\u00eame s\u00e9lection d\u2019applications, mais pens\u00e9e pour une petite \u00e9quipe. Id\u00e9al si tu veux uniformiser plusieurs postes et \u00e9viter un m\u00e9lange de configurations diff\u00e9rentes.<\/span><\/p>\n<p><a href=\"https:\/\/swisssoftware24.ch\/fr\/products\/microsoft-365-business-standard-2\/\"><span style=\"font-weight: 400;\">Microsoft 365 Business Standard<\/span><\/a><span style=\"font-weight: 400;\"><br \/>\n<\/span><span style=\"font-weight: 400;\"> Si vous voulez volontairement un abonnement et privil\u00e9giez la collaboration cloud, Microsoft 365 peut \u00eatre plus adapt\u00e9. C\u2019est l\u2019option pour les \u00e9quipes qui priorisent le \u201ctoujours \u00e0 jour\u201d et collaborent fortement en ligne.<\/span><\/p>\n<p data-start=\"1150\" data-end=\"1408\"><!--EndFragment --><\/p>\n<p data-start=\"1150\" data-end=\"1408\"><strong>Vous trouverez plus d'informations sur ce produit\u00a0<a href=\"https:\/\/swisssoftware24.ch\/fr\/microsoft-office-2024-standard-dauerlizenz-ohne-abo-fuer-wen-lohnt-sich-das\/\">ici<\/a>.<\/strong><\/p>\n<p><!--StartFragment --><strong>Attention! Ce produit est disponible en nombre limit\u00e9 (2 utilisateurs ou PC). Une r\u00e9activation peut \u00eatre n\u00e9cessaire apr\u00e8s un changement de composant ou une mise \u00e0 niveau du syst\u00e8me.<\/strong> <!--EndFragment --><\/p>","protected":false},"excerpt":{"rendered":"<p><span style=\"font-weight: 400;\">Office 2024 Standard 2 User is a desktop Office suite for two users. It includes Word, Excel, PowerPoint, Outlook, and OneNote. It is made for everyday work like documents, spreadsheets, presentations, and email. It helps two people use the same templates and formatting standards. Compared to Office 2021 Standard, it is the newer generation. It is a good fit for a small office duo that wants consistent tools.<\/span><\/p>\n<p><span style=\"font-weight: 400;\">SwissSoftware24 ist Ihr zuverl\u00e4ssiger Partner f\u00fcr Microsoft Produkte, sowohl f\u00fcr Privatpersonen als auch f\u00fcr Gesch\u00e4ftskunden. Sie erhalten Ihr digitales Produkt innerhalb weniger Minuten, inklusive Aktivierungsschl\u00fcssel, offiziellem Download Link und einer Schweizer Rechnung, die die MWST Anforderungen erf\u00fcllt. Zus\u00e4tzlich profitieren Sie von 2 Jahren Garantie, direktem Premium Support und echter Schweizer Kulanz, falls etwas nicht wie erwartet funktioniert. F\u00fcr individuelle Anforderungen bieten wir personalisierte L\u00f6sungen, die perfekt auf Ihre Bed\u00fcrfnisse zugeschnitten sind.<\/span><\/p>","protected":false},"featured_media":44201,"template":"","meta":{"_seopress_robots_primary_cat":"none","_seopress_titles_title":"","_seopress_titles_desc":"","_seopress_robots_index":""},"product_brand":[],"product_cat":[141,122,77,71,80],"product_tag":[],"class_list":{"0":"post-39917","1":"product","2":"type-product","3":"status-publish","4":"has-post-thumbnail","6":"product_cat-office-2024","7":"product_cat-office-bestseller","8":"product_cat-office-programme","9":"product_cat-office","10":"product_cat-sonderangebot","12":"first","13":"onbackorder","14":"sale","15":"taxable","16":"shipping-taxable","17":"purchasable","18":"product-type-variable"},"_links":{"self":[{"href":"https:\/\/swisssoftware24.ch\/fr\/wp-json\/wp\/v2\/product\/39917","targetHints":{"allow":["GET"]}}],"collection":[{"href":"https:\/\/swisssoftware24.ch\/fr\/wp-json\/wp\/v2\/product"}],"about":[{"href":"https:\/\/swisssoftware24.ch\/fr\/wp-json\/wp\/v2\/types\/product"}],"wp:featuredmedia":[{"embeddable":true,"href":"https:\/\/swisssoftware24.ch\/fr\/wp-json\/wp\/v2\/media\/44201"}],"wp:attachment":[{"href":"https:\/\/swisssoftware24.ch\/fr\/wp-json\/wp\/v2\/media?parent=39917"}],"wp:term":[{"taxonomy":"product_brand","embeddable":true,"href":"https:\/\/swisssoftware24.ch\/fr\/wp-json\/wp\/v2\/product_brand?post=39917"},{"taxonomy":"product_cat","embeddable":true,"href":"https:\/\/swisssoftware24.ch\/fr\/wp-json\/wp\/v2\/product_cat?post=39917"},{"taxonomy":"product_tag","embeddable":true,"href":"https:\/\/swisssoftware24.ch\/fr\/wp-json\/wp\/v2\/product_tag?post=39917"}],"curies":[{"name":"wp","href":"https:\/\/api.w.org\/{rel}","templated":true}]}}