{"id":40696,"date":"2025-11-03T20:39:16","date_gmt":"2025-11-03T19:39:16","guid":{"rendered":"https:\/\/swisssoftware24.ch\/?post_type=product&#038;p=40696"},"modified":"2025-11-30T00:17:26","modified_gmt":"2025-11-29T23:17:26","slug":"adobe-photoshop-elements-2026","status":"publish","type":"product","link":"https:\/\/swisssoftware24.ch\/fr\/products\/adobe-photoshop-elements-2026\/","title":{"rendered":"Adobe Photoshop Elements 2026"},"content":{"rendered":"<p data-start=\"0\" data-end=\"296\">Adobe Photoshop Elements 2026 (abonnement de 3 ans) est la solution photo intelligente id\u00e9ale pour les d\u00e9butants comme pour les utilisateurs avanc\u00e9s: assistants IA, optimisation en un clic et modifications guid\u00e9es offrent des r\u00e9sultats visiblement meilleurs, sans n\u00e9cessiter d\u2019apprentissage complexe.<\/p>\n<p data-start=\"298\" data-end=\"550\">L\u2019abonnement de 3 ans vous assure une tranquillit\u00e9 d\u2019esprit: vous b\u00e9n\u00e9ficiez de mises \u00e0 jour continues des fonctionnalit\u00e9s et de la s\u00e9curit\u00e9 pendant toute la dur\u00e9e de vie d\u2019Elements, de nouveaux pr\u00e9r\u00e9glages et effets, ainsi que de contenu bas\u00e9 sur le cloud. Votre flux de travail reste ainsi stable, moderne et compatible.<\/p>\n<p data-start=\"552\" data-end=\"806\">De la retouche et du d\u00e9tourage aux collages, publications sur les r\u00e9seaux sociaux et GIF photo, Elements 2026 allie simplicit\u00e9 d\u2019utilisation et polyvalence cr\u00e9ative. L\u2019\u00e9cran d\u2019accueil, l\u2019organisateur et les sauvegardes automatiques vous permettent de garder votre biblioth\u00e8que bien organis\u00e9e, sur PC comme sur Mac.<\/p>\n<p data-start=\"552\" data-end=\"806\"><strong>Vous trouverez plus d'informations sur ce produit\u00a0<a href=\"https:\/\/swisssoftware24.ch\/fr\/adobe-photoshop-elements-2026-kreativ-verstaendlich-verlaesslich\/\">ici<\/a>.<\/strong><\/p>\n<h3 data-start=\"552\" data-end=\"806\"><strong data-start=\"0\" data-end=\"49\">Adobe Photoshop Elements 2026 \u2013 configuration requise<\/strong><\/h3>\n<p data-start=\"552\" data-end=\"806\"><strong data-start=\"52\" data-end=\"71\">Syst\u00e8me d'exploitation<\/strong> Windows 11 (version 23H2 ou ult\u00e9rieure, 64\u00a0bits); macOS 14 (14.4 et versions ult\u00e9rieures) ou macOS 15 (15.5 et versions ult\u00e9rieures)<br data-start=\"156\" data-end=\"159\" \/><strong data-start=\"159\" data-end=\"173\">Processeur:<\/strong> Intel de 8e g\u00e9n\u00e9ration ou version ult\u00e9rieure, ou \u00e9quivalent AMD compatible AVX2 et SSE4.2 (Windows); Intel de 8e g\u00e9n\u00e9ration ou version ult\u00e9rieure, ou Apple Silicon M1 ou version ult\u00e9rieure (macOS)<br data-start=\"333\" data-end=\"336\" \/><strong data-start=\"336\" data-end=\"356\">M\u00e9moire:<\/strong> 8 Go de RAM (16 Go recommand\u00e9s)<br data-start=\"383\" data-end=\"386\" \/><strong data-start=\"386\" data-end=\"410\">Espace disque:<\/strong> 9\u00a0Go libres (Windows) \/ 8\u00a0Go libres (macOS) pour l'installation; espace suppl\u00e9mentaire requis pour les fichiers temporaires<br data-start=\"537\" data-end=\"540\" \/><strong data-start=\"540\" data-end=\"556\">Carte graphique:<\/strong> Windows: pilote compatible DirectX 12, 1,5\u00a0Go de m\u00e9moire GPU; (macOS: aucune configuration requise)<br data-start=\"650\" data-end=\"653\" \/><strong data-start=\"653\" data-end=\"677\">R\u00e9solution d\u2019\u00e9cran:<\/strong> 1280\u00a0\u00d7\u00a0800 (recommand\u00e9e: 1920\u00a0\u00d7\u00a01080 ou sup\u00e9rieure)<\/p>","protected":false},"excerpt":{"rendered":"<p>Adobe Photoshop Elements 2026 (Abo 3 Jahre) ist die smarte Foto-L\u00f6sung f\u00fcr Einsteiger und ambitionierte Anwender: KI-gest\u00fctzte Assistenten, Ein-Klick-Optimierung und gef\u00fchrte Bearbeitungen bringen sichtbar bessere Ergebnisse \u2013 ohne steile Lernkurve. Das 3-Jahres-Abonnement sorgt f\u00fcr Planungssicherheit: Sie erhalten laufend Funktions- und Sicherheitsupdates innerhalb des Elements-Zyklus, neue Presets &amp; Effekte sowie Cloud-basierte Inhalte. So bleibt Ihr Workflow [&hellip;]<\/p>","protected":false},"featured_media":40703,"template":"","meta":{"_seopress_robots_primary_cat":"none","_seopress_titles_title":"Photoshop Elements 2026 \u2013 Abo 3 Jahre, KI & Einfachheit","_seopress_titles_desc":"Einfach gute Fotos: KI-Assistenten, gef\u00fchrte Bearbeitung, Vorlagen & Organizer. Abo 3 Jahre inkl. Updates f\u00fcr stabile Workflows auf Windows & macOS.","_seopress_robots_index":""},"product_brand":[],"product_cat":[83,97],"product_tag":[],"class_list":{"0":"post-40696","1":"product","2":"type-product","3":"status-publish","4":"has-post-thumbnail","6":"product_cat-video-grafik-andere","7":"product_cat-grafik-design","9":"first","10":"onbackorder","11":"taxable","12":"shipping-taxable","13":"purchasable","14":"product-type-simple"},"_links":{"self":[{"href":"https:\/\/swisssoftware24.ch\/fr\/wp-json\/wp\/v2\/product\/40696","targetHints":{"allow":["GET"]}}],"collection":[{"href":"https:\/\/swisssoftware24.ch\/fr\/wp-json\/wp\/v2\/product"}],"about":[{"href":"https:\/\/swisssoftware24.ch\/fr\/wp-json\/wp\/v2\/types\/product"}],"wp:featuredmedia":[{"embeddable":true,"href":"https:\/\/swisssoftware24.ch\/fr\/wp-json\/wp\/v2\/media\/40703"}],"wp:attachment":[{"href":"https:\/\/swisssoftware24.ch\/fr\/wp-json\/wp\/v2\/media?parent=40696"}],"wp:term":[{"taxonomy":"product_brand","embeddable":true,"href":"https:\/\/swisssoftware24.ch\/fr\/wp-json\/wp\/v2\/product_brand?post=40696"},{"taxonomy":"product_cat","embeddable":true,"href":"https:\/\/swisssoftware24.ch\/fr\/wp-json\/wp\/v2\/product_cat?post=40696"},{"taxonomy":"product_tag","embeddable":true,"href":"https:\/\/swisssoftware24.ch\/fr\/wp-json\/wp\/v2\/product_tag?post=40696"}],"curies":[{"name":"wp","href":"https:\/\/api.w.org\/{rel}","templated":true}]}}