{"id":41691,"date":"2025-12-07T14:27:44","date_gmt":"2025-12-07T13:27:44","guid":{"rendered":"https:\/\/swisssoftware24.ch\/?post_type=product&#038;p=41691"},"modified":"2025-12-07T14:31:11","modified_gmt":"2025-12-07T13:31:11","slug":"ashampoo-backup-pro-27","status":"publish","type":"product","link":"https:\/\/swisssoftware24.ch\/fr\/products\/ashampoo-backup-pro-27\/","title":{"rendered":"Ashampoo Backup Pro 27"},"content":{"rendered":"<p data-start=\"0\" data-end=\"367\"><strong data-start=\"0\" data-end=\"26\">Ashampoo Backup Pro 27<\/strong> sauvegarde de mani\u00e8re fiable fichiers, partitions et syst\u00e8mes Windows complets sans ralentir votre PC. Un tableau de bord moderne affiche tous les plans de sauvegarde et leur \u00e9tat d\u2019un seul coup d\u2019\u0153il, tandis que des assistants vous accompagnent pas \u00e0 pas lors de la configuration. Vous gardez ainsi le contr\u00f4le de vos sauvegardes de donn\u00e9es, m\u00eame sans connaissances techniques approfondies.<\/p>\n<p data-start=\"369\" data-end=\"738\">Avec la version 27, le moteur de sauvegarde a \u00e9t\u00e9 encore optimis\u00e9 : les sauvegardes d\u00e9marrent plus rapidement, les jeux de sauvegarde existants sont v\u00e9rifi\u00e9s plus efficacement et les cibles cloud sont int\u00e9gr\u00e9es de fa\u00e7on encore plus fluide. Qu\u2019il s\u2019agisse de disque local, de NAS ou de cloud, vous combinez les emplacements de stockage de mani\u00e8re flexible et profitez de sauvegardes incr\u00e9mentielles qui \u00e9conomisent de l\u2019espace tout en offrant une protection continue.<\/p>\n<p data-start=\"740\" data-end=\"1095\">Un syst\u00e8me de secours mis \u00e0 jour aide en cas d\u2019erreurs syst\u00e8me graves ou de mises \u00e0 jour \u00e9chou\u00e9es, tandis que les sauvegardes en temps r\u00e9el surveillent en continu les dossiers sensibles. Au quotidien, Ashampoo Backup Pro 27 fonctionne discr\u00e8tement en arri\u00e8re-plan, mais en cas d\u2019urgence, tout est pr\u00eat en quelques clics, du simple restore de fichier \u00e0 la restauration compl\u00e8te du syst\u00e8me.<\/p>\n<p data-start=\"740\" data-end=\"1095\"><strong>Vous trouverez plus d'informations sur ce produit\u00a0<a href=\"https:\/\/swisssoftware24.ch\/fr\/ashampoo-backup-pro-27-sicherung-der-naechsten-generation-fuer-windows\/\">ici<\/a>.<\/strong><\/p>\n<p data-start=\"740\" data-end=\"1095\"><strong data-start=\"94\" data-end=\"142\">Ashampoo Backup Pro 27 \u2013 Configuration requise<\/strong><\/p>\n<ul>\n<li data-start=\"740\" data-end=\"1095\">Syst\u00e8me d\u2019exploitation: Windows 10, 11 (x64)<\/li>\n<li data-start=\"740\" data-end=\"1095\">Pr\u00e9requis: Tout appareil compatible avec les syst\u00e8mes d\u2019exploitation ci-dessus.<\/li>\n<li data-start=\"740\" data-end=\"1095\">Autres: 500\u00a0Mo d'espace disque disponible pour l'installation; connexion Internet pour l'activation et les mises \u00e0 jour; v\u00e9rifications r\u00e9guli\u00e8res de la licence; syst\u00e8mes ARM non pris en charge.<\/li>\n<\/ul>","protected":false},"excerpt":{"rendered":"<p>Ashampoo Backup Pro 27 sichert Dateien, Partitionen und komplette Windows-Systeme zuverl\u00e4ssig \u2013 ohne den PC auszubremsen. Ein modernes Dashboard zeigt alle Sicherungspl\u00e4ne und deren Status auf einen Blick, w\u00e4hrend Assistenten die Einrichtung Schritt f\u00fcr Schritt begleiten. So haben Sie Ihre Datensicherung immer unter Kontrolle, auch ohne tiefes Technik-Wissen. Mit Version 27 wurde die Backup-Engine weiter [&hellip;]<\/p>","protected":false},"featured_media":41700,"template":"","meta":{"_seopress_robots_primary_cat":"none","_seopress_titles_title":"Ashampoo Backup Pro 27 \u2013 Sicherung&moderne Wiederherstellung","_seopress_titles_desc":"Schnellere Backups, modernes Dashboard, Cloud-Optimierung und verbessertes Rettungssystem. Dateien, Partitionen und ganze Systeme in wenigen Klicks sichern.","_seopress_robots_index":""},"product_brand":[],"product_cat":[63,64],"product_tag":[],"class_list":{"0":"post-41691","1":"product","2":"type-product","3":"status-publish","4":"has-post-thumbnail","6":"product_cat-antivirus-security","7":"product_cat-backup","9":"first","10":"onbackorder","11":"virtual","12":"taxable","13":"purchasable","14":"product-type-simple"},"_links":{"self":[{"href":"https:\/\/swisssoftware24.ch\/fr\/wp-json\/wp\/v2\/product\/41691","targetHints":{"allow":["GET"]}}],"collection":[{"href":"https:\/\/swisssoftware24.ch\/fr\/wp-json\/wp\/v2\/product"}],"about":[{"href":"https:\/\/swisssoftware24.ch\/fr\/wp-json\/wp\/v2\/types\/product"}],"wp:featuredmedia":[{"embeddable":true,"href":"https:\/\/swisssoftware24.ch\/fr\/wp-json\/wp\/v2\/media\/41700"}],"wp:attachment":[{"href":"https:\/\/swisssoftware24.ch\/fr\/wp-json\/wp\/v2\/media?parent=41691"}],"wp:term":[{"taxonomy":"product_brand","embeddable":true,"href":"https:\/\/swisssoftware24.ch\/fr\/wp-json\/wp\/v2\/product_brand?post=41691"},{"taxonomy":"product_cat","embeddable":true,"href":"https:\/\/swisssoftware24.ch\/fr\/wp-json\/wp\/v2\/product_cat?post=41691"},{"taxonomy":"product_tag","embeddable":true,"href":"https:\/\/swisssoftware24.ch\/fr\/wp-json\/wp\/v2\/product_tag?post=41691"}],"curies":[{"name":"wp","href":"https:\/\/api.w.org\/{rel}","templated":true}]}}