{"id":44641,"date":"2026-03-23T20:53:09","date_gmt":"2026-03-23T19:53:09","guid":{"rendered":"https:\/\/swisssoftware24.ch\/?post_type=product&#038;p=44641"},"modified":"2026-03-23T20:58:04","modified_gmt":"2026-03-23T19:58:04","slug":"norton-360-advanced","status":"publish","type":"product","link":"https:\/\/swisssoftware24.ch\/fr\/products\/norton-360-advanced\/","title":{"rendered":"Norton 360 Advanced"},"content":{"rendered":"<div class=\"flex flex-col text-sm pb-25\">\n<section class=\"text-token-text-primary w-full focus:outline-none [--shadow-height:45px] has-data-writing-block:pointer-events-none has-data-writing-block:-mt-(--shadow-height) has-data-writing-block:pt-(--shadow-height) [&amp;:has([data-writing-block])&gt;*]:pointer-events-auto scroll-mt-[calc(var(--header-height)+min(200px,max(70px,20svh)))]\" dir=\"auto\" data-turn-id=\"request-69a08ae2-0330-8384-aab3-36d7603e0463-0\" data-testid=\"conversation-turn-40\" data-scroll-anchor=\"true\" data-turn=\"assistant\">\n<div class=\"text-base my-auto mx-auto pb-10 [--thread-content-margin:var(--thread-content-margin-xs,calc(var(--spacing)*4))] @w-sm\/main:[--thread-content-margin:var(--thread-content-margin-sm,calc(var(--spacing)*6))] @w-lg\/main:[--thread-content-margin:var(--thread-content-margin-lg,calc(var(--spacing)*16))] px-(--thread-content-margin)\">\n<div class=\"[--thread-content-max-width:40rem] @w-lg\/main:[--thread-content-max-width:48rem] mx-auto max-w-(--thread-content-max-width) flex-1 group\/turn-messages focus-visible:outline-hidden relative flex w-full min-w-0 flex-col agent-turn\">\n<div class=\"flex max-w-full flex-col gap-4 grow\">\n<div class=\"min-h-8 text-message relative flex w-full flex-col items-end gap-2 text-start break-words whitespace-normal outline-none keyboard-focused:focus-ring [.text-message+&amp;]:mt-1\" dir=\"auto\" tabindex=\"0\" data-message-author-role=\"assistant\" data-message-id=\"2c057fbd-e13e-4302-afeb-7e39ec4fb530\" data-message-model-slug=\"gpt-5-2-thinking\" data-turn-start-message=\"true\">\n<div class=\"flex w-full flex-col gap-1 empty:hidden\">\n<div class=\"markdown prose dark:prose-invert w-full wrap-break-word light markdown-new-styling\">\n<h1 data-start=\"34\" data-end=\"508\">Norton 360 Advanced &#8211; Rundumschutz f\u00fcr bis zu 10 Ger\u00e4te mit Scam Protection Pro, Secure VPN und 200 GB Cloud Backup<\/h1>\n<p data-start=\"34\" data-end=\"508\">Die meisten merken erst dann, wie angreifbar der digitale Alltag ist, wenn etwas \u201cnicht ganz passt\u201d: eine Nachricht wirkt zu \u00fcberzeugend, ein Link kommt im falschen Moment, oder ein Ger\u00e4t wird nach einem Klick sp\u00fcrbar langsamer. Norton 360 Advanced ist daf\u00fcr gemacht, genau diese Unsicherheit zu reduzieren \u2013 indem es Ger\u00e4teschutz mit Privatsph\u00e4re- und Identit\u00e4tsfunktionen kombiniert, damit du online weniger abw\u00e4gen musst.<\/p>\n<p data-start=\"510\" data-end=\"921\">Im Alltag bedeutet das: Schutz vor Viren, Malware und Ransomware, dazu Secure VPN, Password Manager und Funktionen wie Dark Web Monitoring sowie Kindersicherung. F\u00fcr Windows-PCs ist ausserdem Cloud Backup vorgesehen (bei Advanced typischerweise mit 200 GB) \u2013 praktisch, wenn du wichtige Dateien nicht nur sch\u00fctzen, sondern auch absichern willst.<\/p>\n<p data-start=\"923\" data-end=\"1305\">Wenn du Norton 360 Advanced bei SwissSoftware24 kaufst, erh\u00e4ltst du dein digitales Produkt schnell per E-Mail, inklusive Aktivierungsschl\u00fcssel und offiziellem Download Link sowie einer Schweizer Rechnung, die f\u00fcr die Buchhaltung passt. Zus\u00e4tzlich profitierst du von klaren Abl\u00e4ufen f\u00fcr Privatpersonen und Unternehmen, damit Aktivierung und Einrichtung reibungslos funktionieren.<\/p>\n<h2 data-start=\"1334\" data-end=\"1795\">Norton 360 Advanced &#8211; Password Manager, 200 GB Cloud Backup und Dark Web Monitoring<\/h2>\n<p data-start=\"1334\" data-end=\"1795\">Norton 360 Advanced ist ein Sicherheitsprodukt f\u00fcr bis zu 10 Ger\u00e4te (PC, Mac, Smartphone oder Tablet). Es kombiniert mehrschichtigen Ger\u00e4teschutz mit Privatsph\u00e4re-Funktionen wie VPN sowie zus\u00e4tzlichen Bausteinen rund um Identit\u00e4t und Monitoring (teils regionsabh\u00e4ngig).<\/p>\n<h2 data-start=\"1797\" data-end=\"1878\">Was ist in Norton 360 Advanced enthalten?<\/h2>\n<h3 data-start=\"1797\" data-end=\"1878\">Fonctions principales<\/h3>\n<ul data-start=\"1879\" data-end=\"2234\">\n<li data-section-id=\"2hygcj\" data-start=\"1879\" data-end=\"1945\">Ger\u00e4teschutz gegen Viren, Malware, Ransomware und Angriffe<\/li>\n<li data-section-id=\"5lo463\" data-start=\"1946\" data-end=\"2051\">Scam Protection Pro (KI-gest\u00fctzte Erkennung von Scam-Texten\/Calls und Deepfakes, je nach Angebot)<\/li>\n<li data-section-id=\"1k8zmbs\" data-start=\"2052\" data-end=\"2121\">Secure VPN (privatere Verbindung, z.B. in \u00f6ffentlichen WLANs)<\/li>\n<li data-section-id=\"urukuc\" data-start=\"2122\" data-end=\"2146\">Password Manager<\/li>\n<li data-section-id=\"uu2g8\" data-start=\"2147\" data-end=\"2174\">Dark Web Monitoring<\/li>\n<li data-section-id=\"mjb6j4\" data-start=\"2175\" data-end=\"2234\">Contr\u00f4le parental<\/li>\n<\/ul>\n<h3 data-start=\"2236\" data-end=\"2304\">Zusatzfunktionen mit Fokus auf Identit\u00e4t (regionsabh\u00e4ngig)<\/h3>\n<ul data-start=\"2305\" data-end=\"2572\">\n<li data-section-id=\"6wq2go\" data-start=\"2305\" data-end=\"2389\">Identity Restoration Support \/ Hilfe bei der Wiederherstellung der Identit\u00e4t<\/li>\n<li data-section-id=\"1xbqr5o\" data-start=\"2390\" data-end=\"2572\">Je nach Land: Credit Report &amp; Score, Credit Alerts, Stolen Wallet Assist, Social Media Monitoring und Financial Monitoring<\/li>\n<\/ul>\n<h3 data-start=\"2574\" data-end=\"2640\">Fonctions suppl\u00e9mentaires sp\u00e9cifiques Windows (selon la plateforme)<\/h3>\n<ul data-start=\"2641\" data-end=\"2750\">\n<li data-section-id=\"1ldx70b\" data-start=\"2641\" data-end=\"2675\">200 GB Cloud Backup f\u00fcr PC<\/li>\n<li data-section-id=\"1d6qj7k\" data-start=\"2676\" data-end=\"2750\">SafeCam f\u00fcr PC (Webcam-Schutz)<\/li>\n<\/ul>\n<h2 data-start=\"2752\" data-end=\"2799\">Couverture des appareils et remarques importantes<\/h2>\n<ul data-start=\"2800\" data-end=\"3191\">\n<li data-section-id=\"1445sqk\" data-start=\"2800\" data-end=\"2901\">Norton 360 Advanced ist f\u00fcr bis zu 10 Ger\u00e4te ausgelegt.<\/li>\n<li data-section-id=\"hnmxy9\" data-start=\"2902\" data-end=\"3035\">Nicht alle Funktionen sind auf jeder Plattform identisch (Windows\/macOS\/Mobile unterscheiden sich oft bei einzelnen Modulen).<\/li>\n<li data-section-id=\"oet5dm\" data-start=\"3036\" data-end=\"3191\">Identit\u00e4ts- und Finanzfunktionen k\u00f6nnen je nach Land\/Region variieren (Verf\u00fcgbarkeit ist angebotsabh\u00e4ngig).<\/li>\n<\/ul>\n<h2 data-start=\"3193\" data-end=\"3227\">Cas d\u2019usage typiques<\/h2>\n<ul data-start=\"3228\" data-end=\"3595\">\n<li data-section-id=\"xj0sr5\" data-start=\"3228\" data-end=\"3293\">Schutz mehrerer Ger\u00e4te in Haushalt oder kleinem Team (bis 10)<\/li>\n<li data-section-id=\"150ufn\" data-start=\"3294\" data-end=\"3369\">Reduzieren von Scam-Risiken beim Surfen, in Nachrichten und im Postfach<\/li>\n<li data-section-id=\"1yfl58x\" data-start=\"3370\" data-end=\"3422\">Sicherere Nutzung von \u00f6ffentlichen WLANs mit VPN<\/li>\n<li data-section-id=\"161lh8t\" data-start=\"3423\" data-end=\"3479\">Passwortverwaltung, um Wiederverwendung zu vermeiden<\/li>\n<li data-section-id=\"2z711j\" data-start=\"3480\" data-end=\"3595\">Datei-Backup auf Windows-PCs (wenn wichtige Ordner abgesichert sein sollen)<\/li>\n<\/ul>\n<h2 data-start=\"3597\" data-end=\"3644\">Exigences syst\u00e8me:<\/h2>\n<h3 data-start=\"3597\" data-end=\"3644\">Windows<\/h3>\n<ul data-start=\"3645\" data-end=\"4250\">\n<li data-section-id=\"9v4u84\" data-start=\"3645\" data-end=\"3840\">Betriebssystem: kompatibel mit Windows (inkl. Windows 11\/10); je nach Version werden auch \u00e4ltere Windows-Versionen genannt (produkt-\/regionsabh\u00e4ngig)<\/li>\n<li data-section-id=\"jmkqe4\" data-start=\"3841\" data-end=\"3924\">Prozessor: 1 GHz oder schneller<\/li>\n<li data-section-id=\"cbssp\" data-start=\"3925\" data-end=\"4058\">Arbeitsspeicher: Windows 10: 2 GB (zus\u00e4tzliche Hinweise gelten f\u00fcr Recovery Tool)<\/li>\n<li data-section-id=\"a4cwov\" data-start=\"4059\" data-end=\"4148\">Festplattenspeicher: 300 MB verf\u00fcgbar<\/li>\n<li data-section-id=\"1nj5ifh\" data-start=\"4149\" data-end=\"4250\">Internetverbindung: erforderlich f\u00fcr Installation, Aktivierung, Updates und Online-Funktionen<\/li>\n<\/ul>\n<h3 data-start=\"4252\" data-end=\"4267\">macOS<\/h3>\n<ul data-start=\"4268\" data-end=\"4613\">\n<li data-section-id=\"1t2kgip\" data-start=\"4268\" data-end=\"4436\">Betriebssystem: Norton unterst\u00fctzt macOS (genaue Versionen sind angebotsabh\u00e4ngig; in der Praxis gilt h\u00e4ufig: aktuelle oder k\u00fcrzlich erschienene macOS Versionen)<\/li>\n<li data-section-id=\"1mbrjla\" data-start=\"4437\" data-end=\"4613\">Prozessor \/ Arbeitsspeicher \/ Festplattenspeicher \/ Internetverbindung: abh\u00e4ngig vom jeweiligen macOS-Ger\u00e4t; Internet wird f\u00fcr Installation\/Aktivierung\/Updates ben\u00f6tigt<\/li>\n<\/ul>\n<h3 data-start=\"4615\" data-end=\"4632\">Android<\/h3>\n<ul data-start=\"4633\" data-end=\"4847\">\n<li data-section-id=\"12xkviw\" data-start=\"4633\" data-end=\"4755\">Betriebssystem: Android (Version je nach Angebot; Norton Mobile Security erfordert ein kompatibles Android-System)<\/li>\n<li data-section-id=\"1tfpgoy\" data-start=\"4756\" data-end=\"4847\">Internetverbindung: erforderlich f\u00fcr Installation, Aktivierung und Schutzfunktionen<\/li>\n<\/ul>\n<h3 data-start=\"4849\" data-end=\"4873\">iOS et iPadOS<\/h3>\n<ul data-start=\"4874\" data-end=\"5052\">\n<li data-section-id=\"b1pzcl\" data-start=\"4874\" data-end=\"4972\">Ger\u00e4te: iPhone\/iPad mit unterst\u00fctzten iOS\/iPadOS-Versionen (Verf\u00fcgbarkeit je nach Angebot)<\/li>\n<li data-section-id=\"1j81css\" data-start=\"4973\" data-end=\"5052\">Internetverbindung: erforderlich f\u00fcr Installation und Online-Funktionen<\/li>\n<\/ul>\n<p><strong>Download:<\/strong> <a href=\"http:\/\/norton.com\/setup\">http:\/\/norton.com\/setup<\/a><\/p>\n<h2 data-start=\"5073\" data-end=\"5364\">FAQ<\/h2>\n<h3 data-start=\"5073\" data-end=\"5364\">F\u00fcr wen ist Norton 360 Advanced?<\/h3>\n<p data-start=\"5073\" data-end=\"5364\">F\u00fcr alle, die mehrere Ger\u00e4te absichern wollen und neben Ger\u00e4teschutz auch Privatsph\u00e4re- und Identit\u00e4tsfunktionen nutzen m\u00f6chten. Besonders sinnvoll f\u00fcr Haushalte oder kleine Setups mit vielen Endger\u00e4ten (bis 10).<\/p>\n<h3 data-start=\"5366\" data-end=\"5667\">Was unterscheidet Norton 360 Advanced von Norton 360 Deluxe?<\/h3>\n<p data-start=\"5366\" data-end=\"5667\">Advanced ist als \u201cgr\u00f6ssere\u201d Variante positioniert: mehr Ger\u00e4te (typisch 10 statt 5), mehr Cloud Backup (typisch 200 GB statt 50 GB) und zus\u00e4tzliche Identit\u00e4ts-\/Monitoring-Bausteine je nach Land.<\/p>\n<h3 data-start=\"5669\" data-end=\"5835\">Le VPN est-il inclus ?<\/h3>\n<p data-start=\"5669\" data-end=\"5835\">Ja, Norton 360 Advanced beinhaltet ein VPN f\u00fcr eine privatere Verbindung, z.B. unterwegs im WLAN.<\/p>\n<h3 data-start=\"5837\" data-end=\"6021\">Ist Cloud Backup enthalten?<\/h3>\n<p data-start=\"5837\" data-end=\"6021\">Ja, Cloud Backup ist f\u00fcr Windows-PCs vorgesehen und wird bei Advanced typischerweise mit 200 GB angegeben.<\/p>\n<h3 data-start=\"6023\" data-end=\"6275\">Gibt es Funktionen rund um Identit\u00e4t und Monitoring?<\/h3>\n<p data-start=\"6023\" data-end=\"6275\">Ja \u2013 Norton nennt u.a. Identity Restoration Support sowie je nach Land\/Angebot zus\u00e4tzliche Monitoring-Funktionen (z.B. Credit- und Financial-Monitoring).<\/p>\n<h3 data-start=\"6277\" data-end=\"6534\">Sind alle Funktionen auf Mac und Mobile verf\u00fcgbar?<\/h3>\n<p data-start=\"6277\" data-end=\"6534\">Nicht immer. Sicherheits-Suiten unterscheiden h\u00e4ufig je nach Plattform \u2013 einzelne Module k\u00f6nnen auf Windows anders ausfallen als auf macOS oder mobilen Ger\u00e4ten.<\/p>\n<p data-start=\"6579\" data-end=\"6730\"><strong>Vielleicht sind diese Alternativen f\u00fcr dich noch passender \u2013 je nachdem, wie viele Ger\u00e4te du sch\u00fctzen willst und welche Extras du wirklich nutzt:<\/strong><\/p>\n<p data-start=\"6732\" data-end=\"6992\"><a href=\"https:\/\/swisssoftware24.ch\/fr\/products\/norton-360-deluxe\/\">Norton 360 Deluxe<\/a><br data-start=\"6753\" data-end=\"6756\" \/>Gute Wahl, wenn 5 Ger\u00e4te reichen und du die Kernfunktionen (VPN, Password Manager, Dark Web Monitoring, Kindersicherung) willst, ohne den \u201cAdvanced\u201d-Umfang. Praktisch f\u00fcr kleinere Haushalte.<\/p>\n<p data-start=\"6994\" data-end=\"7258\"><a href=\"https:\/\/swisssoftware24.ch\/fr\/products\/norton-360-premium\/\">Norton 360 Premium<\/a><br data-start=\"7016\" data-end=\"7019\" \/>Sinnvoll, wenn du ebenfalls bis zu 10 Ger\u00e4te sch\u00fctzen willst, aber eher den Fokus auf die breite Ger\u00e4teabdeckung und Kernfunktionen legst. Passt oft f\u00fcr Familien mit vielen Smartphones\/Tablets.<\/p>\n<p data-start=\"7260\" data-end=\"7472\"><a href=\"https:\/\/swisssoftware24.ch\/fr\/products\/norton-antivirus-plus\/\">Norton AntiVirus Plus<\/a><br data-start=\"7285\" data-end=\"7288\" \/>Wenn du prim\u00e4r soliden Ger\u00e4teschutz m\u00f6chtest und auf Extras wie VPN\/Kindersicherung verzichten kannst, ist das die schlankere Option. Ideal als \u201cnur Schutz, ohne Schnickschnack<\/p>\n<\/div>\n<\/div>\n<\/div>\n<\/div>\n<\/div>\n<\/div>\n<\/section>\n<\/div>","protected":false},"excerpt":{"rendered":"<p data-start=\"7501\" data-end=\"7909\">Norton 360 Advanced sch\u00fctzt bis zu 10 Ger\u00e4te vor Viren, Malware und Ransomware. Es enth\u00e4lt Scam Protection Pro, Secure VPN und einen Password Manager. Enthalten sind ausserdem Dark Web Monitoring und Kindersicherung. F\u00fcr Windows-PCs ist typischerweise 200 GB Cloud Backup enthalten. Je nach Land k\u00f6nnen zus\u00e4tzliche Identit\u00e4ts- und Monitoring-Funktionen verf\u00fcgbar sein.<\/p>\n<p data-start=\"7948\" data-end=\"8530\">SwissSoftware24 ist Ihr zuverl\u00e4ssiger Partner f\u00fcr Microsoft Produkte, sowohl f\u00fcr Privatpersonen als auch f\u00fcr Gesch\u00e4ftskunden. Sie erhalten Ihr digitales Produkt innerhalb weniger Minuten, inklusive Aktivierungsschl\u00fcssel, offiziellem Download-Link und einer Schweizer Rechnung, die die MWST-Anforderungen erf\u00fcllt. Zus\u00e4tzlich profitieren Sie von 2 Jahren Garantie, direktem Premium-Support und echter Schweizer Kulanz, falls etwas nicht wie erwartet funktioniert. F\u00fcr individuelle Anforderungen bieten wir personalisierte L\u00f6sungen, die perfekt auf Ihre Bed\u00fcrfnisse zugeschnitten sind.<\/p>","protected":false},"featured_media":44644,"template":"","meta":{"_seopress_robots_primary_cat":"none","_seopress_titles_title":"","_seopress_titles_desc":"","_seopress_robots_index":""},"product_brand":[],"product_cat":[93,94,63,65,109],"product_tag":[],"class_list":{"0":"post-44641","1":"product","2":"type-product","3":"status-publish","4":"has-post-thumbnail","6":"product_cat-antivirus","7":"product_cat-antivirus-security-fur-unternehmen","8":"product_cat-antivirus-security","9":"product_cat-fur-unternehmen","10":"product_cat-norton","12":"first","13":"instock","14":"taxable","15":"shipping-taxable","16":"purchasable","17":"product-type-variable","18":"has-default-attributes"},"_links":{"self":[{"href":"https:\/\/swisssoftware24.ch\/fr\/wp-json\/wp\/v2\/product\/44641","targetHints":{"allow":["GET"]}}],"collection":[{"href":"https:\/\/swisssoftware24.ch\/fr\/wp-json\/wp\/v2\/product"}],"about":[{"href":"https:\/\/swisssoftware24.ch\/fr\/wp-json\/wp\/v2\/types\/product"}],"wp:featuredmedia":[{"embeddable":true,"href":"https:\/\/swisssoftware24.ch\/fr\/wp-json\/wp\/v2\/media\/44644"}],"wp:attachment":[{"href":"https:\/\/swisssoftware24.ch\/fr\/wp-json\/wp\/v2\/media?parent=44641"}],"wp:term":[{"taxonomy":"product_brand","embeddable":true,"href":"https:\/\/swisssoftware24.ch\/fr\/wp-json\/wp\/v2\/product_brand?post=44641"},{"taxonomy":"product_cat","embeddable":true,"href":"https:\/\/swisssoftware24.ch\/fr\/wp-json\/wp\/v2\/product_cat?post=44641"},{"taxonomy":"product_tag","embeddable":true,"href":"https:\/\/swisssoftware24.ch\/fr\/wp-json\/wp\/v2\/product_tag?post=44641"}],"curies":[{"name":"wp","href":"https:\/\/api.w.org\/{rel}","templated":true}]}}