{"id":14310,"date":"2023-03-03T22:12:33","date_gmt":"2023-03-03T22:12:33","guid":{"rendered":"https:\/\/www.dev2.swisssoftware24.ch\/?page_id=14310"},"modified":"2023-03-03T22:12:33","modified_gmt":"2023-03-03T22:12:33","slug":"datenschutz","status":"publish","type":"page","link":"https:\/\/swisssoftware24.ch\/it\/datenschutz\/","title":{"rendered":"Informativa sulla privacy"},"content":{"rendered":"<div data-elementor-type=\"wp-page\" data-elementor-id=\"14310\" class=\"elementor elementor-14310\" data-elementor-post-type=\"page\">\n\t\t\t\t\t\t<section class=\"elementor-section elementor-top-section elementor-element elementor-element-cae85a3 elementor-section-boxed elementor-section-height-default elementor-section-height-default\" data-id=\"cae85a3\" data-element_type=\"section\">\n\t\t\t\t\t\t<div class=\"elementor-container elementor-column-gap-default\">\n\t\t\t\t\t<div class=\"elementor-column elementor-col-100 elementor-top-column elementor-element elementor-element-2c397fa\" data-id=\"2c397fa\" data-element_type=\"column\">\n\t\t\t<div class=\"elementor-widget-wrap\">\n\t\t\t\t\t\t\t<\/div>\n\t\t<\/div>\n\t\t\t\t\t<\/div>\n\t\t<\/section>\n\t\t\t\t<section class=\"elementor-section elementor-top-section elementor-element elementor-element-af1c944 elementor-section-boxed elementor-section-height-default elementor-section-height-default\" data-id=\"af1c944\" data-element_type=\"section\">\n\t\t\t\t\t\t<div class=\"elementor-container elementor-column-gap-default\">\n\t\t\t\t\t<div class=\"elementor-column elementor-col-100 elementor-top-column elementor-element elementor-element-e11ea09\" data-id=\"e11ea09\" data-element_type=\"column\">\n\t\t\t<div class=\"elementor-widget-wrap elementor-element-populated\">\n\t\t\t\t\t\t<div class=\"elementor-element elementor-element-3fd1f33 elementor-widget elementor-widget-text-editor\" data-id=\"3fd1f33\" data-element_type=\"widget\" data-widget_type=\"text-editor.default\">\n\t\t\t\t<div class=\"elementor-widget-container\">\n\t\t\t\t\t\t\t\t\t<p><strong>Informativa sulla privacy<\/strong><\/p><p>I gestori di queste pagine prendono molto sul serio la protezione dei vostri dati personali. Trattiamo i vostri dati personali in modo confidenziale e in conformit\u00e0 alle disposizioni di legge sulla protezione dei dati e alla presente dichiarazione sulla protezione dei dati.<\/p><p>Di norma, \u00e8 possibile utilizzare il sito web di SwissSoftware24 senza fornire dati personali. Se sulle nostre pagine vengono raccolti dati personali (ad esempio nome, indirizzo o indirizzo e-mail), ci\u00f2 avviene sempre, per quanto possibile, su base volontaria. Questi dati non saranno trasmessi a terzi senza il vostro esplicito consenso. Desideriamo sottolineare che la trasmissione di dati su Internet (ad esempio la comunicazione via e-mail) pu\u00f2 presentare lacune nella sicurezza. Non \u00e8 possibile proteggere completamente i dati dall'accesso di terzi.<\/p><p>\u00a0<\/p><p><strong>Biscotti<\/strong><\/p><p>Alcune pagine Internet utilizzano i cosiddetti cookie. I cookie non causano alcun danno al vostro computer e non contengono virus. I cookie servono a rendere la nostra offerta pi\u00f9 semplice, efficace e sicura. I cookie sono piccoli file di testo che vengono memorizzati sul vostro computer e salvati dal vostro browser.<\/p><p>La maggior parte dei cookie che utilizziamo sono i cosiddetti cookie di sessione. Vengono cancellati automaticamente al termine della visita. Altri cookie rimangono memorizzati sul vostro terminale finch\u00e9 non li cancellate. Questi cookie ci permettono di riconoscere il vostro browser alla vostra prossima visita. Potete impostare il vostro browser in modo da essere informati sull'impostazione dei cookie e consentire i cookie solo in singoli casi, escludere l'accettazione dei cookie per determinati casi o in generale e attivare la cancellazione automatica dei cookie alla chiusura del browser. Se disattivate i cookie, la funzionalit\u00e0 di questo sito web potrebbe essere limitata.<\/p><p>\u00a0<\/p><p><strong>Annunci di Google e Google Analytics<\/strong><\/p><p>Wir verwenden auf unserer Webseite &#8220;Google Ads&#8221; (fr\u00fcher Google AdWords) und &#8220;Google Analytics&#8221;, die Dienste der Google Ireland Limited, Google Building Gordon House, Barrow St, Dublin 4, Irland (nachfolgend bezeichnet als &#8220;Google&#8221;). Google Ads erm\u00f6glicht uns, mit Hilfe von Werbemitteln auf externen Webseiten auf unsere attraktiven Angebote aufmerksam zu machen. Dadurch k\u00f6nnen wir ermitteln, wie erfolgreich einzelne Werbemassnahmen sind. Diese Werbemittel werden durch Google \u00fcber sogenannte \u201eAdServer\u201c ausgeliefert. &#8220;Google Analytics&#8221; ist ein Webanalysedienst der Google. Google verwendet Cookies, also kleine Textdateien, die auf Ihrem Endger\u00e4t gespeichert werden und die eine Analyse der Benutzung unserer Webseite durch Sie erm\u00f6glichen. Die durch das Cookie erzeugten Informationen \u00fcber die Benutzung unserer Webseite werden in der Regel an einen Server von Google \u00fcbertragen und dort gespeichert.<\/p><p>Rispondiamo a tutte le domande sulla nostra protezione dei dati esclusivamente via e-mail:\u00a0<a href=\"mailto:datenschutz@dev2.swisssoftware24.ch?subject=Datenschutz\">datenschutz@dev2.swisssoftware24.ch<\/a><\/p><p>\u00a0<\/p><p><strong>Registrazione sul sito web di SwissSoftware24<\/strong><\/p><p>\u00c8 possibile registrarsi sul nostro sito web per utilizzare ulteriori funzioni del sito. I dati inseriti a questo scopo vengono utilizzati solo per l'utilizzo della rispettiva offerta o servizio per cui vi siete registrati. In caso di modifiche importanti, ad esempio nell'ambito dell'offerta o in caso di modifiche tecnicamente necessarie, utilizziamo l'indirizzo e-mail fornito durante la registrazione per informarvi.<\/p><p>\u00a0<\/p><p><strong>Crittografia SSL<\/strong><\/p><p>Diese Seite nutzt aus Gr\u00fcnden der Sicherheit und zum Schutz der \u00dcbertragung vertraulicher Inhalte, wie zum Beispiel der Anfragen, die Sie an uns als Seitenbetreiber senden, eine SSL-Verschl\u00fcsselung. Eine verschl\u00fcsselte Verbindung erkennen Sie daran, dass die Adresszeile des Browsers von &#8220;http:\/\/&#8221; auf &#8220;https:\/\/&#8221; wechselt und an dem Schloss-Symbol in Ihrer Browserzeile.<\/p><p>Se la crittografia SSL \u00e8 attivata, i dati che ci trasmettete non possono essere letti da terzi.<\/p><p>\u00a0<\/p><p><strong>Transazioni di pagamento criptate su questo sito web<\/strong><\/p><p>Le operazioni di pagamento tramite i comuni mezzi di pagamento vengono effettuate esclusivamente tramite una connessione SSL criptata e sono trattate da Visa e MasterCard,\u00a0<a href=\"https:\/\/www.concardis.com\/ch-de\/\">Concardis<\/a>\u00a0GmbH, Helfmann-Park 7, DE-65760 Esch-<br \/>nato, con PostFinance e PostFinance Card attraverso\u00a0<a href=\"https:\/\/www.postfinance.ch\/de\/unternehmen.html\" target=\"_blank\" rel=\"noopener\">PostFinanza<\/a>\u00a0AG, Mingerstrasse 20, CH-3030 Berna, a PayPal tramite\u00a0<a href=\"https:\/\/www.paypal.com\/us\/webapps\/mpp\/about\" target=\"_blank\" rel=\"noopener\">PayPal<\/a>\u00a0Inc., 2211 North First Street, San Jose, California 95131, USA, da Twint.\u00a0<a href=\"https:\/\/www.twint.ch\/\">TWINT<\/a>\u00a0AG,<br \/>Stauffacherstrasse 41, CH-8004 Zurigo e per l'acquisto su conto corrente (PowerPay) tramite\u00a0<a href=\"https:\/\/www.powerpay.ch\/de\">PowerPay<\/a>\u00a0MF Group AG, Kornhausstrasse 25, CH-9001 St. Gallen gew\u00e4hrleistet.\u00a0 Eine verschl\u00fcsselte Verbindung erkennen Sie daran, dass die Adresszeile des Browsers von &#8220;http:\/\/&#8221; auf &#8220;https:\/\/&#8221; wechselt und an dem Schloss-Symbol in Ihrer Browserzeile.<\/p><p>Con la comunicazione criptata, i dati di pagamento che ci trasmettete non possono essere letti da terzi.<\/p><p>\u00a0<\/p><p><strong>Informazioni, cancellazione, blocco Informazioni,<\/strong><\/p><p>Avete il diritto di ottenere in qualsiasi momento informazioni gratuite sui vostri dati personali memorizzati, sulla loro origine e sul loro destinatario e sullo scopo dell'elaborazione dei dati, nonch\u00e9 il diritto alla correzione, al blocco o alla cancellazione di tali dati. A questo scopo e per ulteriori domande sul tema dei dati personali, potete contattarci in qualsiasi momento all'indirizzo indicato nell'impronta.<\/p><p>\u00a0<\/p><p><strong>Obiezione alle mail pubblicitarie<\/strong><\/p><p>\u00c8 vietato l'utilizzo dei dati di contatto pubblicati nell'ambito dell'obbligo di imprinting per l'invio di materiale pubblicitario e informativo non espressamente richiesto. I gestori delle pagine si riservano espressamente il diritto di adire le vie legali in caso di invio non richiesto di informazioni pubblicitarie, ad esempio tramite e-mail di spam.<\/p>\t\t\t\t\t\t\t\t<\/div>\n\t\t\t\t<\/div>\n\t\t\t\t\t<\/div>\n\t\t<\/div>\n\t\t\t\t\t<\/div>\n\t\t<\/section>\n\t\t\t\t<\/div>","protected":false},"excerpt":{"rendered":"<p>Datenschutzerkl\u00e4rung Die Betreiber dieser Seiten nehmen den Schutz Ihrer pers\u00f6nlichen Daten sehr ernst. Wir behandeln Ihre personenbezogenen Daten vertraulich und entsprechend der gesetzlichen Datenschutzvorschriften sowie dieser Datenschutzerkl\u00e4rung. Die Nutzung der SwissSoftware24 Website ist in der Regel ohne Angabe personenbezogener Daten m\u00f6glich. Soweit auf unseren Seiten personenbezogene Daten (beispielsweise Name, Anschrift oder E-Mail Adressen) erhoben werden, [&hellip;]<\/p>","protected":false},"author":1,"featured_media":0,"parent":0,"menu_order":0,"comment_status":"closed","ping_status":"closed","template":"","meta":{"_seopress_robots_primary_cat":"","_seopress_titles_title":"","_seopress_titles_desc":"","_seopress_robots_index":"","footnotes":""},"class_list":["post-14310","page","type-page","status-publish","hentry"],"_links":{"self":[{"href":"https:\/\/swisssoftware24.ch\/it\/wp-json\/wp\/v2\/pages\/14310","targetHints":{"allow":["GET"]}}],"collection":[{"href":"https:\/\/swisssoftware24.ch\/it\/wp-json\/wp\/v2\/pages"}],"about":[{"href":"https:\/\/swisssoftware24.ch\/it\/wp-json\/wp\/v2\/types\/page"}],"author":[{"embeddable":true,"href":"https:\/\/swisssoftware24.ch\/it\/wp-json\/wp\/v2\/users\/1"}],"replies":[{"embeddable":true,"href":"https:\/\/swisssoftware24.ch\/it\/wp-json\/wp\/v2\/comments?post=14310"}],"version-history":[{"count":0,"href":"https:\/\/swisssoftware24.ch\/it\/wp-json\/wp\/v2\/pages\/14310\/revisions"}],"wp:attachment":[{"href":"https:\/\/swisssoftware24.ch\/it\/wp-json\/wp\/v2\/media?parent=14310"}],"curies":[{"name":"wp","href":"https:\/\/api.w.org\/{rel}","templated":true}]}}