{"id":14694,"date":"2023-03-04T07:01:23","date_gmt":"2023-03-04T07:01:23","guid":{"rendered":"https:\/\/dev2.swisssoftware24.ch\/?page_id=14694"},"modified":"2026-01-29T13:41:59","modified_gmt":"2026-01-29T12:41:59","slug":"kontakt","status":"publish","type":"page","link":"https:\/\/swisssoftware24.ch\/it\/kontakt\/","title":{"rendered":"CONTATTO"},"content":{"rendered":"<div data-elementor-type=\"wp-page\" data-elementor-id=\"14694\" class=\"elementor elementor-14694\" data-elementor-post-type=\"page\">\n\t\t\t\t\t\t<section class=\"elementor-section elementor-top-section elementor-element elementor-element-0b992cc elementor-section-boxed elementor-section-height-default elementor-section-height-default\" data-id=\"0b992cc\" data-element_type=\"section\">\n\t\t\t\t\t\t<div class=\"elementor-container elementor-column-gap-default\">\n\t\t\t\t\t<div class=\"elementor-column elementor-col-100 elementor-top-column elementor-element elementor-element-c8f29f0\" data-id=\"c8f29f0\" data-element_type=\"column\">\n\t\t\t<div class=\"elementor-widget-wrap elementor-element-populated\">\n\t\t\t\t\t\t<div class=\"elementor-element elementor-element-66d3336 elementor-invisible elementor-widget elementor-widget-text-editor\" data-id=\"66d3336\" data-element_type=\"widget\" data-settings=\"{&quot;_animation&quot;:&quot;fadeInDown&quot;}\" data-widget_type=\"text-editor.default\">\n\t\t\t\t<div class=\"elementor-widget-container\">\n\t\t\t\t\t\t\t\t\t<p>Desiderate contattarci?<\/p><p>Non esitate a inviarci una e-mail a info@swisssoftware24.ch <a href=\"mailto:info@swisssoftware24.ch\">info@swisssoftware24.ch<\/a>, a compilare il modulo di contatto o a chiamarci al <a href=\"tel:(+41) 43 550 05 20\">(+41) 41 50 50 400<\/a>.<\/p><p>Il nostro team \u00e8 a vostra disposizione dal luned\u00ec al venerd\u00ec dalle 8:00 alle 16:00.<\/p>\t\t\t\t\t\t\t\t<\/div>\n\t\t\t\t<\/div>\n\t\t\t\t\t<\/div>\n\t\t<\/div>\n\t\t\t\t\t<\/div>\n\t\t<\/section>\n\t\t\t\t<section class=\"elementor-section elementor-top-section elementor-element elementor-element-38692c0 elementor-section-boxed elementor-section-height-default elementor-section-height-default\" data-id=\"38692c0\" data-element_type=\"section\">\n\t\t\t\t\t\t<div class=\"elementor-container elementor-column-gap-default\">\n\t\t\t\t\t<div class=\"elementor-column elementor-col-100 elementor-top-column elementor-element elementor-element-8a3e5cf\" data-id=\"8a3e5cf\" data-element_type=\"column\">\n\t\t\t<div class=\"elementor-widget-wrap\">\n\t\t\t\t\t\t\t<\/div>\n\t\t<\/div>\n\t\t\t\t\t<\/div>\n\t\t<\/section>\n\t\t\t\t<\/div>","protected":false},"excerpt":{"rendered":"<p>Sie ben\u00f6tigen Hilfe oder Informationen? Kontaktieren Sie uns per E-Mail an info@swisssoftware24.ch, \u00fcber das Kontaktformular oder telefonisch unter (+41) 41 50 50 400. Unser Team steht Ihnen gerne zur Verf\u00fcgung von Montag bis Freitag zwischen 8:00 &#8211; 16:00 Uhr.<\/p>","protected":false},"author":1,"featured_media":0,"parent":0,"menu_order":0,"comment_status":"closed","ping_status":"closed","template":"","meta":{"_seopress_robots_primary_cat":"","_seopress_titles_title":"","_seopress_titles_desc":"","_seopress_robots_index":"","footnotes":""},"class_list":["post-14694","page","type-page","status-publish","hentry"],"_links":{"self":[{"href":"https:\/\/swisssoftware24.ch\/it\/wp-json\/wp\/v2\/pages\/14694","targetHints":{"allow":["GET"]}}],"collection":[{"href":"https:\/\/swisssoftware24.ch\/it\/wp-json\/wp\/v2\/pages"}],"about":[{"href":"https:\/\/swisssoftware24.ch\/it\/wp-json\/wp\/v2\/types\/page"}],"author":[{"embeddable":true,"href":"https:\/\/swisssoftware24.ch\/it\/wp-json\/wp\/v2\/users\/1"}],"replies":[{"embeddable":true,"href":"https:\/\/swisssoftware24.ch\/it\/wp-json\/wp\/v2\/comments?post=14694"}],"version-history":[{"count":3,"href":"https:\/\/swisssoftware24.ch\/it\/wp-json\/wp\/v2\/pages\/14694\/revisions"}],"predecessor-version":[{"id":43244,"href":"https:\/\/swisssoftware24.ch\/it\/wp-json\/wp\/v2\/pages\/14694\/revisions\/43244"}],"wp:attachment":[{"href":"https:\/\/swisssoftware24.ch\/it\/wp-json\/wp\/v2\/media?parent=14694"}],"curies":[{"name":"wp","href":"https:\/\/api.w.org\/{rel}","templated":true}]}}