{"id":13489,"date":"2023-08-25T15:24:49","date_gmt":"2023-08-25T13:24:49","guid":{"rendered":"https:\/\/www.swisssoftware24.ch\/?post_type=product&#038;p=13489"},"modified":"2026-04-20T21:18:04","modified_gmt":"2026-04-20T19:18:04","slug":"microsoft-365-single","status":"publish","type":"product","link":"https:\/\/swisssoftware24.ch\/it\/products\/microsoft-365-single\/","title":{"rendered":"Microsoft 365 Single"},"content":{"rendered":"<p>Riceverai questo prodotto comodamente via email. L'email conterr\u00e0 il codice Product Key, un link per il download e una fattura conforme all'IVA. Vendiamo solo prodotti originali e offriamo una garanzia di 2 anni. Saremo lieti di assisterti anche nell'installazione.<\/p>\n<h2><a href=\"https:\/\/swisssoftware24.ch\/it\/products\/office-2024-standard-2-user\/\"><strong>Achtung: Als preisg\u00fcnstige Alternative bieten wir <\/strong><strong>Office 2024 Standard f\u00fcr 2 Benutzer<\/strong><strong> an. Keine J\u00e4hrliche kosten f\u00fcr nur 39.\u2013 Franken. Klicke hier!<\/strong><\/a><\/h2>\n<h2><\/h2>\n<h5><strong><img loading=\"lazy\" decoding=\"async\" class=\"aligncenter wp-image-13484 size-full\" src=\"https:\/\/swisssoftware24.ch\/wp-content\/uploads\/2023\/02\/auf_the_nutzer.jpg\" alt=\"\" width=\"1200\" height=\"100\" srcset=\"https:\/\/swisssoftware24.ch\/wp-content\/uploads\/2023\/02\/auf_the_nutzer.jpg 1200w, https:\/\/swisssoftware24.ch\/wp-content\/uploads\/2023\/02\/auf_the_nutzer-600x50.jpg 600w, https:\/\/swisssoftware24.ch\/wp-content\/uploads\/2023\/02\/auf_the_nutzer-64x5.jpg 64w, https:\/\/swisssoftware24.ch\/wp-content\/uploads\/2023\/02\/auf_the_nutzer-300x25.jpg 300w, https:\/\/swisssoftware24.ch\/wp-content\/uploads\/2023\/02\/auf_the_nutzer-1024x85.jpg 1024w, https:\/\/swisssoftware24.ch\/wp-content\/uploads\/2023\/02\/auf_the_nutzer-768x64.jpg 768w\" sizes=\"auto, (max-width: 1200px) 100vw, 1200px\" \/><\/strong><\/h5>\n<p data-sourcepos=\"3:1-3:373\">Microsoft 365 Single \u00e8 la soluzione ideale per tutti coloro che cercano una suite per ufficio potente e flessibile per un uso personale. Con questo pacchetto, hai accesso alle ultime versioni di Word, Excel, PowerPoint e Outlook, che puoi utilizzare su tutti i tuoi dispositivi. Lavora in modo produttivo, ovunque tu sia, in viaggio, al caff\u00e8 o a casa.<\/p>\n<p data-sourcepos=\"5:1-5:230\">Goditi la libert\u00e0 di modificare i tuoi documenti, fogli di calcolo e presentazioni ovunque ti trovi. Grazie alla sincronizzazione nel cloud con OneDrive, hai accesso ai tuoi file in qualsiasi momento, indipendentemente dal dispositivo che stai utilizzando.<\/p>\n<p data-sourcepos=\"7:1-7:289\">Microsoft 365 Single offre molto pi\u00f9 che semplici applicazioni per ufficio. Con funzionalit\u00e0 intelligenti come il completamento automatico, la traduzione in tempo reale e la collaborazione in tempo reale, puoi aumentare la tua produttivit\u00e0 e gestire facilmente compiti complessi.<\/p>\n<p data-sourcepos=\"9:1-9:176\">nvesti nella tua produttivit\u00e0 con Microsoft 365 Single. \u00c8 la scelta ideale per studenti, freelance e per tutti coloro che valorizzano flessibilit\u00e0 ed efficienza.<\/p>\n<p><strong>Puoi trovare maggiori informazioni su questo prodotto\u00a0<a href=\"https:\/\/swisssoftware24.ch\/it\/microsoft-365-single-ihr-partner-in-der-digitalen-welt\/\">qui<\/a>.<\/strong><\/p>\n<h3>Microsoft 365 Single \u2013 requisiti di sistema<\/h3>\n<ul>\n<li>Sistema operativo: Windows 10 e 11; Mac: le ultime tre versioni di macOS<\/li>\n<li>RAM del PC: 4 GB di RAM, 2 GB di RAM (32 bit); Mac: 4 GB di RAM<\/li>\n<li>Computer con processore - 1,6 GHz o pi\u00f9 veloce (dual-core); Mac: processore Intel<\/li>\n<li>Disco rigido del PC - 4 GB; Mac: 10 GB<\/li>\n<\/ul>","protected":false},"excerpt":{"rendered":"<hr \/>\n<p>Microsoft 365 Personal \u00e8 pensato per studenti, universitari e tutti gli altri utenti singoli. Cosa guadagni quando scegli questo pacchetto? Prima di tutto, libert\u00e0 e comodit\u00e0 nel lavoro grazie all'applicazione mobile di Office. Da sapere! Questo prodotto \u00e8 cumulabile. Ci\u00f2 significa che 1 chiave di prodotto equivale a un ulteriore periodo di utilizzo di 365 giorni. Puoi utilizzare un massimo di 5 chiavi per estendere il periodo di utilizzo fino a 5 anni.<\/p>\n<p><strong>Licenza: 1 utente per 1 anno<\/strong><\/p>\n<p><strong>Versione linguistica: Tutte le lingue<\/strong><\/p>\n<p><strong>Spedizione: In 5 minuti via email<\/strong><\/p>\n<div id=\"gtx-trans\" style=\"position: absolute; left: -54px; top: 206px;\">\n<div class=\"gtx-trans-icon\"><\/div>\n<\/div>","protected":false},"featured_media":13490,"template":"","meta":{"_seopress_robots_primary_cat":"none","_seopress_titles_title":"Microsoft 365 Single | Office-Online-Apps | SwissSoftware24","_seopress_titles_desc":"Microsoft 365 Single: Nutzen Sie Office-Apps wie Word, Excel und mehr auf einem Ger\u00e4t. Perfekt f\u00fcr den pers\u00f6nlichen Gebrauch. Jetzt bei SwissSoftware24.","_seopress_robots_index":""},"product_brand":[],"product_cat":[77],"product_tag":[],"class_list":{"0":"post-13489","1":"product","2":"type-product","3":"status-publish","4":"has-post-thumbnail","6":"product_cat-office-programme","8":"first","9":"instock","10":"sale","11":"taxable","12":"shipping-taxable","13":"purchasable","14":"product-type-simple"},"_links":{"self":[{"href":"https:\/\/swisssoftware24.ch\/it\/wp-json\/wp\/v2\/product\/13489","targetHints":{"allow":["GET"]}}],"collection":[{"href":"https:\/\/swisssoftware24.ch\/it\/wp-json\/wp\/v2\/product"}],"about":[{"href":"https:\/\/swisssoftware24.ch\/it\/wp-json\/wp\/v2\/types\/product"}],"wp:featuredmedia":[{"embeddable":true,"href":"https:\/\/swisssoftware24.ch\/it\/wp-json\/wp\/v2\/media\/13490"}],"wp:attachment":[{"href":"https:\/\/swisssoftware24.ch\/it\/wp-json\/wp\/v2\/media?parent=13489"}],"wp:term":[{"taxonomy":"product_brand","embeddable":true,"href":"https:\/\/swisssoftware24.ch\/it\/wp-json\/wp\/v2\/product_brand?post=13489"},{"taxonomy":"product_cat","embeddable":true,"href":"https:\/\/swisssoftware24.ch\/it\/wp-json\/wp\/v2\/product_cat?post=13489"},{"taxonomy":"product_tag","embeddable":true,"href":"https:\/\/swisssoftware24.ch\/it\/wp-json\/wp\/v2\/product_tag?post=13489"}],"curies":[{"name":"wp","href":"https:\/\/api.w.org\/{rel}","templated":true}]}}