{"id":13573,"date":"2023-02-25T17:44:54","date_gmt":"2023-02-25T16:44:54","guid":{"rendered":"https:\/\/www.swisssoftware24.ch\/?post_type=product&#038;p=13573"},"modified":"2025-11-29T23:56:54","modified_gmt":"2025-11-29T22:56:54","slug":"kaspersky-internet-security-fur-android","status":"publish","type":"product","link":"https:\/\/swisssoftware24.ch\/it\/products\/kaspersky-internet-security-fur-android\/","title":{"rendered":"Kaspersky Internet Security per Android"},"content":{"rendered":"<p data-start=\"87\" data-end=\"539\">Kaspersky Internet Security per Android offre una potente protezione contro virus, phishing, link dannosi e chiamate indesiderate. La funzione di scansione in tempo reale rileva immediatamente le minacce e impedisce al malware di infettare il tuo dispositivo. Grazie alla verifica dei link, i siti web fraudolenti vengono bloccati prima che possano causare danni. Ci\u00f2 mantiene la tua privacy protetta mentre navighi in Internet in sicurezza.<\/p>\n<p data-start=\"541\" data-end=\"967\">Con la funzione antifurto, Kaspersky offre una protezione aggiuntiva se il tuo smartphone viene smarrito o rubato. Puoi bloccare da remoto il tuo dispositivo, visualizzare la sua posizione su una mappa o cancellare completamente i dati per proteggere le tue informazioni personali. Inoltre, il software ti consente di scattare foto con la fotocamera del dispositivo per identificare utenti non autorizzati.<\/p>\n<p data-start=\"969\" data-end=\"1436\" data-is-last-node=\"\">Il firewall integrato protegge il tuo dispositivo da accessi non autorizzati e protegge i tuoi dati sensibili come password o informazioni bancarie dagli attacchi informatici. Inoltre, \u00e8 possibile bloccare chiamate e messaggi indesiderati per proteggerti da spam, telemarketing e potenziali tentativi di frode. Grazie agli aggiornamenti di sicurezza regolari, il tuo smartphone rimane sempre protetto, quindi puoi contare su un utilizzo senza preoccupazioni.<\/p>\n<p data-start=\"969\" data-end=\"1436\" data-is-last-node=\"\"><strong>Puoi trovare maggiori informazioni su questo prodotto\u00a0<a href=\"https:\/\/swisssoftware24.ch\/it\/kaspersky-internet-security-fuer-android-umfassender-schutz-fuer-ihr-smartphone\/\">qui<\/a>.<\/strong><\/p>\n<h3>Kaspersky Internet Security per Android \u2013 requisiti di sistema<\/h3>\n<ul>\n<li>Uno smartphone o tablet con una risoluzione dello schermo di 320\u00d7480 pixel o superiore<\/li>\n<li>120 MB di spazio libero nella memoria principale del dispositivo<\/li>\n<li>Sistema operativo: Android 4.2-9.x<\/li>\n<li>Piattaforme Intel Atom x86 o ARMv7 e successive<\/li>\n<\/ul>","protected":false},"excerpt":{"rendered":"<p>Kaspersky Internet Security for Android, come suggerisce il nome, \u00e8 progettato per dispositivi Android. Offre la maggior parte delle funzionalit\u00e0 della versione desktop e include elementi aggiuntivi come l'antifurto, la verifica dei link e la capacit\u00e0 di bloccare chiamate e messaggi indesiderati.<\/p>","protected":false},"featured_media":25823,"template":"","meta":{"_seopress_robots_primary_cat":"none","_seopress_titles_title":"Kaspersky Internet Security f\u00fcr Android | SwissSoftware24","_seopress_titles_desc":"Kaspersky Internet Security f\u00fcr Android bietet umfassenden Schutz vor Viren und Malware. Sch\u00fctzen Sie Ihr Smartphone jetzt bei SwissSoftware24.","_seopress_robots_index":""},"product_brand":[],"product_cat":[108,63,93],"product_tag":[],"class_list":{"0":"post-13573","1":"product","2":"type-product","3":"status-publish","4":"has-post-thumbnail","6":"product_cat-kaspersky","7":"product_cat-antivirus-security","8":"product_cat-antivirus","10":"first","11":"instock","12":"taxable","13":"shipping-taxable","14":"purchasable","15":"product-type-variable"},"_links":{"self":[{"href":"https:\/\/swisssoftware24.ch\/it\/wp-json\/wp\/v2\/product\/13573","targetHints":{"allow":["GET"]}}],"collection":[{"href":"https:\/\/swisssoftware24.ch\/it\/wp-json\/wp\/v2\/product"}],"about":[{"href":"https:\/\/swisssoftware24.ch\/it\/wp-json\/wp\/v2\/types\/product"}],"wp:featuredmedia":[{"embeddable":true,"href":"https:\/\/swisssoftware24.ch\/it\/wp-json\/wp\/v2\/media\/25823"}],"wp:attachment":[{"href":"https:\/\/swisssoftware24.ch\/it\/wp-json\/wp\/v2\/media?parent=13573"}],"wp:term":[{"taxonomy":"product_brand","embeddable":true,"href":"https:\/\/swisssoftware24.ch\/it\/wp-json\/wp\/v2\/product_brand?post=13573"},{"taxonomy":"product_cat","embeddable":true,"href":"https:\/\/swisssoftware24.ch\/it\/wp-json\/wp\/v2\/product_cat?post=13573"},{"taxonomy":"product_tag","embeddable":true,"href":"https:\/\/swisssoftware24.ch\/it\/wp-json\/wp\/v2\/product_tag?post=13573"}],"curies":[{"name":"wp","href":"https:\/\/api.w.org\/{rel}","templated":true}]}}