{"id":13584,"date":"2023-02-25T18:05:22","date_gmt":"2023-02-25T17:05:22","guid":{"rendered":"https:\/\/www.swisssoftware24.ch\/?post_type=product&#038;p=13584"},"modified":"2025-11-29T23:56:54","modified_gmt":"2025-11-29T22:56:54","slug":"kaspersky-safe-kids","status":"publish","type":"product","link":"https:\/\/swisssoftware24.ch\/it\/products\/kaspersky-safe-kids\/","title":{"rendered":"Kaspersky Safe Kids"},"content":{"rendered":"<p data-start=\"56\" data-end=\"467\">Kaspersky Safe Kids \u00e8 una soluzione completa di controllo parentale che aiuta i genitori a monitorare e controllare le attivit\u00e0 online dei loro figli. Il controllo del tempo di utilizzo dello schermo consente di limitare l'uso quotidiano dei dispositivi e promuovere abitudini digitali sane. I genitori possono visualizzare report dettagliati sul tempo trascorso online e impostare regole di utilizzo individuali.<\/p>\n<p data-start=\"469\" data-end=\"818\">Con il filtraggio di siti web e contenuti, Kaspersky Safe Kids protegge i bambini da contenuti inappropriati come violenza o pornografia. I genitori possono specificare quali siti web e app devono essere bloccati o limitati. Se un bambino tenta di accedere a una pagina bloccata, i genitori ricevono una notifica immediata.<\/p>\n<p data-start=\"820\" data-end=\"1122\">Il controllo di app e giochi assicura che i bambini non trascorrano troppo tempo sui social media o sui giochi online. I genitori possono limitare l'accesso a specifiche applicazioni e regolare le regole per diverse fasce d'et\u00e0. Ci\u00f2 mantiene l'equilibrio tra intrattenimento e apprendimento.<\/p>\n<p data-start=\"1124\" data-end=\"1411\" data-is-last-node=\"\" data-is-only-node=\"\">Kaspersky Safe Kids \u00e8 compatibile con Windows, Mac, Android e iOS e offre un'interfaccia intuitiva per una facile gestione. Con il monitoraggio in tempo reale e gli avvisi automatici, offre ai genitori il pieno controllo sulla sicurezza digitale dei loro figli.<\/p>\n<p data-start=\"1124\" data-end=\"1411\" data-is-last-node=\"\" data-is-only-node=\"\"><strong>Puoi trovare maggiori informazioni su questo prodotto\u00a0<a href=\"https:\/\/swisssoftware24.ch\/it\/kaspersky-safe-kids-umfassender-schutz-fuer-kinder-im-internet\/\">qui<\/a>.<\/strong><\/p>\n<h3>Kaspersky Safe Kids \u2013 requisiti di sistema<\/h3>\n<ul>\n<li>Windows: 200 MB di spazio libero su disco fisso; Microsoft\u00ae Internet Explorer\u00ae 11 o versione successiva Microsoft .NET Framework 4 o versione successiva; Microsoft Windows 10\/11 Home\/Pro\/Education; Aggiornamento di Microsoft Windows 8 e 8.1\/Pro\/Enterprise\/8.1; Microsoft Windows 7 Starter\/Home Basic\/Home Premium\/Professional\/Ultimate \u2013 SP1 con patch KB4474419 e KB4490628 o successive; Processore: 1 GHz o pi\u00f9 veloce; Memoria (RAM): 1 GB (32 bit) o \u200b\u200b2 GB (64 bit)l Risoluzione minima dello schermo: 1024\u00d7768<\/li>\n<li>Mac: Memoria (RAM): 2 GB; macOS 10.13 o successivo<\/li>\n<li>Android: Android\u2122 8.0 \u2013 13.0; Risoluzione minima dello schermo: 320 x 480<\/li>\n<li>iOS: iOS\u00ae 12.0 o successivo<\/li>\n<\/ul>","protected":false},"excerpt":{"rendered":"<p>Kaspersky Safe Kids \u00e8 un software progettato per i genitori che desiderano monitorare l'attivit\u00e0 online dei loro figli e proteggerli da contenuti inappropriati. Permette il controllo dell'accesso a siti web, applicazioni e giochi.<\/p>\n<p>1 anno per 1 dispositivo<\/p>","protected":false},"featured_media":25828,"template":"","meta":{"_seopress_robots_primary_cat":"none","_seopress_titles_title":"Kaspersky Safe Kids | Schutz f\u00fcr Kinder | SwissSoftware24","_seopress_titles_desc":"Kaspersky Safe Kids bietet umfassenden Schutz f\u00fcr Ihre Kinder online. \u00dcberwachen und sichern Sie die Online-Aktivit\u00e4ten jetzt bei SwissSoftware24.","_seopress_robots_index":""},"product_brand":[],"product_cat":[93,63,108],"product_tag":[],"class_list":{"0":"post-13584","1":"product","2":"type-product","3":"status-publish","4":"has-post-thumbnail","6":"product_cat-antivirus","7":"product_cat-antivirus-security","8":"product_cat-kaspersky","10":"first","11":"onbackorder","12":"taxable","13":"shipping-taxable","14":"purchasable","15":"product-type-simple"},"_links":{"self":[{"href":"https:\/\/swisssoftware24.ch\/it\/wp-json\/wp\/v2\/product\/13584","targetHints":{"allow":["GET"]}}],"collection":[{"href":"https:\/\/swisssoftware24.ch\/it\/wp-json\/wp\/v2\/product"}],"about":[{"href":"https:\/\/swisssoftware24.ch\/it\/wp-json\/wp\/v2\/types\/product"}],"wp:featuredmedia":[{"embeddable":true,"href":"https:\/\/swisssoftware24.ch\/it\/wp-json\/wp\/v2\/media\/25828"}],"wp:attachment":[{"href":"https:\/\/swisssoftware24.ch\/it\/wp-json\/wp\/v2\/media?parent=13584"}],"wp:term":[{"taxonomy":"product_brand","embeddable":true,"href":"https:\/\/swisssoftware24.ch\/it\/wp-json\/wp\/v2\/product_brand?post=13584"},{"taxonomy":"product_cat","embeddable":true,"href":"https:\/\/swisssoftware24.ch\/it\/wp-json\/wp\/v2\/product_cat?post=13584"},{"taxonomy":"product_tag","embeddable":true,"href":"https:\/\/swisssoftware24.ch\/it\/wp-json\/wp\/v2\/product_tag?post=13584"}],"curies":[{"name":"wp","href":"https:\/\/api.w.org\/{rel}","templated":true}]}}