{"id":13698,"date":"2023-02-26T18:35:44","date_gmt":"2023-02-26T18:35:44","guid":{"rendered":"https:\/\/www.swisssoftware24.ch\/?post_type=product&#038;p=13698"},"modified":"2026-02-22T20:28:05","modified_gmt":"2026-02-22T19:28:05","slug":"windows-11-home-oem","status":"publish","type":"product","link":"https:\/\/swisssoftware24.ch\/it\/products\/windows-11-home-oem\/","title":{"rendered":"Windows 11 Home OEM"},"content":{"rendered":"<p>Windows 11 Home \u00e8 la soluzione conveniente per chi cerca un sistema operativo moderno ed efficiente. Ideale per utenti privati, studenti e home office, Windows 11 Home offre tutto il necessario per la tua vita digitale quotidiana. Si prega di notare che questa \u00e8 una versione OEM che non \u00e8 adatta per l'aggiornamento o l'upgrade da altre versioni o versioni precedenti.<\/p>\n<p>Windows 11 Home offre un'interfaccia intuitiva e facile da usare, progettata specificamente per l'utente moderno. Con funzionalit\u00e0 migliorate come Snap Layouts, puoi organizzare pi\u00f9 finestre contemporaneamente e lavorare in modo pi\u00f9 efficiente. Il nuovo Microsoft Store offre un'ampia selezione di app, giochi e contenuti di intrattenimento, tutti sicuri e facili da installare. Grazie alle funzionalit\u00e0 di sicurezza integrate come Windows Hello e alla protezione completa da malware e virus, sei sempre al sicuro. Il supporto per le app Android amplia le tue possibilit\u00e0 e consente di lavorare e giocare senza interruzioni.<\/p>\n<p>Vivi una nuova era di usabilit\u00e0 e produttivit\u00e0 con Windows 11 Home. Esegui l'upgrade oggi stesso e tuffati nel futuro del computing!<\/p>\n<p><strong>Requisiti di sistema:<\/strong><\/p>\n<ul>\n<li>Processore: 1 GHz o pi\u00f9 veloce, 2 core, 64 bit.<\/li>\n<li>RAM: 4 GB di RAM.<\/li>\n<li>Spazio di archiviazione: 64 GB o pi\u00f9.<\/li>\n<li>Firmware: UEFI, avvio sicuro.<\/li>\n<li>TPM: Versione 2.0.<\/li>\n<li>Scheda grafica: DirectX 12 o superiore, WDDM 2.0.<\/li>\n<li>Schermo: 720p, oltre 9 pollici.<\/li>\n<\/ul>\n<p><strong>Puoi trovare maggiori informazioni su questo prodotto <a href=\"https:\/\/swisssoftware24.ch\/it\/windows-11-home-komplettuebersicht-der-funktionen-und-vorteile\/\">qui<\/a>.<\/strong><\/p>\n<h3>Prenota ora!<\/h3>\n<h3><a href=\"https:\/\/swisssoftware24.ch\/it\/products\/service-extra-plus\/\"><strong>Service Extra Plus per CHF 14.95<\/strong><\/a><\/h3>\n<ul>\n<li><a href=\"https:\/\/swisssoftware24.ch\/it\/products\/service-extra-plus\/\"><strong>Due anni di garanzia extra<\/strong><\/a><\/li>\n<li><a href=\"https:\/\/swisssoftware24.ch\/it\/products\/service-extra-plus\/\"><strong>Supporto accelerato se necessario<\/strong><\/a><\/li>\n<li><a href=\"https:\/\/swisssoftware24.ch\/it\/products\/service-extra-plus\/\"><strong>Assistenza completa all'installazione<\/strong><\/a><\/li>\n<li><a href=\"https:\/\/swisssoftware24.ch\/it\/products\/service-extra-plus\/\"><strong>Un anno di software antivirus GRATUITO<\/strong><\/a><\/li>\n<\/ul>\n<p><a href=\"https:\/\/swisssoftware24.ch\/it\/products\/service-extra-plus\/\"><img loading=\"lazy\" decoding=\"async\" class=\"alignnone size-medium wp-image-34023\" src=\"https:\/\/swisssoftware24.ch\/wp-content\/uploads\/2025\/01\/portret-usmiechnietego-rekodzielnika-z-laptopem-izolowanym-na-bialym_926199-2550963-300x300.jpg\" alt=\"\" width=\"300\" height=\"300\" srcset=\"https:\/\/swisssoftware24.ch\/wp-content\/uploads\/2025\/01\/portret-usmiechnietego-rekodzielnika-z-laptopem-izolowanym-na-bialym_926199-2550963-300x300.jpg 300w, https:\/\/swisssoftware24.ch\/wp-content\/uploads\/2025\/01\/portret-usmiechnietego-rekodzielnika-z-laptopem-izolowanym-na-bialym_926199-2550963-150x150.jpg 150w, https:\/\/swisssoftware24.ch\/wp-content\/uploads\/2025\/01\/portret-usmiechnietego-rekodzielnika-z-laptopem-izolowanym-na-bialym_926199-2550963-12x12.jpg 12w, https:\/\/swisssoftware24.ch\/wp-content\/uploads\/2025\/01\/portret-usmiechnietego-rekodzielnika-z-laptopem-izolowanym-na-bialym_926199-2550963-100x100.jpg 100w, https:\/\/swisssoftware24.ch\/wp-content\/uploads\/2025\/01\/portret-usmiechnietego-rekodzielnika-z-laptopem-izolowanym-na-bialym_926199-2550963-32x32.jpg 32w, https:\/\/swisssoftware24.ch\/wp-content\/uploads\/2025\/01\/portret-usmiechnietego-rekodzielnika-z-laptopem-izolowanym-na-bialym_926199-2550963-64x64.jpg 64w, https:\/\/swisssoftware24.ch\/wp-content\/uploads\/2025\/01\/portret-usmiechnietego-rekodzielnika-z-laptopem-izolowanym-na-bialym_926199-2550963.jpg 352w\" sizes=\"auto, (max-width: 300px) 100vw, 300px\" \/><\/a><\/p>","protected":false},"excerpt":{"rendered":"<p>Windows 11 Home \u00e8 una recente edizione dei sistemi operativi pi\u00f9 popolari di Microsoft - il loro bestseller Windows 10. \u00c8 una scelta eccellente per un uso quotidiano. Grazie alle migliorie, consente di ottimizzare il tempo di lavoro e semplifica notevolmente l'uso quotidiano del computer.<\/p>","protected":false},"featured_media":13699,"template":"","meta":{"_seopress_robots_primary_cat":"none","_seopress_titles_title":"Windows 11 Home OEM | Benutzerfreundlich | SwissSoftware24","_seopress_titles_desc":"Erleben Sie Windows 11 Home OEM: Ein benutzerfreundliches und sicheres Betriebssystem f\u00fcr den t\u00e4glichen Gebrauch. Jetzt bei SwissSoftware24 verf\u00fcgbar.","_seopress_robots_index":""},"product_brand":[],"product_cat":[86,88],"product_tag":[],"class_list":{"0":"post-13698","1":"product","2":"type-product","3":"status-publish","4":"has-post-thumbnail","6":"product_cat-windows-fur-unternehmen","7":"product_cat-windows-11","9":"first","10":"instock","11":"taxable","12":"shipping-taxable","13":"purchasable","14":"product-type-simple"},"_links":{"self":[{"href":"https:\/\/swisssoftware24.ch\/it\/wp-json\/wp\/v2\/product\/13698","targetHints":{"allow":["GET"]}}],"collection":[{"href":"https:\/\/swisssoftware24.ch\/it\/wp-json\/wp\/v2\/product"}],"about":[{"href":"https:\/\/swisssoftware24.ch\/it\/wp-json\/wp\/v2\/types\/product"}],"wp:featuredmedia":[{"embeddable":true,"href":"https:\/\/swisssoftware24.ch\/it\/wp-json\/wp\/v2\/media\/13699"}],"wp:attachment":[{"href":"https:\/\/swisssoftware24.ch\/it\/wp-json\/wp\/v2\/media?parent=13698"}],"wp:term":[{"taxonomy":"product_brand","embeddable":true,"href":"https:\/\/swisssoftware24.ch\/it\/wp-json\/wp\/v2\/product_brand?post=13698"},{"taxonomy":"product_cat","embeddable":true,"href":"https:\/\/swisssoftware24.ch\/it\/wp-json\/wp\/v2\/product_cat?post=13698"},{"taxonomy":"product_tag","embeddable":true,"href":"https:\/\/swisssoftware24.ch\/it\/wp-json\/wp\/v2\/product_tag?post=13698"}],"curies":[{"name":"wp","href":"https:\/\/api.w.org\/{rel}","templated":true}]}}