{"id":13725,"date":"2023-02-27T20:01:37","date_gmt":"2023-02-27T20:01:37","guid":{"rendered":"https:\/\/www.swisssoftware24.ch\/?post_type=product&#038;p=13725"},"modified":"2025-11-30T00:17:24","modified_gmt":"2025-11-29T23:17:24","slug":"windows-10-pro-oem","status":"publish","type":"product","link":"https:\/\/swisssoftware24.ch\/it\/products\/windows-10-pro-oem\/","title":{"rendered":"Windows 10 Pro OEM"},"content":{"rendered":"<p><img loading=\"lazy\" decoding=\"async\" class=\"alignnone wp-image-13727 size-full\" src=\"https:\/\/swisssoftware24.ch\/wp-content\/uploads\/2023\/02\/du-hast.jpg\" alt=\"\" width=\"1200\" height=\"100\" srcset=\"https:\/\/swisssoftware24.ch\/wp-content\/uploads\/2023\/02\/du-hast.jpg 1200w, https:\/\/swisssoftware24.ch\/wp-content\/uploads\/2023\/02\/du-hast-600x50.jpg 600w, https:\/\/swisssoftware24.ch\/wp-content\/uploads\/2023\/02\/du-hast-64x5.jpg 64w, https:\/\/swisssoftware24.ch\/wp-content\/uploads\/2023\/02\/du-hast-300x25.jpg 300w, https:\/\/swisssoftware24.ch\/wp-content\/uploads\/2023\/02\/du-hast-1024x85.jpg 1024w, https:\/\/swisssoftware24.ch\/wp-content\/uploads\/2023\/02\/du-hast-768x64.jpg 768w\" sizes=\"auto, (max-width: 1200px) 100vw, 1200px\" \/><\/p>\n<p data-sourcepos=\"3:1-3:368\">Windows 10 Pro OEM \u00e8 la scelta ideale per coloro che necessitano di prestazioni e sicurezza superiori. Se cerchi qualcosa di pi\u00f9 delle funzionalit\u00e0 di base di un sistema operativo, Windows 10 Pro OEM \u00e8 la soluzione giusta per te. Grazie alle sue funzionalit\u00e0 avanzate e alla sicurezza migliorata, Windows 10 Pro OEM \u00e8 perfetto sia per l'uso professionale che personale.<\/p>\n<p data-sourcepos=\"5:1-5:411\">Windows 10 Pro OEM offre una vasta gamma di potenti strumenti per il tuo lavoro. Con funzionalit\u00e0 come Hyper-V, puoi creare ed eseguire macchine virtuali. Questo \u00e8 ideale per sviluppatori, tester e chiunque abbia bisogno di ambienti di lavoro flessibili. Inoltre, Windows 10 Pro OEM offre funzionalit\u00e0 di rete avanzate che ti consentono di connettere il tuo dispositivo in modo sicuro alle reti aziendali.<\/p>\n<p data-sourcepos=\"7:1-7:311\">La sicurezza \u00e8 la nostra massima priorit\u00e0. Windows 10 Pro OEM offre funzionalit\u00e0 di sicurezza complete, come BitLocker, per crittografare i tuoi dati e proteggerli da accessi non autorizzati. Inoltre, con Windows 10 Pro, puoi gestire centralmente i tuoi dispositivi, ottimizzando cos\u00ec la tua infrastruttura IT.<\/p>\n<p data-sourcepos=\"9:1-9:237\">Modernizza il tuo ambiente di lavoro con Windows 10 Pro e aumenta la tua produttivit\u00e0. Scopri i vantaggi di un sistema operativo potente e sicuro che pu\u00f2 essere personalizzato in base alle tue esigenze individuali.<\/p>\n<p data-sourcepos=\"9:1-9:237\"><strong>Puoi trovare maggiori informazioni su questo prodotto <a href=\"https:\/\/swisssoftware24.ch\/en\/windows-10-pro-alles-was-sie-wissen-muessen\/\">qui<\/a>.<\/strong><\/p>\n<p><a href=\"https:\/\/www.microsoft.com\/en-us\/Useterms\/Retail\/Windows\/10\/Useterms_Retail_Windows_10_GermanGermany.htm\"><img loading=\"lazy\" decoding=\"async\" class=\"alignnone size-full wp-image-13691\" src=\"https:\/\/swisssoftware24.ch\/wp-content\/uploads\/2023\/02\/license_term-1.jpg\" alt=\"\" width=\"227\" height=\"40\" srcset=\"https:\/\/swisssoftware24.ch\/wp-content\/uploads\/2023\/02\/license_term-1.jpg 227w, https:\/\/swisssoftware24.ch\/wp-content\/uploads\/2023\/02\/license_term-1-64x11.jpg 64w\" sizes=\"auto, (max-width: 227px) 100vw, 227px\" \/><\/a><\/p>\n<h3><strong>Windows 10 Pro OEM \u2013 requisiti di sistema<\/strong><\/h3>\n<ul>\n<li><strong>Processore<\/strong>\u00a0Da 1 GHz<\/li>\n<li><strong>Memoria di lavoro<\/strong>\u00a01 GB per 32 bit o 2 GB per 64 bit<\/li>\n<li><strong>Spazio su disco<\/strong>\u00a016 GB per la versione a 32 bit o 20 GB per la versione a 64 bit<\/li>\n<li><strong>Scheda grafica<\/strong>\u00a0DirectX 9 o superiore con driver WDDM 1.0<\/li>\n<\/ul>","protected":false},"excerpt":{"rendered":"<p><span style=\"font-weight: 400\">Windows 10 Pro di Microsoft \u00e8 uno dei sistemi operativi pi\u00f9 frequentemente scelti nelle aziende. Grazie alle loro innovazioni, ti permette di ottimizzare il lavoro e risparmiare molto tempo prezioso.<\/span><\/p>","protected":false},"featured_media":25411,"template":"","meta":{"_seopress_robots_primary_cat":"none","_seopress_titles_title":"Windows 10 Pro OEM | Produktivit\u00e4t | SwissSoftware24","_seopress_titles_desc":"Erleben Sie Windows 10 Pro OEM: Verbesserte Sicherheit, erweiterte Funktionen und benutzerfreundliche Oberfl\u00e4che. Jetzt bei SwissSoftware24.","_seopress_robots_index":""},"product_brand":[],"product_cat":[86,87],"product_tag":[],"class_list":{"0":"post-13725","1":"product","2":"type-product","3":"status-publish","4":"has-post-thumbnail","6":"product_cat-windows-fur-unternehmen","7":"product_cat-windows-10","9":"first","10":"onbackorder","11":"sale","12":"taxable","13":"shipping-taxable","14":"purchasable","15":"product-type-simple"},"_links":{"self":[{"href":"https:\/\/swisssoftware24.ch\/it\/wp-json\/wp\/v2\/product\/13725","targetHints":{"allow":["GET"]}}],"collection":[{"href":"https:\/\/swisssoftware24.ch\/it\/wp-json\/wp\/v2\/product"}],"about":[{"href":"https:\/\/swisssoftware24.ch\/it\/wp-json\/wp\/v2\/types\/product"}],"wp:featuredmedia":[{"embeddable":true,"href":"https:\/\/swisssoftware24.ch\/it\/wp-json\/wp\/v2\/media\/25411"}],"wp:attachment":[{"href":"https:\/\/swisssoftware24.ch\/it\/wp-json\/wp\/v2\/media?parent=13725"}],"wp:term":[{"taxonomy":"product_brand","embeddable":true,"href":"https:\/\/swisssoftware24.ch\/it\/wp-json\/wp\/v2\/product_brand?post=13725"},{"taxonomy":"product_cat","embeddable":true,"href":"https:\/\/swisssoftware24.ch\/it\/wp-json\/wp\/v2\/product_cat?post=13725"},{"taxonomy":"product_tag","embeddable":true,"href":"https:\/\/swisssoftware24.ch\/it\/wp-json\/wp\/v2\/product_tag?post=13725"}],"curies":[{"name":"wp","href":"https:\/\/api.w.org\/{rel}","templated":true}]}}