{"id":13733,"date":"2023-02-27T20:10:01","date_gmt":"2023-02-27T20:10:01","guid":{"rendered":"https:\/\/www.swisssoftware24.ch\/?post_type=product&#038;p=13733"},"modified":"2026-02-08T15:54:43","modified_gmt":"2026-02-08T14:54:43","slug":"windows-10-home-oem","status":"publish","type":"product","link":"https:\/\/swisssoftware24.ch\/it\/products\/windows-10-home-oem\/","title":{"rendered":"Windows 10 Home OEM"},"content":{"rendered":"<p data-sourcepos=\"3:1-3:337\">Windows 10 Home OEM \u00e8 perfetto per tutti coloro che cercano un computer semplice e sicuro per l'uso domestico. Che tu navighi su Internet, lavori o semplicemente ti rilassi, Windows 10 Home OEM lo rende possibile. Con un design moderno e molte funzionalit\u00e0 utili, Windows 10 Home OEM \u00e8 il tuo partner affidabile nella tua vita digitale.<\/p>\n<p data-sourcepos=\"5:1-5:452\">Windows 10 Home OEM \u00e8 la soluzione ideale per chiunque cerchi un computer affidabile e facile da usare per l'uso quotidiano. Che tu navighi sul web, lavori, giochi o sia creativo, Windows 10 Home OEM ti fornisce gli strumenti di cui hai bisogno. Con il suo design moderno, le funzionalit\u00e0 di sicurezza integrate e numerose app per la produttivit\u00e0 e l'intrattenimento, Windows 10 Home OEM \u00e8 il tuo compagno perfetto a casa.<\/p>\n<p data-sourcepos=\"7:1-7:383\">Windows 10 Home OEM offre tutto ci\u00f2 di cui hai bisogno per un'esperienza informatica produttiva e piacevole. Grazie al suo design moderno e all'utilizzo intuitivo, puoi concentrarti completamente sui tuoi compiti. Grazie alle sue funzioni di sicurezza integrate, il tuo dispositivo \u00e8 ben protetto. E con il Microsoft Store, hai accesso a una vasta selezione di app e giochi.<\/p>\n<p data-sourcepos=\"9:1-9:210\">Aggiorna il tuo dispositivo con Windows 10 Home OEM e goditi un sistema operativo fluido, una maggiore produttivit\u00e0 e un ambiente di lavoro sicuro. Scopri tutto il potenziale del tuo computer con Windows 10 Home OEM.<\/p>\n<p data-sourcepos=\"9:1-9:210\"><strong>Puoi trovare maggiori informazioni su questo prodotto\u00a0<a href=\"https:\/\/swisssoftware24.ch\/it\/windows-10-home-ihr-partner-in-der-digitalen-welt\/\">qui<\/a>.<\/strong><\/p>\n<p><a href=\"https:\/\/www.microsoft.com\/en-us\/Useterms\/Retail\/Windows\/10\/Useterms_Retail_Windows_10_GermanGermany.htm\"><img loading=\"lazy\" decoding=\"async\" class=\"alignnone size-full wp-image-13691\" src=\"https:\/\/swisssoftware24.ch\/wp-content\/uploads\/2023\/02\/license_term-1.jpg\" alt=\"\" width=\"227\" height=\"40\" srcset=\"https:\/\/swisssoftware24.ch\/wp-content\/uploads\/2023\/02\/license_term-1.jpg 227w, https:\/\/swisssoftware24.ch\/wp-content\/uploads\/2023\/02\/license_term-1-64x11.jpg 64w\" sizes=\"auto, (max-width: 227px) 100vw, 227px\" \/><\/a><\/p>\n<h3>Windows 10 Home OEM \u2013 requisiti di sistema<\/h3>\n<ul>\n<li><strong>Processore<\/strong>\u00a0Da 1 GHz<\/li>\n<li><strong>Memoria di lavoro<\/strong>\u00a01 GB per 32 bit o 2 GB per 64 bit<\/li>\n<li><strong>Spazio su disco<\/strong>\u00a016 GB per la versione a 32 bit o 20 GB per la versione a 64 bit<\/li>\n<li><strong>Scheda grafica<\/strong>\u00a0DirectX 9 o superiore con driver WDDM 1.0<\/li>\n<\/ul>","protected":false},"excerpt":{"rendered":"<p><span style=\"font-weight: 400\">Windows 10 Home OEM \u00e8 un prodotto del pi\u00f9 popolare produttore di sistemi operativi, Microsoft. \u00c8 una grande scelta per un uso quotidiano, che consente di ottimizzare il lavoro e risparmiare molto tempo. Cosa otterrai scegliendo questo bestseller?<\/span><\/p>\n<p>Link per il download + chiave del prodotto (ESD)<\/p>","protected":false},"featured_media":25408,"template":"","meta":{"_seopress_robots_primary_cat":"none","_seopress_titles_title":"Windows 10 Home OEM | Betriebssystem | SwissSoftware24\"","_seopress_titles_desc":"Windows 10 Home OEM bietet eine benutzerfreundliche Oberfl\u00e4che, schnelle Performance und innovative Funktionen f\u00fcr ein nahtloses PC-Erlebnis.","_seopress_robots_index":""},"product_brand":[],"product_cat":[86,87],"product_tag":[],"class_list":{"0":"post-13733","1":"product","2":"type-product","3":"status-publish","4":"has-post-thumbnail","6":"product_cat-windows-fur-unternehmen","7":"product_cat-windows-10","9":"first","10":"instock","11":"sale","12":"taxable","13":"shipping-taxable","14":"purchasable","15":"product-type-simple"},"_links":{"self":[{"href":"https:\/\/swisssoftware24.ch\/it\/wp-json\/wp\/v2\/product\/13733","targetHints":{"allow":["GET"]}}],"collection":[{"href":"https:\/\/swisssoftware24.ch\/it\/wp-json\/wp\/v2\/product"}],"about":[{"href":"https:\/\/swisssoftware24.ch\/it\/wp-json\/wp\/v2\/types\/product"}],"wp:featuredmedia":[{"embeddable":true,"href":"https:\/\/swisssoftware24.ch\/it\/wp-json\/wp\/v2\/media\/25408"}],"wp:attachment":[{"href":"https:\/\/swisssoftware24.ch\/it\/wp-json\/wp\/v2\/media?parent=13733"}],"wp:term":[{"taxonomy":"product_brand","embeddable":true,"href":"https:\/\/swisssoftware24.ch\/it\/wp-json\/wp\/v2\/product_brand?post=13733"},{"taxonomy":"product_cat","embeddable":true,"href":"https:\/\/swisssoftware24.ch\/it\/wp-json\/wp\/v2\/product_cat?post=13733"},{"taxonomy":"product_tag","embeddable":true,"href":"https:\/\/swisssoftware24.ch\/it\/wp-json\/wp\/v2\/product_tag?post=13733"}],"curies":[{"name":"wp","href":"https:\/\/api.w.org\/{rel}","templated":true}]}}