{"id":13759,"date":"2023-02-27T21:04:39","date_gmt":"2023-02-27T21:04:39","guid":{"rendered":"https:\/\/www.swisssoftware24.ch\/?post_type=product&#038;p=13759"},"modified":"2026-04-12T17:03:45","modified_gmt":"2026-04-12T15:03:45","slug":"microsoft-365-business-standard","status":"publish","type":"product","link":"https:\/\/swisssoftware24.ch\/it\/products\/microsoft-365-business-standard\/","title":{"rendered":"Microsoft 365 Business Standard"},"content":{"rendered":"<p><img loading=\"lazy\" decoding=\"async\" src=\"https:\/\/swisssoftware24.ch\/wp-content\/uploads\/2023\/02\/auf_the_nutzer.jpg\" alt=\"\" width=\"1200\" height=\"100\" \/><\/p>\n<h1>Microsoft 365 Business Standard &#8211; wichtigste Funktionen<\/h1>\n<ul>\n<li style=\"font-weight: 400;\"><span style=\"font-weight: 400;\">Scegliere questo pacchetto comporter\u00e0 che i programmi che utilizzerai saranno sempre nelle versioni pi\u00f9 recenti e sicure, grazie agli aggiornamenti attuali forniti da Microsoft.<\/span><\/li>\n<li style=\"font-weight: 400;\"><span style=\"font-weight: 400;\">Avrai accesso ai tuoi file situati nel tuo account utente da qualsiasi luogo. Inoltre, ogni utente con licenza pu\u00f2 installare l'applicazione mobile di Office su fino a 5 telefoni, 5 computer e 5 tablet.<\/span><\/li>\n<li style=\"font-weight: 400;\"><span style=\"font-weight: 400;\">Fino a 1 TB di spazio gratuito disponibile per ciascun utente su OneDrive. I file archiviati nel cloud sono ulteriormente protetti, ad esempio, da una funzione di rilevamento ransomware o dalla possibilit\u00e0 di recuperare i dati fino a 30 giorni prima.<\/span><\/li>\n<li style=\"font-weight: 400;\"><span style=\"font-weight: 400;\">50 GB di hosting per la posta elettronica e la possibilit\u00e0 di utilizzare un dominio email personalizzato.<\/span><\/li>\n<li style=\"font-weight: 400;\"><span style=\"font-weight: 400;\">Il centro di gestione digitale all'interno dell'applicazione Microsoft Teams ti aiuter\u00e0 a migliorare la comunicazione tra i colleghi, ottimizzare il lavoro o trasferire compiti e linee guida in modo pi\u00f9 semplice, ad esempio, grazie all'opzione di condivisione dello schermo.<\/span><\/li>\n<li style=\"font-weight: 400;\"><span style=\"font-weight: 400;\">Supporto tecnico telefonico e online 24\/7 da parte degli specialisti di Microsoft.<\/span><\/li>\n<\/ul>\n<h2>Microsoft 365 Business Standard &#8211; ausf\u00fchrliche Produktbeschreibung<\/h2>\n<p><span style=\"font-weight: 400;\">Office 365 per le aziende \u00e8 un pacchetto di strumenti per l'ufficio che include programmi come: Word, Excel, PowerPoint, Outlook, OneNote, Access e Publisher. Tutti questi software verranno aggiornati regolarmente, quindi ogni nuova funzionalit\u00e0 che viene aggiunta a uno qualsiasi di essi sar\u00e0 disponibile anche per te. La combinazione di cos\u00ec tante possibilit\u00e0 fornite dai programmi sopra menzionati ti permetter\u00e0 di creare presentazioni professionali e ottimizzare il lavoro su progetti o aumentare l'efficienza delle tue attivit\u00e0.<\/span><\/p>\n<p><span style=\"font-weight: 400;\">La sicurezza dei dati \u00e8 particolarmente importante nelle aziende, motivo per cui Microsoft ha preparato un sistema di sicurezza speciale e l'accesso a 6 TB di spazio di archiviazione su OneDrive, dove \u00e8 possibile conservare documenti. Inoltre, il cloud dispone di funzionalit\u00e0 di rilevamento del ransomware, offrendo una protezione contro gli attacchi informatici ai dati aziendali. Include anche una cartella speciale chiamata Personal Vault, che offre un ulteriore livello di sicurezza: una verifica dell'identit\u00e0 a due fattori per proteggere l'accesso ai dati aziendali.<\/span><\/p>\n<p><span style=\"font-weight: 400;\">Ogni azienda ha bisogno di una buona organizzazione del tempo, ed \u00e8 per questo che Microsoft 365 Business Standard offre una gestione semplificata del calendario. \u00c8 possibile condividerlo e pianificare facilmente riunioni con i colleghi o monitorare le scadenze per il completamento di compiti e progetti. Inoltre, Outlook, un programma di posta elettronica sicuro con 50 GB di dati per utente, migliora la comunicazione. La sicurezza avanzata per gli utenti di posta elettronica Microsoft consente di gestire rapidamente gli allegati potenzialmente pericolosi e di crittografare i file.<\/span><\/p>\n<p><span style=\"font-weight: 400;\">Outlook ti consente anche di personalizzare gli indirizzi email impostando nomi di dominio personalizzati. Ha molte altre funzioni utili in azienda, come la rapida suddivisione dei contenuti ricevuti, l'invio di messaggi tramite risposte automatiche suggerite o, naturalmente, l'accesso alle email su dispositivi mobili, tablet e computer. Il progresso nel lavoro non verr\u00e0 interrotto nemmeno senza Internet, poich\u00e9 tutto pu\u00f2 essere fatto sia online che offline.<\/span><\/p>\n<p><span style=\"font-weight: 400;\">\u00c8 importante notare che avere qualsiasi cosa non ti impedisce di lavorare, poich\u00e9 puoi comunque lavorare in tutti i programmi inclusi in Office 365 per le aziende offline. Tutte le azioni eseguite saranno sincronizzate quando ti connetterai a Internet. Le soluzioni basate su cloud ti consentono anche di condividere file, poich\u00e9 diverse persone possono lavorare sullo stesso documento contemporaneamente. Inoltre, Microsoft ha progettato funzionalit\u00e0 come la cronologia, il tracciamento e la proposta di modifiche nel documento. Chiunque modifica un documento vedr\u00e0 quali azioni sono state eseguite su di esso, anche se si unisce in seguito. Grazie a questo, nessun progresso andr\u00e0 perso.<\/span><\/p>\n<p><span style=\"font-weight: 400;\">Per facilitare la comunicazione, il pacchetto include anche Teams, che ti consente di contattare istantaneamente i tuoi colleghi. Ci sono 3 opzioni, cio\u00e8 tramite chat, video o chiamata audio. Un vantaggio aggiuntivo della variante video \u00e8 la condivisione dello schermo, che rende molto pi\u00f9 semplice discutere o spiegare compiti a qualcuno. Il pacchetto Microsoft 365 per le aziende ti consente anche di organizzare webinar con registrazione degli utenti, conferme via email e report.<\/span><\/p>\n<p><img loading=\"lazy\" decoding=\"async\" class=\"alignnone wp-image-13761 size-full\" src=\"https:\/\/swisssoftware24.ch\/wp-content\/uploads\/2023\/02\/auf-mehreren-geraeten.jpeg\" alt=\"\" width=\"1200\" height=\"100\" srcset=\"https:\/\/swisssoftware24.ch\/wp-content\/uploads\/2023\/02\/auf-mehreren-geraeten.jpeg 1200w, https:\/\/swisssoftware24.ch\/wp-content\/uploads\/2023\/02\/auf-mehreren-geraeten-600x50.jpeg 600w, https:\/\/swisssoftware24.ch\/wp-content\/uploads\/2023\/02\/auf-mehreren-geraeten-64x5.jpeg 64w, https:\/\/swisssoftware24.ch\/wp-content\/uploads\/2023\/02\/auf-mehreren-geraeten-300x25.jpeg 300w, https:\/\/swisssoftware24.ch\/wp-content\/uploads\/2023\/02\/auf-mehreren-geraeten-1024x85.jpeg 1024w, https:\/\/swisssoftware24.ch\/wp-content\/uploads\/2023\/02\/auf-mehreren-geraeten-768x64.jpeg 768w\" sizes=\"auto, (max-width: 1200px) 100vw, 1200px\" \/><\/p>\n<p><a href=\"https:\/\/www.microsoft.com\/en-us\/UseTerms\/Retail\/Microsoft365\/Microsoft365Apps\/UseTerms_Retail_Microsoft365_Microsoft365Apps_German.htm\"><img loading=\"lazy\" decoding=\"async\" class=\"alignnone size-full wp-image-13691\" src=\"https:\/\/swisssoftware24.ch\/wp-content\/uploads\/2023\/02\/license_term-1.jpg\" alt=\"\" width=\"227\" height=\"40\" srcset=\"https:\/\/swisssoftware24.ch\/wp-content\/uploads\/2023\/02\/license_term-1.jpg 227w, https:\/\/swisssoftware24.ch\/wp-content\/uploads\/2023\/02\/license_term-1-64x11.jpg 64w\" sizes=\"auto, (max-width: 227px) 100vw, 227px\" \/><\/a><\/p>\n<h3>Microsoft 365 Business Standard &#8211; anforderungen<\/h3>\n<ul>\n<li><strong>Processore\u00a0<\/strong>PC: 1 GHz o pi\u00f9 veloce, processore x86 bit o x64 bit con SSE2<br \/>\nMac: processore Intel<br \/>\nAndroid: Android KitKat 4.4 o superiore e processore basato su ARM o Intel x86<br \/>\nSistema operativo: N\/D<\/li>\n<li><strong>Sistema operativo<\/strong>PC: Windows 7 Service Pack 1, Windows 8.1, Windows 10 e 11, Windows 10 Server, Windows Server 2012 R2, Windows Server 2008 R2 o Windows Server 2012<br \/>\nOSX: macOS<br \/>\nAndroid: versione del sistema operativo: KitKat (4.4.X) o successiva<br \/>\niOS: Office per iPad\u00ae e iPhone\u00ae richiede iOS 10.0 o versioni successive. Office per iPad Pro\u2122 richiede iOS 10.0 o versioni successive.<\/li>\n<li><strong>Memoria di lavoro<\/strong>PC: 1 GB di RAM (32 bit); 2 GB di RAM (64 bit)<br \/>\nSistema operativo: 4 GB di RAM<br \/>\nAndroide: 1GB<br \/>\niOS: non disponibile<\/li>\n<li><strong>Spazio su disco\u00a0<\/strong>PC: 3 GB di spazio di archiviazione disponibile<br \/>\nOSX: 6GB - Formato disco rigido HFS+<br \/>\nAndroid: N\/A<br \/>\niOS: non disponibile<\/li>\n<li><strong>Schermo\u00a0<\/strong>PC: Risoluzione di 1024 x 768 pixel<br \/>\nOSX: Risoluzione di 1280 x 800 pixel<br \/>\nAndroid: N\/A<br \/>\niOS: non disponibile<\/li>\n<\/ul>","protected":false},"excerpt":{"rendered":"<p><span style=\"font-weight: 400;\">Questo programma non \u00e8 nient'altro che il pacchetto Microsoft 365 perfetto per le aziende. Cosa guadagnerai scegliendolo per la tua? Un comfort di lavoro unico, maggiore efficienza e accesso a soluzioni moderne e intuitive.<\/span><\/p>\n<p>Link per il download + chiave del prodotto (ESD)<\/p>\n<p><strong>Spedizione: In 5 minuti via email<\/strong><\/p>\n<p><strong>Licenza: 1 anno per 1 utente<\/strong><\/p>\n<p><strong>Versione linguistica: Tutte le lingue <\/strong><\/p>","protected":false},"featured_media":13760,"template":"","meta":{"_seopress_robots_primary_cat":"none","_seopress_titles_title":"Microsoft 365 Business Standard | SwissSoftware24","_seopress_titles_desc":"Nutzen Sie Microsoft 365 Business Standard f\u00fcr leistungsstarke E-Mail-, Office- und Kollaborationsl\u00f6sungen. Ideal f\u00fcr kleine und mittlere Unternehmen.","_seopress_robots_index":""},"product_brand":[],"product_cat":[15],"product_tag":[],"class_list":{"0":"post-13759","1":"product","2":"type-product","3":"status-publish","4":"has-post-thumbnail","6":"product_cat-uncategorised","8":"first","9":"instock","10":"sale","11":"taxable","12":"shipping-taxable","13":"purchasable","14":"product-type-simple"},"_links":{"self":[{"href":"https:\/\/swisssoftware24.ch\/it\/wp-json\/wp\/v2\/product\/13759","targetHints":{"allow":["GET"]}}],"collection":[{"href":"https:\/\/swisssoftware24.ch\/it\/wp-json\/wp\/v2\/product"}],"about":[{"href":"https:\/\/swisssoftware24.ch\/it\/wp-json\/wp\/v2\/types\/product"}],"wp:featuredmedia":[{"embeddable":true,"href":"https:\/\/swisssoftware24.ch\/it\/wp-json\/wp\/v2\/media\/13760"}],"wp:attachment":[{"href":"https:\/\/swisssoftware24.ch\/it\/wp-json\/wp\/v2\/media?parent=13759"}],"wp:term":[{"taxonomy":"product_brand","embeddable":true,"href":"https:\/\/swisssoftware24.ch\/it\/wp-json\/wp\/v2\/product_brand?post=13759"},{"taxonomy":"product_cat","embeddable":true,"href":"https:\/\/swisssoftware24.ch\/it\/wp-json\/wp\/v2\/product_cat?post=13759"},{"taxonomy":"product_tag","embeddable":true,"href":"https:\/\/swisssoftware24.ch\/it\/wp-json\/wp\/v2\/product_tag?post=13759"}],"curies":[{"name":"wp","href":"https:\/\/api.w.org\/{rel}","templated":true}]}}